{"id":16812,"date":"2025-09-16T14:09:08","date_gmt":"2025-09-16T12:09:08","guid":{"rendered":"https:\/\/boreait.com\/de\/?post_type=product&#038;p=16812"},"modified":"2025-09-16T14:13:00","modified_gmt":"2025-09-16T12:13:00","slug":"hp-6531s-6731s-6530s-laptop-tastaturtasten-ph-pn-701485-ba1-originalteile","status":"publish","type":"product","link":"https:\/\/boreait.com\/de\/produkt\/hp-6531s-6731s-6530s-laptop-tastaturtasten-ph-pn-701485-ba1-originalteile\/","title":{"rendered":"HP 6531S 6731S 6530S Laptop-Tastaturtasten PH PN 701485-BA1 \u2013 Originalteile"},"content":{"rendered":"<p data-start=\"603\" data-end=\"673\"><strong>Senden Sie uns nach Ihrem Kauf eine Nachricht und teilen Sie uns mit, welche(n) Schl\u00fcssel(n) Sie w\u00fcnschen. Alle verf\u00fcgbaren Schl\u00fcssel finden Sie auf dem Foto in der Auflistung!<\/strong><\/p>\n<p data-start=\"603\" data-end=\"673\"><strong data-start=\"606\" data-end=\"671\">HP 6531S \/ 6731S \/ 6530S Tastaturtasten \u2013 Original-Laptop-Teile<\/strong><\/p>\n<p data-start=\"675\" data-end=\"871\">Tastaturtasten verloren oder besch\u00e4digt? Dieses <strong data-start=\"711\" data-end=\"738\">Ersatztastenset<\/strong> passt genau zu Ihren <strong data-start=\"766\" data-end=\"810\">HP 6531S, 6731S und 6530S Laptop-Modellen<\/strong> und sorgt f\u00fcr eine nahtlose Passform und ein reaktionsschnelles Tipperlebnis.<\/p>\n<h3 data-start=\"873\" data-end=\"898\"><strong data-start=\"877\" data-end=\"896\">\u2705 Hauptmerkmale:<\/strong><\/h3>\n<p data-start=\"899\" data-end=\"1274\">\u2714 <strong data-start=\"901\" data-end=\"929\">Original HP Tastaturtasten<\/strong> \u2013 Perfekter Ersatz f\u00fcr verlorene oder defekte Tasten<br data-start=\"975\" data-end=\"978\" \/>\u2714 <strong data-start=\"980\" data-end=\"1009\">Kompatibel mit HP-Modellen<\/strong> \u2013 6531S, 6731S, 6530S (siehe PH PN 701485-BA1)<br data-start=\"1056\" data-end=\"1059\" \/>\u2714 <strong data-start=\"1061\" data-end=\"1082\">Gleiche Form & Haptik<\/strong> \u2013 Sorgt f\u00fcr ein gleichm\u00e4\u00dfiges Tippgef\u00fchl<br data-start=\"1123\" data-end=\"1126\" \/>\u2714 <strong data-start=\"1128\" data-end=\"1147\">Einfache Installation<\/strong> \u2013 Einfach einrasten (Scharniere nicht im Lieferumfang enthalten)<br data-start=\"1197\" data-end=\"1200\" \/>\u2714 <strong data-start=\"1202\" data-end=\"1226\">Echte Fotos bereitgestellt<\/strong> \u2013 Was Sie sehen, ist genau das, was Sie erhalten<\/p>\n<h3 data-start=\"1276\" data-end=\"1303\"><strong data-start=\"1280\" data-end=\"1301\">\ud83d\udee0 Kompatibilit\u00e4t:<\/strong><\/h3>\n<ul data-start=\"1304\" data-end=\"1451\">\n<li data-start=\"1304\" data-end=\"1365\">Kompatibel mit Laptops der Serien <strong data-start=\"1322\" data-end=\"1363\">HP 6531S, 6731S, 6530S<\/strong><\/li>\n<li data-start=\"1366\" data-end=\"1451\">Teilenummer: <strong data-start=\"1381\" data-end=\"1395\">701485-BA1<\/strong> (Bitte vor dem Kauf mit Ihrer vorhandenen Tastatur abgleichen)<\/li>\n<\/ul>\n<p data-start=\"1453\" data-end=\"1540\">\ud83d\udcf8 <strong data-start=\"1456\" data-end=\"1472\">Echte Fotos:<\/strong> Die Bilder in dieser Auflistung zeigen die tats\u00e4chlichen Tasten, die Sie erhalten!<\/p>\n<p data-start=\"1542\" data-end=\"1657\">\u2753 <strong data-start=\"1544\" data-end=\"1558\">Ben\u00f6tigen Sie Hilfe?<\/strong> Wir stellen keine Installationsanleitungen zur Verf\u00fcgung, aber Sie k\u00f6nnen uns gerne eine <strong data-start=\"1621\" data-end=\"1635\">Nachricht<\/strong> senden, wenn Sie Hilfe ben\u00f6tigen.<\/p>\n<p data-start=\"1659\" data-end=\"1741\">\ud83d\udce6 <strong data-start=\"1662\" data-end=\"1690\">Schneller weltweiter Versand!<\/strong> Lassen Sie Ihre Laptoptastatur wieder wie neu aussehen.<\/p>\n","protected":false},"excerpt":{"rendered":"<p>Ben\u00f6tigen Sie Ersatztasten f\u00fcr Ihren <strong data-start=\"364\" data-end=\"399\">HP 6531S \/ 6731S \/ 6530S Laptop<\/strong>? Diese <strong data-start=\"407\" data-end=\"451\">Original-Tastaturtasten (PH PN 701485-BA1)<\/strong> passen perfekt. <strong data-start=\"473\" data-end=\"520\">Echte Fotos \u2013 was Sie sehen, ist das, was Sie bekommen!<\/strong><\/p>\n","protected":false},"featured_media":16889,"template":"","meta":[],"product_brand":[],"product_cat":[60],"product_tag":[61],"class_list":{"0":"post-16812","1":"product","2":"type-product","3":"status-publish","4":"has-post-thumbnail","6":"product_cat-individual-keyboard-keys","7":"product_tag-hp","9":"first","10":"instock","11":"taxable","12":"shipping-taxable","13":"purchasable","14":"product-type-simple"},"_links":{"self":[{"href":"https:\/\/boreait.com\/de\/wp-json\/wp\/v2\/product\/16812","targetHints":{"allow":["GET"]}}],"collection":[{"href":"https:\/\/boreait.com\/de\/wp-json\/wp\/v2\/product"}],"about":[{"href":"https:\/\/boreait.com\/de\/wp-json\/wp\/v2\/types\/product"}],"wp:featuredmedia":[{"embeddable":true,"href":"https:\/\/boreait.com\/de\/wp-json\/wp\/v2\/media\/16889"}],"wp:attachment":[{"href":"https:\/\/boreait.com\/de\/wp-json\/wp\/v2\/media?parent=16812"}],"wp:term":[{"taxonomy":"product_brand","embeddable":true,"href":"https:\/\/boreait.com\/de\/wp-json\/wp\/v2\/product_brand?post=16812"},{"taxonomy":"product_cat","embeddable":true,"href":"https:\/\/boreait.com\/de\/wp-json\/wp\/v2\/product_cat?post=16812"},{"taxonomy":"product_tag","embeddable":true,"href":"https:\/\/boreait.com\/de\/wp-json\/wp\/v2\/product_tag?post=16812"}],"curies":[{"name":"wp","href":"https:\/\/api.w.org\/{rel}","templated":true}]}}