{"id":16811,"date":"2025-09-16T14:09:07","date_gmt":"2025-09-16T12:09:07","guid":{"rendered":"https:\/\/boreait.com\/de\/?post_type=product&#038;p=16811"},"modified":"2025-10-17T08:51:34","modified_gmt":"2025-10-17T06:51:34","slug":"lenovo-thinkpad-t470s-tastatur-fru-01en707-original-laptop-ersatzteil","status":"publish","type":"product","link":"https:\/\/boreait.com\/de\/produkt\/lenovo-thinkpad-t470s-tastatur-fru-01en707-original-laptop-ersatzteil\/","title":{"rendered":"Lenovo ThinkPad T470S Tastatur FRU 01EN707 \u2013 Original-Laptop-Ersatzteil"},"content":{"rendered":"<p data-start=\"611\" data-end=\"860\"><strong>Senden Sie uns nach Ihrem Kauf eine Nachricht und teilen Sie uns mit, welche(n) Schl\u00fcssel(n) Sie w\u00fcnschen. Alle verf\u00fcgbaren Schl\u00fcssel finden Sie auf dem Foto in der Auflistung!<\/strong><\/p>\n<p data-start=\"611\" data-end=\"860\">R\u00fcsten Sie Ihr <strong data-start=\"624\" data-end=\"642\">ThinkPad T470S<\/strong> mit dieser <strong data-start=\"653\" data-end=\"694\">Original Lenovo-Tastatur (FRU 01EN707)<\/strong> auf. Egal, ob Sie <strong data-start=\"724\" data-end=\"780\">fehlende Tasten, abgenutzte Buchstaben oder eine defekte Tastatur<\/strong> haben, dieser <strong data-start=\"787\" data-end=\"806\">OEM-Ersatz<\/strong> sorgt f\u00fcr perfekte Passform und reibungsloses Tippen.<\/p>\n<p data-start=\"862\" data-end=\"1293\">\ud83d\udd39 <strong data-start=\"865\" data-end=\"882\">Hauptmerkmale:<\/strong><br data-start=\"882\" data-end=\"885\" \/>\u2714 <strong data-start=\"887\" data-end=\"917\">Original Lenovo FRU 01EN707<\/strong> \u2013 Speziell f\u00fcr das ThinkPad T470S entwickelt<br data-start=\"964\" data-end=\"967\" \/>\u2714 <strong data-start=\"969\" data-end=\"997\">Einzelne Tasten Im Lieferumfang enthalten<\/strong> \u2013 Ersetzen Sie einzelne Tasten oder die komplette Tastatur.<br data-start=\"1042\" data-end=\"1045\" \/>\u2714 <strong data-start=\"1047\" data-end=\"1079\">Hochwertige Laptop-Tastatur<\/strong> \u2013 Gew\u00e4hrleistet Langlebigkeit und schnelles Tastendr\u00fccken.<br data-start=\"1127\" data-end=\"1130\" \/>\u2714 <strong data-start=\"1132\" data-end=\"1156\">Original-Passform ab Werk<\/strong> \u2013 Passt sich dem Design Ihres Laptops an, ohne dass \u00c4nderungen erforderlich sind.<br data-start=\"1218\" data-end=\"1221\" \/>\u2714 <strong data-start=\"1223\" data-end=\"1244\">Einfache Installation<\/strong> \u2013 Standardanschluss f\u00fcr nahtlosen Austausch.<\/p>\n<p data-start=\"1295\" data-end=\"1318\">\ud83d\udca1 <strong data-start=\"1298\" data-end=\"1316\">Kompatibilit\u00e4t:<\/strong><\/p>\n<ul data-start=\"1319\" data-end=\"1507\">\n<li data-start=\"1319\" data-end=\"1405\">Entwickelt f\u00fcr <strong data-start=\"1334\" data-end=\"1359\">Lenovo ThinkPad T470S<\/strong> (\u00dcberpr\u00fcfen Sie vor dem Kauf Ihr Laptop-Modell)<\/li>\n<li data-start=\"1406\" data-end=\"1507\">Standard-<strong data-start=\"1417\" data-end=\"1443\">Flachbandkabelanschluss<\/strong> \u2013 Gew\u00e4hrleistet die Kompatibilit\u00e4t mit der vorhandenen Schnittstelle Ihres Laptops<\/li>\n<\/ul>\n<p data-start=\"1509\" data-end=\"1610\">\ud83d\udcf8 <strong data-start=\"1512\" data-end=\"1528\">Echte Fotos:<\/strong> Die Bilder in diesem Angebot sind des genauen Artikels, den Sie erhalten \u2013 keine \u00dcberraschungen!<\/p>\n<p data-start=\"1612\" data-end=\"1760\">\u2753 <strong data-start=\"1614\" data-end=\"1628\">Ben\u00f6tigen Sie Hilfe?<\/strong> Wir stellen keine Installationsanleitungen zur Verf\u00fcgung, aber Sie k\u00f6nnen uns gerne <strong data-start=\"1690\" data-end=\"1704\">schreiben<\/strong>, wenn Sie vor oder nach dem Kauf Hilfe ben\u00f6tigen.<\/p>\n<p data-start=\"1762\" data-end=\"1892\">\ud83d\udce6 <strong data-start=\"1765\" data-end=\"1793\">Schneller weltweiter Versand!<\/strong> Bringen Sie Ihr <strong data-start=\"1803\" data-end=\"1821\">ThinkPad T470S<\/strong> mit diesem <strong data-start=\"1850\" data-end=\"1889\">Original-Lenovo-Ersatzteil wieder in Topform Tastatur<\/strong>.<\/p>\n","protected":false},"excerpt":{"rendered":"<p data-start=\"330\" data-end=\"530\">Ersetzen Sie Ihre abgenutzte Tastatur durch diese <strong data-start=\"371\" data-end=\"428\">originale Lenovo ThinkPad T470S Tastatur (FRU 01EN707)<\/strong>. Mit <strong data-start=\"441\" data-end=\"460\">einzelnen Tasten<\/strong> f\u00fcr pr\u00e4zises Tippen. <strong data-start=\"481\" data-end=\"528\">Echte Fotos \u2013 was Sie sehen, ist was Sie bekommen!<\/strong><\/p>\n","protected":false},"featured_media":18719,"template":"","meta":[],"product_brand":[],"product_cat":[60],"product_tag":[62],"class_list":{"0":"post-16811","1":"product","2":"type-product","3":"status-publish","4":"has-post-thumbnail","6":"product_cat-individual-keyboard-keys","7":"product_tag-lenovo","9":"first","10":"instock","11":"taxable","12":"shipping-taxable","13":"purchasable","14":"product-type-simple"},"_links":{"self":[{"href":"https:\/\/boreait.com\/de\/wp-json\/wp\/v2\/product\/16811","targetHints":{"allow":["GET"]}}],"collection":[{"href":"https:\/\/boreait.com\/de\/wp-json\/wp\/v2\/product"}],"about":[{"href":"https:\/\/boreait.com\/de\/wp-json\/wp\/v2\/types\/product"}],"wp:featuredmedia":[{"embeddable":true,"href":"https:\/\/boreait.com\/de\/wp-json\/wp\/v2\/media\/18719"}],"wp:attachment":[{"href":"https:\/\/boreait.com\/de\/wp-json\/wp\/v2\/media?parent=16811"}],"wp:term":[{"taxonomy":"product_brand","embeddable":true,"href":"https:\/\/boreait.com\/de\/wp-json\/wp\/v2\/product_brand?post=16811"},{"taxonomy":"product_cat","embeddable":true,"href":"https:\/\/boreait.com\/de\/wp-json\/wp\/v2\/product_cat?post=16811"},{"taxonomy":"product_tag","embeddable":true,"href":"https:\/\/boreait.com\/de\/wp-json\/wp\/v2\/product_tag?post=16811"}],"curies":[{"name":"wp","href":"https:\/\/api.w.org\/{rel}","templated":true}]}}