{"id":16810,"date":"2025-09-16T14:09:06","date_gmt":"2025-09-16T12:09:06","guid":{"rendered":"https:\/\/boreait.com\/de\/?post_type=product&#038;p=16810"},"modified":"2025-09-16T14:12:37","modified_gmt":"2025-09-16T12:12:37","slug":"acer-aspire-e1-531-handauflage-und-tastaturtasten-original-laptop-teile","status":"publish","type":"product","link":"https:\/\/boreait.com\/de\/produkt\/acer-aspire-e1-531-handauflage-und-tastaturtasten-original-laptop-teile\/","title":{"rendered":"Acer Aspire E1-531 Handauflage und Tastaturtasten \u2013 Original-Laptop-Teile"},"content":{"rendered":"<p data-start=\"547\" data-end=\"807\"><strong>Senden Sie uns nach Ihrem Kauf eine Nachricht und teilen Sie uns mit, welche Taste(n) Sie w\u00fcnschen. Alle verf\u00fcgbaren Tasten finden Sie auf dem Foto in der Auflistung!<\/strong><\/p>\n<p data-start=\"547\" data-end=\"807\">Versch\u00f6nern Sie Ihr <strong data-start=\"590\" data-end=\"612\">Acer Aspire E1-531<\/strong> mit diesem <strong data-start=\"623\" data-end=\"661\">Original-Ersatz f\u00fcr Handballenauflage und Tastatur<\/strong>. Egal, ob auf Ihrer Tastatur Tasten fehlen oder Ihre Handballenauflage abgenutzt ist, dieses Set sorgt f\u00fcr <strong data-start=\"762\" data-end=\"804\">perfekte Passform und nahtlose Kompatibilit\u00e4t<\/strong>.<\/p>\n<p data-start=\"809\" data-end=\"1126\">\ud83d\udd39 <strong data-start=\"812\" data-end=\"829\">Hauptmerkmale:<\/strong><br data-start=\"829\" data-end=\"832\" \/>\u2714 <strong data-start=\"834\" data-end=\"856\">Original Acer-Teil<\/strong> \u2013 Zuverl\u00e4ssige Qualit\u00e4t f\u00fcr perfekte Passform<br data-start=\"893\" data-end=\"896\" \/>\u2714 <strong data-start=\"898\" data-end=\"935\">Inklusive Handballenauflage & Tastaturtasten<\/strong> \u2013 Ideal f\u00fcr Reparatur oder Restaurierung<br data-start=\"969\" data-end=\"972\" \/>\u2714 <strong data-start=\"974\" data-end=\"1012\">Kompatibel mit Acer Aspire E1-531<\/strong> \u2013 Sorgt daf\u00fcr, dass Ihr Laptop wie neu aussieht und funktioniert<br data-start=\"1062\" data-end=\"1065\" \/>\u2714 <strong data-start=\"1067\" data-end=\"1092\">Langlebig & Komfortabel<\/strong> \u2013 F\u00fcr lange Nutzungsdauer konzipiert<\/p>\n<p data-start=\"1128\" data-end=\"1151\">\ud83d\udca1 <strong data-start=\"1131\" data-end=\"1149\">Kompatibilit\u00e4t:<\/strong><\/p>\n<ul data-start=\"1152\" data-end=\"1286\">\n<li data-start=\"1152\" data-end=\"1230\">Speziell f\u00fcr <strong data-start=\"1171\" data-end=\"1193\">Acer Aspire E1-531<\/strong> (Modell vor dem Kauf pr\u00fcfen)<\/li>\n<li data-start=\"1231\" data-end=\"1286\">Standard <strong data-start=\"1242\" data-end=\"1256\">OEM-Design<\/strong> \u2013 F\u00fcr eine einfache Installation<\/li>\n<\/ul>\n<p data-start=\"1288\" data-end=\"1389\">\ud83d\udcf8 <strong data-start=\"1291\" data-end=\"1307\">Echte Fotos:<\/strong> Die Bilder in dieser Auflistung zeigen genau den Artikel, den Sie erhalten werden \u2013 keine \u00dcberraschungen!<\/p>\n<p data-start=\"1391\" data-end=\"1526\">\u2753 <strong data-start=\"1393\" data-end=\"1407\">Ben\u00f6tigen Sie Hilfe?<\/strong> Wir stellen keine Installationsanleitung zur Verf\u00fcgung, aber Sie k\u00f6nnen uns vor oder nach dem Kauf eine <strong data-start=\"1464\" data-end=\"1478\">Nachricht<\/strong> senden, wenn Sie Hilfe ben\u00f6tigen.<\/p>\n<p data-start=\"1528\" data-end=\"1653\">\ud83d\udce6 <strong data-start=\"1531\" data-end=\"1559\">Schneller weltweiter Versand!<\/strong> Lassen Sie Ihren Laptop mit diesem <strong data-start=\"1604\" wieder wie neu aussehen. data-end=\"1650\">Acer-Handballenauflage und Tastaturtasten-Ersatz<\/strong>.<\/p>\n","protected":false},"excerpt":{"rendered":"<p>Original <strong data-start=\"318\" data-end=\"368\">Acer Aspire E1-531 Handballenauflage mit Tastaturtasten<\/strong>. Perfekter Ersatz f\u00fcr abgenutzte oder besch\u00e4digte Teile. <strong data-start=\"417\" data-end=\"464\">Echte Fotos \u2013 was Sie sehen, ist was Sie bekommen!<\/strong><\/p>\n","protected":false},"featured_media":16881,"template":"","meta":[],"product_brand":[],"product_cat":[60],"product_tag":[65],"class_list":{"0":"post-16810","1":"product","2":"type-product","3":"status-publish","4":"has-post-thumbnail","6":"product_cat-individual-keyboard-keys","7":"product_tag-acer","9":"first","10":"instock","11":"taxable","12":"shipping-taxable","13":"purchasable","14":"product-type-simple"},"_links":{"self":[{"href":"https:\/\/boreait.com\/de\/wp-json\/wp\/v2\/product\/16810","targetHints":{"allow":["GET"]}}],"collection":[{"href":"https:\/\/boreait.com\/de\/wp-json\/wp\/v2\/product"}],"about":[{"href":"https:\/\/boreait.com\/de\/wp-json\/wp\/v2\/types\/product"}],"wp:featuredmedia":[{"embeddable":true,"href":"https:\/\/boreait.com\/de\/wp-json\/wp\/v2\/media\/16881"}],"wp:attachment":[{"href":"https:\/\/boreait.com\/de\/wp-json\/wp\/v2\/media?parent=16810"}],"wp:term":[{"taxonomy":"product_brand","embeddable":true,"href":"https:\/\/boreait.com\/de\/wp-json\/wp\/v2\/product_brand?post=16810"},{"taxonomy":"product_cat","embeddable":true,"href":"https:\/\/boreait.com\/de\/wp-json\/wp\/v2\/product_cat?post=16810"},{"taxonomy":"product_tag","embeddable":true,"href":"https:\/\/boreait.com\/de\/wp-json\/wp\/v2\/product_tag?post=16810"}],"curies":[{"name":"wp","href":"https:\/\/api.w.org\/{rel}","templated":true}]}}