{"id":16800,"date":"2025-09-16T14:08:37","date_gmt":"2025-09-16T12:08:37","guid":{"rendered":"https:\/\/boreait.com\/de\/?post_type=product&#038;p=16800"},"modified":"2025-09-16T14:11:44","modified_gmt":"2025-09-16T12:11:44","slug":"fujitsu-siemens-lifebook-cp513253-01-tastaturtasten-original-laptop-teile","status":"publish","type":"product","link":"https:\/\/boreait.com\/de\/produkt\/fujitsu-siemens-lifebook-cp513253-01-tastaturtasten-original-laptop-teile\/","title":{"rendered":"Fujitsu Siemens Lifebook CP513253-01 Tastaturtasten \u2013 Original-Laptop-Teile"},"content":{"rendered":"<p data-start=\"593\" data-end=\"822\"><strong>Senden Sie uns nach Ihrem Kauf eine Nachricht und teilen Sie uns mit, welche(n) Schl\u00fcssel(n) Sie w\u00fcnschen. Alle verf\u00fcgbaren Schl\u00fcssel finden Sie auf dem Foto in der Auflistung!<\/strong><\/p>\n<p data-start=\"593\" data-end=\"822\">Sie haben eine Taste auf Ihrer <strong data-start=\"623\" data-end=\"663\">Fujitsu Siemens Lifebook CP513253-01<\/strong>-Tastatur verloren oder besch\u00e4digt? Kein Grund zum Austausch der gesamten Tastatur! Wir bieten <strong data-start=\"723\" data-end=\"762\">Original-Ersatztasten<\/strong> an, um das urspr\u00fcngliche Aussehen und die Funktionalit\u00e4t Ihres Laptops wiederherzustellen.<\/p>\n<p data-start=\"824\" data-end=\"1237\">\ud83d\udd39 <strong data-start=\"827\" data-end=\"844\">Hauptmerkmale:<\/strong><br data-start=\"844\" data-end=\"847\" \/>\u2714 <strong data-start=\"849\" data-end=\"883\">Original Fujitsu Siemens Ersatzteile<\/strong> \u2013 Perfekte Passform und Qualit\u00e4t<br data-start=\"909\" data-end=\"912\" \/>\u2714 <strong data-start=\"914\" data-end=\"945\">Exakte \u00dcbereinstimmung mit CP513253-01<\/strong> \u2013 Kompatibel mit diesem speziellen Tastaturmodell<br data-start=\"992\" data-end=\"995\" \/>\u2714 <strong data-start=\"997\" data-end=\"1052\">Inklusive Tastenkappe, Scharnier und Gummidom (falls erforderlich)<\/strong> \u2013 Alles, was Sie f\u00fcr einen reibungslosen Austausch ben\u00f6tigen<br data-start=\"1101\" data-end=\"1104\" \/>\u2714 <strong data-start=\"1106\" data-end=\"1133\">Kosteng\u00fcnstige L\u00f6sung<\/strong> \u2013 Kein Austausch der gesamten Tastatur erforderlich<br data-start=\"1172\" data-end=\"1175\" \/>\u2714 <strong data-start=\"1177\" data-end=\"1198\">Einfache Installation<\/strong> \u2013 Neue Taste einfach einrasten lassen<\/p>\n<p data-start=\"1239\" data-end=\"1262\">\ud83d\udca1 <strong data-start=\"1242\" data-end=\"1260\">Kompatibilit\u00e4t:<\/strong><\/p>\n<ul data-start=\"1263\" data-end=\"1421\">\n<li data-start=\"1263\" data-end=\"1346\">Entwickelt f\u00fcr <strong data-start=\"1278\" data-end=\"1344\">Fujitsu Siemens Lifebook-Modelle mit der Tastatur CP513253-01<\/strong><\/li>\n<li data-start=\"1347\" data-end=\"1421\">Stellen Sie die Kompatibilit\u00e4t sicher, indem Sie Ihr Tastaturmodell vor dem Kauf pr\u00fcfen.<\/li>\n<\/ul>\n<p data-start=\"1423\" data-end=\"1537\">\ud83d\udcf8 <strong data-start=\"1426\" data-end=\"1442\">Echte Fotos:<\/strong> Die Bilder in dieser Auflistung zeigen die exakten <strong data-start=\"1485\" data-end=\"1502\">Tastaturtasten<\/strong>, die Sie erhalten \u2013 keine \u00dcberraschungen!<\/p>\n<p data-start=\"1539\" data-end=\"1656\">\u2753 <strong data-start=\"1541\" data-end=\"1555\">Ben\u00f6tigen Sie Hilfe?<\/strong> Wenn Sie sich nicht sicher sind, welche Taste Sie ben\u00f6tigen, k\u00f6nnen Sie uns vor dem Kauf gerne eine <strong data-start=\"1606\" data-end=\"1620\">Nachricht<\/strong> senden.<\/p>\n<p data-start=\"1658\" data-end=\"1788\">\ud83d\udce6 <strong data-start=\"1661\" data-end=\"1689\">Schneller weltweiter Versand!<\/strong> Bringen Sie mit diesen <strong data-start=\"1753\" data-end=\"1785\">Originaltasten von Fujitsu Siemens<\/strong> die volle Funktionalit\u00e4t Ihrer Laptoptastatur zur\u00fcck.<\/p>\n","protected":false},"excerpt":{"rendered":"<p>Fehlt eine Taste? Ersetzen Sie einzelne Tasten Ihres <strong data-start=\"384\" data-end=\"424\">Fujitsu Siemens Lifebook CP513253-01<\/strong> durch originale, passende Tastaturtasten. <strong data-start=\"463\" data-end=\"510\">Echte Fotos \u2013 was Sie sehen, ist was Sie bekommen!<\/strong><\/p>\n","protected":false},"featured_media":16864,"template":"","meta":[],"product_brand":[],"product_cat":[60],"product_tag":[64],"class_list":{"0":"post-16800","1":"product","2":"type-product","3":"status-publish","4":"has-post-thumbnail","6":"product_cat-individual-keyboard-keys","7":"product_tag-fujitsu","9":"first","10":"instock","11":"taxable","12":"shipping-taxable","13":"purchasable","14":"product-type-simple"},"_links":{"self":[{"href":"https:\/\/boreait.com\/de\/wp-json\/wp\/v2\/product\/16800","targetHints":{"allow":["GET"]}}],"collection":[{"href":"https:\/\/boreait.com\/de\/wp-json\/wp\/v2\/product"}],"about":[{"href":"https:\/\/boreait.com\/de\/wp-json\/wp\/v2\/types\/product"}],"wp:featuredmedia":[{"embeddable":true,"href":"https:\/\/boreait.com\/de\/wp-json\/wp\/v2\/media\/16864"}],"wp:attachment":[{"href":"https:\/\/boreait.com\/de\/wp-json\/wp\/v2\/media?parent=16800"}],"wp:term":[{"taxonomy":"product_brand","embeddable":true,"href":"https:\/\/boreait.com\/de\/wp-json\/wp\/v2\/product_brand?post=16800"},{"taxonomy":"product_cat","embeddable":true,"href":"https:\/\/boreait.com\/de\/wp-json\/wp\/v2\/product_cat?post=16800"},{"taxonomy":"product_tag","embeddable":true,"href":"https:\/\/boreait.com\/de\/wp-json\/wp\/v2\/product_tag?post=16800"}],"curies":[{"name":"wp","href":"https:\/\/api.w.org\/{rel}","templated":true}]}}