{"id":16793,"date":"2025-09-16T14:08:13","date_gmt":"2025-09-16T12:08:13","guid":{"rendered":"https:\/\/boreait.com\/de\/?post_type=product&#038;p=16793"},"modified":"2025-09-16T14:11:24","modified_gmt":"2025-09-16T12:11:24","slug":"hp-pavilion-dv6-7000-dv6-7100-tastaturtasten-original-hp-639396-ba1-ersatz","status":"publish","type":"product","link":"https:\/\/boreait.com\/de\/produkt\/hp-pavilion-dv6-7000-dv6-7100-tastaturtasten-original-hp-639396-ba1-ersatz\/","title":{"rendered":"HP Pavilion DV6-7000 DV6-7100 Tastaturtasten \u2013 Original HP 639396-BA1 Ersatz"},"content":{"rendered":"<p data-start=\"614\" data-end=\"870\"><strong>Senden Sie uns nach Ihrem Kauf eine Nachricht und teilen Sie uns mit, welche(n) Schl\u00fcssel(n) Sie w\u00fcnschen. Alle verf\u00fcgbaren Schl\u00fcssel finden Sie auf dem Foto in der Auflistung!<\/strong><\/p>\n<p data-start=\"614\" data-end=\"870\">Restaurieren Sie Ihre <strong data-start=\"627\" data-end=\"671\">HP Pavilion DV6-7000 \/ DV6-7100 Tastatur<\/strong> mit <strong data-start=\"677\" data-end=\"739\">originalen Einzel-Ersatztasten (HP Spare 639396-BA1)<\/strong>. Egal, ob Sie eine Taste verloren, besch\u00e4digt oder abgenutzt haben \u2013 dies ist die perfekte L\u00f6sung, damit Ihre Tastatur wieder wie neu aussieht und funktioniert.<\/p>\n<p data-start=\"872\" data-end=\"1262\">\ud83d\udd39 <strong data-start=\"875\" data-end=\"892\">Hauptmerkmale:<\/strong><br data-start=\"892\" data-end=\"895\" \/>\u2714 <strong data-start=\"897\" data-end=\"922\">Original HP Ersatzteil<\/strong> \u2013 Passt perfekt zur Originaltastatur<br data-start=\"964\" data-end=\"967\" \/>\u2714 <strong data-start=\"969\" data-end=\"999\">HP-Teilenummer: 639396-BA1<\/strong> \u2013 Gew\u00e4hrleistet Kompatibilit\u00e4t und Langlebigkeit<br data-start=\"1038\" data-end=\"1041\" \/>\u2714 <strong data-start=\"1043\" data-end=\"1082\">Inklusive Tastenkappe, Scharnier und Gummikappe<\/strong> \u2013 Komplett montiert f\u00fcr perfekten Sitz<br data-start=\"1115\" data-end=\"1118\" \/>\u2714 <strong data-start=\"1120\" data-end=\"1139\">Einfacher Austausch<\/strong> \u2013 Sie m\u00fcssen keine komplett neue Tastatur kaufen<br data-start=\"1177\" data-end=\"1180\" \/>\u2714 <strong data-start=\"1182\" data-end=\"1206\">Echte Fotos werden bereitgestellt<\/strong> \u2013 Sie erhalten genau die Taste(n), die auf den Bildern abgebildet sind<\/p>\n<p data-start=\"1264\" data-end=\"1287\">\ud83d\udca1 <strong data-start=\"1267\" data-end=\"1285\">Kompatibilit\u00e4t:<\/strong><\/p>\n<ul data-start=\"1288\" data-end=\"1434\">\n<li data-start=\"1288\" data-end=\"1362\">Speziell f\u00fcr die <strong data-start=\"1316\" data-end=\"1360\">HP Pavilion DV6-7000 und DV6-7100 Serie<\/strong><\/li>\n<li data-start=\"1363\" data-end=\"1434\">Bitte \u00fcberpr\u00fcfen Sie vor dem Kauf Ihr <strong data-start=\"1383\" data-end=\"1414\">Laptopmodell und Scharniertyp<\/strong>.<\/li>\n<\/ul>\n<p data-start=\"1436\" data-end=\"1565\">\ud83d\udcf8 <strong data-start=\"1439\" data-end=\"1455\">Echte Fotos:<\/strong> Wir verkaufen nur, was wir zeigen! Die Bilder in dieser Auflistung zeigen die tats\u00e4chlichen <strong data-start=\"1528\" data-end=\"1562\">Tastaturtasten, die Sie erhalten<\/strong>.<\/p>\n<p data-start=\"1567\" data-end=\"1760\">\u2753 <strong data-start=\"1569\" data-end=\"1583\">Ben\u00f6tigen Sie Hilfe?<\/strong> Wenn Sie bez\u00fcglich der Kompatibilit\u00e4t oder Installation unsicher sind, <strong data-start=\"1651\" data-end=\"1665\">senden Sie uns gerne eine Nachricht<\/strong>. Wir bieten zwar keine Schritt-f\u00fcr-Schritt-Anleitungen an, helfen Ihnen aber gerne bei Fragen!<\/p>\n<p data-start=\"1762\" data-end=\"1883\">\ud83d\udce6 <strong data-start=\"1765\" data-end=\"1793\">Schneller weltweiter Versand!<\/strong> Bringen Sie Ihre Tastatur mit unseren <strong data-start=\"1847\" data-end=\"1880\">authentischen HP-Ersatztasten<\/strong> wieder in einen perfekten Zustand.<\/p>\n","protected":false},"excerpt":{"rendered":"<p>Schl\u00fcssel verloren oder besch\u00e4digt? Holen Sie sich <strong data-start=\"368\" data-end=\"407\">echte individuelle Ersatzschl\u00fcssel<\/strong> f\u00fcr die <strong data-start=\"416\" data-end=\"482\">HP Pavilion DV6-7000 \/ DV6-7100 Tastatur (HP Spare 639396-BA1)<\/strong>. <strong data-start=\"484\" data-end=\"531\">Echte Fotos \u2013 was Sie sehen, ist was Sie bekommen!<\/strong><\/p>\n","protected":false},"featured_media":16857,"template":"","meta":[],"product_brand":[],"product_cat":[60],"product_tag":[61],"class_list":{"0":"post-16793","1":"product","2":"type-product","3":"status-publish","4":"has-post-thumbnail","6":"product_cat-individual-keyboard-keys","7":"product_tag-hp","9":"first","10":"instock","11":"taxable","12":"shipping-taxable","13":"purchasable","14":"product-type-simple"},"_links":{"self":[{"href":"https:\/\/boreait.com\/de\/wp-json\/wp\/v2\/product\/16793","targetHints":{"allow":["GET"]}}],"collection":[{"href":"https:\/\/boreait.com\/de\/wp-json\/wp\/v2\/product"}],"about":[{"href":"https:\/\/boreait.com\/de\/wp-json\/wp\/v2\/types\/product"}],"wp:featuredmedia":[{"embeddable":true,"href":"https:\/\/boreait.com\/de\/wp-json\/wp\/v2\/media\/16857"}],"wp:attachment":[{"href":"https:\/\/boreait.com\/de\/wp-json\/wp\/v2\/media?parent=16793"}],"wp:term":[{"taxonomy":"product_brand","embeddable":true,"href":"https:\/\/boreait.com\/de\/wp-json\/wp\/v2\/product_brand?post=16793"},{"taxonomy":"product_cat","embeddable":true,"href":"https:\/\/boreait.com\/de\/wp-json\/wp\/v2\/product_cat?post=16793"},{"taxonomy":"product_tag","embeddable":true,"href":"https:\/\/boreait.com\/de\/wp-json\/wp\/v2\/product_tag?post=16793"}],"curies":[{"name":"wp","href":"https:\/\/api.w.org\/{rel}","templated":true}]}}