{"id":16782,"date":"2025-09-16T14:07:42","date_gmt":"2025-09-16T12:07:42","guid":{"rendered":"https:\/\/boreait.com\/de\/?post_type=product&#038;p=16782"},"modified":"2025-09-16T14:10:44","modified_gmt":"2025-09-16T12:10:44","slug":"hp-elitebook-x360-1020-g2-huawei-lte-modul-me906s-158-4g-wwan-karte","status":"publish","type":"product","link":"https:\/\/boreait.com\/de\/produkt\/hp-elitebook-x360-1020-g2-huawei-lte-modul-me906s-158-4g-wwan-karte\/","title":{"rendered":"HP EliteBook x360 1020 G2 Huawei LTE-Modul ME906S-158 \u2013 4G WWAN-Karte"},"content":{"rendered":"<p data-start=\"578\" data-end=\"808\">Bleiben Sie \u00fcberall in Verbindung mit dem <strong data-start=\"611\" data-end=\"643\">Huawei ME906S-158 LTE-Modul<\/strong>, das f\u00fcr das <strong data-start=\"662\" data-end=\"691\">HP EliteBook x360 1020 G2<\/strong> entwickelt wurde. Mit dieser <strong data-start=\"698\" data-end=\"714\">4G-WWAN-Karte<\/strong> genie\u00dfen Sie schnelles, zuverl\u00e4ssiges mobiles Internet auf Ihrem Laptop, ohne auf WLAN angewiesen zu sein.<\/p>\n<p data-start=\"810\" data-end=\"1210\">\ud83d\udd39 <strong data-start=\"813\" data-end=\"830\">Hauptmerkmale:<\/strong><br data-start=\"830\" data-end=\"833\" \/>\u2714 <strong data-start=\"835\" data-end=\"864\">Original Huawei LTE-Modul<\/strong> \u2013 Modell: ME906S-158<br data-start=\"884\" data-end=\"887\" \/>\u2714 <strong data-start=\"889\" data-end=\"913\">4G-WWAN-Konnektivit\u00e4t<\/strong> \u2013 Unterst\u00fctzt LTE-Netzwerke f\u00fcr schnelles mobiles Internet<br data-start=\"962\" data-end=\"965\" \/>\u2714 <strong data-start=\"967\" data-end=\"989\">Volle Kompatibilit\u00e4t<\/strong> \u2013 Entwickelt f\u00fcr HP EliteBook x360 1020 G2<br data-start=\"1030\" data-end=\"1033\" \/>\u2714 <strong data-start=\"1035\" data-end=\"1050\">Plug & Spielen<\/strong> \u2013 Einfache Installation mit standardm\u00e4\u00dfiger <strong data-start=\"1085\" data-end=\"1109\">M.2 (NGFF)-Schnittstelle<\/strong><br data-start=\"1109\" data-end=\"1112\" \/>\u2714 <strong data-start=\"1114\" data-end=\"1138\">Unterst\u00fctzung globaler B\u00e4nder<\/strong> \u2013 Funktioniert mit verschiedenen Anbietern (\u00fcberpr\u00fcfen Sie die Kompatibilit\u00e4t mit Ihrem Netzwerk)<\/p>\n<p data-start=\"1212\" data-end=\"1235\">\ud83d\udca1 <strong data-start=\"1215\" data-end=\"1233\">Kompatibilit\u00e4t:<\/strong><\/p>\n<ul data-start=\"1236\" data-end=\"1394\">\n<li data-start=\"1236\" data-end=\"1325\"><strong data-start=\"1238\" data-end=\"1267\">HP EliteBook x360 1020 G2<\/strong> (Stellen Sie sicher, dass Ihr Laptop \u00fcber einen freien M.2-Steckplatz f\u00fcr WWAN-Karten verf\u00fcgt.)<\/li>\n<li data-start=\"1326\" data-end=\"1394\">Funktioniert mit LTE-Netzen weltweit (ggf. Genehmigung des Netzbetreibers erforderlich)<\/li>\n<\/ul>\n<p data-start=\"1396\" data-end=\"1492\">\ud83d\udcf8 <strong data-start=\"1399\" data-end=\"1415\">Echte Fotos:<\/strong> Die Bilder in dieser Auflistung zeigen das <strong data-start=\"1452\" data-end=\"1472\">genaue LTE-Modul<\/strong>, das Sie erhalten.<\/p>\n<p data-start=\"1494\" data-end=\"1609\">\u2753 <strong data-start=\"1496\" data-end=\"1510\">Ben\u00f6tigen Sie Hilfe?<\/strong> Installationsanleitungen sind nicht im Lieferumfang enthalten. Sie k\u00f6nnen diese aber gerne <strong data-start=\"1566\" data-end=\"1580\">Schreiben Sie uns<\/strong>, wenn Sie Fragen haben.<\/p>\n<p data-start=\"1611\" data-end=\"1726\">\ud83d\udce6 <strong data-start=\"1614\" data-end=\"1642\">Schneller weltweiter Versand!<\/strong> Holen Sie sich mobiles Internet auf Ihren HP-Laptop mit diesem <strong data-start=\"1691\" data-end=\"1723\">Huawei ME906S-158 LTE-Modul<\/strong>.<\/p>\n","protected":false},"excerpt":{"rendered":"<p>R\u00fcsten Sie Ihr <strong data-start=\"331\" data-end=\"360\">HP EliteBook x360 1020 G2<\/strong> mit dem <strong data-start=\"370\" data-end=\"402\">Huawei ME906S-158 LTE-Modul<\/strong> auf. Genie\u00dfen Sie unterwegs Highspeed-4G-Konnektivit\u00e4t. <strong data-start=\"448\" data-end=\"495\">Echte Fotos \u2013 was Sie sehen, ist das, was Sie bekommen!<\/strong><\/p>\n","protected":false},"featured_media":16846,"template":"","meta":[],"product_brand":[],"product_cat":[63],"product_tag":[61],"class_list":{"0":"post-16782","1":"product","2":"type-product","3":"status-publish","4":"has-post-thumbnail","6":"product_cat-motherboards-board-parts","7":"product_tag-hp","9":"first","10":"instock","11":"taxable","12":"shipping-taxable","13":"purchasable","14":"product-type-simple"},"_links":{"self":[{"href":"https:\/\/boreait.com\/de\/wp-json\/wp\/v2\/product\/16782","targetHints":{"allow":["GET"]}}],"collection":[{"href":"https:\/\/boreait.com\/de\/wp-json\/wp\/v2\/product"}],"about":[{"href":"https:\/\/boreait.com\/de\/wp-json\/wp\/v2\/types\/product"}],"wp:featuredmedia":[{"embeddable":true,"href":"https:\/\/boreait.com\/de\/wp-json\/wp\/v2\/media\/16846"}],"wp:attachment":[{"href":"https:\/\/boreait.com\/de\/wp-json\/wp\/v2\/media?parent=16782"}],"wp:term":[{"taxonomy":"product_brand","embeddable":true,"href":"https:\/\/boreait.com\/de\/wp-json\/wp\/v2\/product_brand?post=16782"},{"taxonomy":"product_cat","embeddable":true,"href":"https:\/\/boreait.com\/de\/wp-json\/wp\/v2\/product_cat?post=16782"},{"taxonomy":"product_tag","embeddable":true,"href":"https:\/\/boreait.com\/de\/wp-json\/wp\/v2\/product_tag?post=16782"}],"curies":[{"name":"wp","href":"https:\/\/api.w.org\/{rel}","templated":true}]}}