{"id":16775,"date":"2025-09-16T14:07:14","date_gmt":"2025-09-16T12:07:14","guid":{"rendered":"https:\/\/boreait.com\/de\/?post_type=product&#038;p=16775"},"modified":"2025-09-16T14:10:29","modified_gmt":"2025-09-16T12:10:29","slug":"hp-elitebook-x360-1020-g2-handauflagenabdeckung-sps-920484-031-original-laptopteil","status":"publish","type":"product","link":"https:\/\/boreait.com\/de\/produkt\/hp-elitebook-x360-1020-g2-handauflagenabdeckung-sps-920484-031-original-laptopteil\/","title":{"rendered":"HP EliteBook x360 1020 G2 Handauflagenabdeckung SPS 920484-031 \u2013 Original-Laptopteil"},"content":{"rendered":"<p data-start=\"586\" data-end=\"831\">Verleihen Sie Ihrem <strong data-start=\"596\" data-end=\"625\">HP EliteBook x360 1020 G2<\/strong> mit dieser <strong data-start=\"649\" data-end=\"696\">Original-OEM-Handballenauflage-Abdeckung (SPS 920484-031)<\/strong> einen frischen Look. Dieses Teil eignet sich perfekt zum Ersetzen abgenutzter, zerkratzter oder besch\u00e4digter Handballenauflagen und sorgt f\u00fcr ein erstklassiges Tragegef\u00fchl und eine nahtlose Passform f\u00fcr Ihr Notebook.<\/p>\n<p data-start=\"833\" data-end=\"1200\">\ud83d\udd39 <strong data-start=\"836\" data-end=\"853\">Hauptmerkmale:<\/strong><br data-start=\"853\" data-end=\"856\" \/>\u2714 <strong data-start=\"858\" data-end=\"877\">Original HP-Teil<\/strong> \u2013 SPS <strong data-start=\"884\" data-end=\"898\">920484-031<\/strong> f\u00fcr garantierte Kompatibilit\u00e4t<br data-start=\"927\" data-end=\"930\" \/>\u2714 <strong data-start=\"932\" data-end=\"947\">Perfekte Passform<\/strong> \u2013 Speziell entwickelt f\u00fcr das <strong data-start=\"980\" data-end=\"1006\">EliteBook x360 1020 G2<\/strong><br data-start=\"1006\" data-end=\"1009\" \/>\u2714 <strong data-start=\"1011\" data-end=\"1038\">Langlebig & Hochwertige Verarbeitung<\/strong> \u2013 Entspricht dem Originaldesign und der Haptik<br data-start=\"1077\" data-end=\"1080\" \/>\u2714 <strong data-start=\"1082\" data-end=\"1110\">Inklusive Touchpad-Aussparung<\/strong> \u2013 Gew\u00e4hrleistet volle Funktionalit\u00e4t<br data-start=\"1139\" data-end=\"1142\" \/>\u2714 <strong data-start=\"1144\" data-end=\"1165\">Einfache Installation<\/strong> \u2013 F\u00fcr schnellen Austausch konzipiert<\/p>\n<p data-start=\"1202\" data-end=\"1225\">\ud83d\udca1 <strong data-start=\"1205\" data-end=\"1223\">Kompatibilit\u00e4t:<\/strong><\/p>\n<ul data-start=\"1226\" data-end=\"1361\">\n<li data-start=\"1226\" data-end=\"1315\">Passend f\u00fcr <strong data-start=\"1233\" data-end=\"1262\">HP EliteBook x360 1020 G2<\/strong> Modelle (\u00dcberpr\u00fcfen Sie vor dem Kauf Ihr Laptop-Modell)<\/li>\n<li data-start=\"1316\" data-end=\"1361\">Direkter Ersatz f\u00fcr <strong data-start=\"1341\" data-end=\"1359\">SPS 920484-031<\/strong><\/li>\n<\/ul>\n<p data-start=\"1363\" data-end=\"1464\">\ud83d\udcf8 <strong data-start=\"1366\" data-end=\"1382\">Echte Fotos:<\/strong> Die Bilder in dieser Auflistung zeigen genau den Artikel, den Sie erhalten \u2013 keine \u00dcberraschungen!<\/p>\n<p data-start=\"1466\" data-end=\"1616\">\u2753 <strong data-start=\"1468\" data-end=\"1482\">Ben\u00f6tigen Sie Hilfe?<\/strong> Wir stellen zwar keine Installationsanleitungen zur Verf\u00fcgung, aber Sie k\u00f6nnen uns gerne eine <strong data-start=\"1546\" data-end=\"1560\">Nachricht<\/strong> senden, wenn Sie vor oder nach dem Kauf Hilfe ben\u00f6tigen.<\/p>\n<p data-start=\"1618\" data-end=\"1727\">\ud83d\udce6 <strong data-start=\"1621\" data-end=\"1649\">Schneller weltweiter Versand!<\/strong> Lassen Sie Ihren Laptop mit dieser originalen <strong data-start=\"1703\" data-end=\"1724\">HP Handballenauflage<\/strong> wieder wie neu aussehen.<\/p>\n","protected":false},"excerpt":{"rendered":"<p>Restaurieren Sie Ihr <strong data-start=\"342\" data-end=\"371\">HP EliteBook x360 1020 G2<\/strong> mit dieser originalen <strong data-start=\"391\" data-end=\"426\">Handballenauflage (SPS 920484-031)<\/strong>. F\u00fcr eine perfekte Passform konzipiert. <strong data-start=\"456\" data-end=\"503\">Echte Fotos \u2013 was Sie sehen, ist was Sie bekommen!<\/strong><\/p>\n","protected":false},"featured_media":16840,"template":"","meta":[],"product_brand":[],"product_cat":[52],"product_tag":[61],"class_list":{"0":"post-16775","1":"product","2":"type-product","3":"status-publish","4":"has-post-thumbnail","6":"product_cat-laptop-housing","7":"product_tag-hp","9":"first","10":"instock","11":"taxable","12":"shipping-taxable","13":"purchasable","14":"product-type-simple"},"_links":{"self":[{"href":"https:\/\/boreait.com\/de\/wp-json\/wp\/v2\/product\/16775","targetHints":{"allow":["GET"]}}],"collection":[{"href":"https:\/\/boreait.com\/de\/wp-json\/wp\/v2\/product"}],"about":[{"href":"https:\/\/boreait.com\/de\/wp-json\/wp\/v2\/types\/product"}],"wp:featuredmedia":[{"embeddable":true,"href":"https:\/\/boreait.com\/de\/wp-json\/wp\/v2\/media\/16840"}],"wp:attachment":[{"href":"https:\/\/boreait.com\/de\/wp-json\/wp\/v2\/media?parent=16775"}],"wp:term":[{"taxonomy":"product_brand","embeddable":true,"href":"https:\/\/boreait.com\/de\/wp-json\/wp\/v2\/product_brand?post=16775"},{"taxonomy":"product_cat","embeddable":true,"href":"https:\/\/boreait.com\/de\/wp-json\/wp\/v2\/product_cat?post=16775"},{"taxonomy":"product_tag","embeddable":true,"href":"https:\/\/boreait.com\/de\/wp-json\/wp\/v2\/product_tag?post=16775"}],"curies":[{"name":"wp","href":"https:\/\/api.w.org\/{rel}","templated":true}]}}