{"id":16761,"date":"2025-09-16T14:06:17","date_gmt":"2025-09-16T12:06:17","guid":{"rendered":"https:\/\/boreait.com\/de\/?post_type=product&#038;p=16761"},"modified":"2026-02-08T12:46:51","modified_gmt":"2026-02-08T11:46:51","slug":"dell-latitude-e6410-untere-abdeckung-0027n9-original-laptop-ersatzteil","status":"publish","type":"product","link":"https:\/\/boreait.com\/de\/produkt\/dell-latitude-e6410-untere-abdeckung-0027n9-original-laptop-ersatzteil\/","title":{"rendered":"Dell Latitude E6410 Untere Abdeckung 0027N9 \u2013 Original-Laptop-Ersatzteil"},"content":{"rendered":"<p data-start=\"554\" data-end=\"818\">Stellen Sie Ihr <strong data-start=\"567\" data-end=\"590\">Dell Latitude E6410<\/strong> mit dieser <strong data-start=\"601\" data-end=\"634\">Original-Unterabdeckung (0027N9)<\/strong> wieder her. Wenn die Unterseite Ihres Laptops fehlt oder besch\u00e4digt ist, ist dieses <strong data-start=\"694\" data-end=\"716\">Originalteil von Dell<\/strong> der perfekte Ersatz. Es gew\u00e4hrleistet einen <strong data-start=\"762\" data-end=\"815\">sicheren Sitz und Schutz der internen Komponenten<\/strong>.<\/p>\n<p data-start=\"820\" data-end=\"1218\">\ud83d\udd39 <strong data-start=\"823\" data-end=\"840\">Hauptmerkmale:<\/strong><br data-start=\"840\" data-end=\"843\" \/>\u2714 <strong data-start=\"845\" data-end=\"866\">Originalteil von Dell<\/strong> \u2013 Zuverl\u00e4ssiger und langlebiger Ersatz<br data-start=\"901\" data-end=\"904\" \/>\u2714 <strong data-start=\"906\" data-end=\"923\">Modell: 0027N9<\/strong> \u2013 Speziell entwickelt f\u00fcr <strong data-start=\"952\" data-end=\"975\">Dell Latitude E6410<\/strong><br data-start=\"975\" data-end=\"978\" \/>\u2714 <strong data-start=\"980\" data-end=\"1001\">Einfache Installation<\/strong> \u2013 Sicheres Schraubdesign f\u00fcr problemlosen Austausch<br data-start=\"1054\" data-end=\"1057\" \/>\u2714 <strong data-start=\"1059\" data-end=\"1091\">Sch\u00fctzt interne Komponenten<\/strong> \u2013 Sch\u00fctzt Ihren Laptop vor Staub und Schmutz<br data-start=\"1137\" data-end=\"1140\" \/>\u2714 <strong data-start=\"1142\" data-end=\"1157\">Perfekte Passform<\/strong> \u2013 Sorgt f\u00fcr Stabilit\u00e4t und ausreichende Bel\u00fcftung Ihres Laptops<\/p>\n<p data-start=\"1220\" data-end=\"1243\">\ud83d\udca1 <strong data-start=\"1223\" data-end=\"1241\">Kompatibilit\u00e4t:<\/strong><\/p>\n<ul data-start=\"1244\" data-end=\"1320\">\n<li data-start=\"1244\" data-end=\"1320\">Passend f\u00fcr <strong data-start=\"1251\" data-end=\"1274\">Dell Latitude E6410<\/strong> (Bitte \u00fcberpr\u00fcfen Sie vor dem Kauf Ihr Laptop-Modell)<\/li>\n<\/ul>\n<p data-start=\"1322\" data-end=\"1423\">\ud83d\udcf8 <strong data-start=\"1325\" data-end=\"1341\">Echte Fotos:<\/strong> Die Bilder in dieser Auflistung zeigen genau den Artikel, den Sie erhalten \u2013 keine \u00dcberraschungen!<\/p>\n<p data-start=\"1425\" data-end=\"1579\">\u2753 <strong data-start=\"1427\" data-end=\"1441\">Ben\u00f6tigen Sie Hilfe?<\/strong> Wir stellen zwar keine Installationsanleitungen zur Verf\u00fcgung, aber Sie k\u00f6nnen uns gerne eine <strong data-start=\"1505\" data-end=\"1519\">Nachricht<\/strong> senden, wenn Sie vor oder nach dem Kauf Hilfe ben\u00f6tigen.<\/p>\n<p data-start=\"1581\" data-end=\"1689\">\ud83d\udce6 <strong data-start=\"1584\" data-end=\"1612\">Schneller weltweiter Versand!<\/strong> Bringen Sie Ihren Laptop mit dieser <strong data-start=\"1657\" data-end=\"1686\">Original-Unterbodenabdeckung von Dell<\/strong> wieder in Topform.<\/p>\n","protected":false},"excerpt":{"rendered":"<p>Original <strong data-start=\"311\" data-end=\"356\">Untere Abdeckung (0027N9) f\u00fcr Dell Latitude E6410<\/strong>. Passt perfekt zu Ihrem Laptop und ersetzt besch\u00e4digte oder fehlende Abdeckungen. <strong data-start=\"424\" data-end=\"471\">Echte Fotos \u2013 was Sie sehen, ist das, was Sie bekommen!<\/strong><\/p>\n","protected":false},"featured_media":16827,"template":"","meta":[],"product_brand":[],"product_cat":[52],"product_tag":[53],"class_list":{"0":"post-16761","1":"product","2":"type-product","3":"status-publish","4":"has-post-thumbnail","6":"product_cat-laptop-housing","7":"product_tag-dell","9":"first","10":"instock","11":"taxable","12":"shipping-taxable","13":"purchasable","14":"product-type-simple"},"_links":{"self":[{"href":"https:\/\/boreait.com\/de\/wp-json\/wp\/v2\/product\/16761","targetHints":{"allow":["GET"]}}],"collection":[{"href":"https:\/\/boreait.com\/de\/wp-json\/wp\/v2\/product"}],"about":[{"href":"https:\/\/boreait.com\/de\/wp-json\/wp\/v2\/types\/product"}],"wp:featuredmedia":[{"embeddable":true,"href":"https:\/\/boreait.com\/de\/wp-json\/wp\/v2\/media\/16827"}],"wp:attachment":[{"href":"https:\/\/boreait.com\/de\/wp-json\/wp\/v2\/media?parent=16761"}],"wp:term":[{"taxonomy":"product_brand","embeddable":true,"href":"https:\/\/boreait.com\/de\/wp-json\/wp\/v2\/product_brand?post=16761"},{"taxonomy":"product_cat","embeddable":true,"href":"https:\/\/boreait.com\/de\/wp-json\/wp\/v2\/product_cat?post=16761"},{"taxonomy":"product_tag","embeddable":true,"href":"https:\/\/boreait.com\/de\/wp-json\/wp\/v2\/product_tag?post=16761"}],"curies":[{"name":"wp","href":"https:\/\/api.w.org\/{rel}","templated":true}]}}