{"id":16750,"date":"2025-09-16T14:05:41","date_gmt":"2025-09-16T12:05:41","guid":{"rendered":"https:\/\/boreait.com\/de\/?post_type=product&#038;p=16750"},"modified":"2025-09-16T14:08:55","modified_gmt":"2025-09-16T12:08:55","slug":"dell-latitude-e6410-led-platine-ls-5575p-und-lcd-kabel-0921vj-dc02c000l0l","status":"publish","type":"product","link":"https:\/\/boreait.com\/de\/produkt\/dell-latitude-e6410-led-platine-ls-5575p-und-lcd-kabel-0921vj-dc02c000l0l\/","title":{"rendered":"Dell Latitude E6410 LED-Platine LS-5575P und LCD-Kabel \u2013 0921VJ DC02C000L0L"},"content":{"rendered":"<p data-start=\"561\" data-end=\"826\">Stellen Sie die <strong data-start=\"573\" data-end=\"604\">LED-Anzeigefunktionalit\u00e4t<\/strong> Ihres <strong data-start=\"613\" data-end=\"636\">Dell Latitude E6410<\/strong> mit dieser <strong data-start=\"647\" data-end=\"686\">originalen LS-5575P LED-Platine + LCD-Kabel \u2013 0921VJ DC02C000L0L<\/strong> wieder her. Egal, ob die Statusleuchten Ihres Laptops schwach sind, flackern oder gar nicht funktionieren, dieses <strong data-start=\"780\" data-end=\"804\">OEM-Ersatzteil<\/strong> ist die perfekte L\u00f6sung.<\/p>\n<p data-start=\"828\" data-end=\"1210\">\ud83d\udd39 <strong data-start=\"831\" data-end=\"848\">Hauptmerkmale:<\/strong><br data-start=\"848\" data-end=\"851\" \/>\u2714 <strong data-start=\"853\" data-end=\"874\">Originalteil von Dell<\/strong> \u2013 Gew\u00e4hrleistet volle Kompatibilit\u00e4t und Zuverl\u00e4ssigkeit<br data-start=\"919\" data-end=\"922\" \/>\u2714 <strong data-start=\"924\" data-end=\"943\">Modell: LS-5575P\/ LCD-Kabel \u2013 0921VJ DC02C000L0L<\/strong> \u2013 Speziell entwickelt f\u00fcr <strong data-start=\"972\" data-end=\"990\">Latitude E6410<\/strong> Laptops<br data-start=\"998\" data-end=\"1001\" \/>\u2714 <strong data-start=\"1003\" data-end=\"1030\">Stellt LED-Anzeigen wieder her<\/strong> \u2013 Repariert Strom-, Akku- und Statusleuchten<br data-start=\"1072\" data-end=\"1075\" \/>\u2714 <strong data-start=\"1077\" data-end=\"1097\">Getestet & Funktioniert<\/strong> \u2013 Professionell auf Funktionalit\u00e4t gepr\u00fcft<br data-start=\"1140\" data-end=\"1143\" \/>\u2714 <strong data-start=\"1145\" data-end=\"1165\">Einfacher Austausch<\/strong> \u2013 Perfekte Passform ohne \u00c4nderungen<\/p>\n<p data-start=\"1212\" data-end=\"1235\">\ud83d\udca1 <strong data-start=\"1215\" data-end=\"1233\">Kompatibilit\u00e4t:<\/strong><\/p>\n<ul data-start=\"1236\" data-end=\"1376\">\n<li data-start=\"1236\" data-end=\"1305\">Dell Latitude <strong data-start=\"1252\" data-end=\"1261\">E6410<\/strong> (\u00dcberpr\u00fcfen Sie Ihr Laptop-Modell vor dem Kauf)<\/li>\n<li data-start=\"1306\" data-end=\"1376\">Direkt <strong data-start=\"1315\" data-end=\"1334\">OEM-Ersatz<\/strong> \u2013 Keine Adapter oder Modifikationen erforderlich<\/li>\n<\/ul>\n<p data-start=\"1378\" data-end=\"1479\">\ud83d\udcf8 <strong data-start=\"1381\" data-end=\"1397\">Echte Fotos:<\/strong> Die Bilder in dieser Auflistung zeigen genau den Artikel, den Sie erhalten \u2013 keine \u00dcberraschungen!<\/p>\n<p data-start=\"1481\" data-end=\"1635\">\u2753 <strong data-start=\"1483\" data-end=\"1497\">Ben\u00f6tigen Sie Hilfe?<\/strong> Wir stellen zwar keine Installationsanleitung zur Verf\u00fcgung, aber Sie k\u00f6nnen uns gerne eine <strong data-start=\"1561\" data-end=\"1575\">Nachricht<\/strong> senden, wenn Sie vor oder nach dem Kauf Hilfe ben\u00f6tigen.<\/p>\n<p data-start=\"1637\" data-end=\"1760\">\ud83d\udce6 <strong data-start=\"1640\" data-end=\"1668\">Schneller weltweiter Versand!<\/strong> Lassen Sie Ihre <strong data-start=\"1678\" data-end=\"1702\">Dell E6410 LED-Platine<\/strong> schnell und einfach mit diesem <strong data-start=\"1741\" data-end=\"1757\">Originalteil<\/strong> austauschen.<\/p>\n","protected":false},"excerpt":{"rendered":"<p>Ersetzen Sie Ihre defekte <strong data-start=\"325\" data-end=\"338\">LED-Platine und LCD-Kabel \u2013 0921VJ DC02C000L0L<\/strong> durch dieses <strong data-start=\"349\" data-end=\"394\">Originalteil von Dell Latitude E6410 LS-5575P<\/strong>. Vollst\u00e4ndig getestet und einbaufertig. <strong data-start=\"431\" data-end=\"478\">Echte Fotos \u2013 was Sie sehen, ist was Sie bekommen!<\/strong><\/p>\n","protected":false},"featured_media":16808,"template":"","meta":[],"product_brand":[],"product_cat":[63],"product_tag":[53],"class_list":{"0":"post-16750","1":"product","2":"type-product","3":"status-publish","4":"has-post-thumbnail","6":"product_cat-motherboards-board-parts","7":"product_tag-dell","9":"first","10":"instock","11":"taxable","12":"shipping-taxable","13":"purchasable","14":"product-type-simple"},"_links":{"self":[{"href":"https:\/\/boreait.com\/de\/wp-json\/wp\/v2\/product\/16750","targetHints":{"allow":["GET"]}}],"collection":[{"href":"https:\/\/boreait.com\/de\/wp-json\/wp\/v2\/product"}],"about":[{"href":"https:\/\/boreait.com\/de\/wp-json\/wp\/v2\/types\/product"}],"wp:featuredmedia":[{"embeddable":true,"href":"https:\/\/boreait.com\/de\/wp-json\/wp\/v2\/media\/16808"}],"wp:attachment":[{"href":"https:\/\/boreait.com\/de\/wp-json\/wp\/v2\/media?parent=16750"}],"wp:term":[{"taxonomy":"product_brand","embeddable":true,"href":"https:\/\/boreait.com\/de\/wp-json\/wp\/v2\/product_brand?post=16750"},{"taxonomy":"product_cat","embeddable":true,"href":"https:\/\/boreait.com\/de\/wp-json\/wp\/v2\/product_cat?post=16750"},{"taxonomy":"product_tag","embeddable":true,"href":"https:\/\/boreait.com\/de\/wp-json\/wp\/v2\/product_tag?post=16750"}],"curies":[{"name":"wp","href":"https:\/\/api.w.org\/{rel}","templated":true}]}}