{"id":16740,"date":"2025-09-16T14:05:14","date_gmt":"2025-09-16T12:05:14","guid":{"rendered":"https:\/\/boreait.com\/de\/?post_type=product&#038;p=16740"},"modified":"2025-09-16T14:08:27","modified_gmt":"2025-09-16T12:08:27","slug":"dell-latitude-e6410-usb-audio-lan-karte-ls-5472p-0n3r3t-laptop-ersatz","status":"publish","type":"product","link":"https:\/\/boreait.com\/de\/produkt\/dell-latitude-e6410-usb-audio-lan-karte-ls-5472p-0n3r3t-laptop-ersatz\/","title":{"rendered":"Dell Latitude E6410 USB-Audio-LAN-Karte LS-5472P 0N3R3T \u2013 Laptop-Ersatz"},"content":{"rendered":"<p data-start=\"625\" data-end=\"893\">Stellen Sie mit dieser <strong data-start=\"660\" data-end=\"683\">USB-Audio-LAN-Karte (LS-5472P, 0N3R3T)<\/strong> die volle Funktionalit\u00e4t Ihres <strong data-start=\"660\" data-end=\"683\">Dell Latitude E6410<\/strong> wieder her. Egal, ob Sie mit <strong data-start=\"766\" data-end=\"835\">nicht funktionierenden USB-Anschl\u00fcssen, Audioproblemen oder Problemen mit der LAN-Verbindung<\/strong> zu k\u00e4mpfen haben, dieses Original-Ersatzteil ist die perfekte L\u00f6sung.<\/p>\n<p data-start=\"895\" data-end=\"1278\">\ud83d\udd39 <strong data-start=\"898\" data-end=\"915\">Hauptmerkmale:<\/strong><br data-start=\"915\" data-end=\"918\" \/>\u2714 <strong data-start=\"920\" data-end=\"956\">Originalteil f\u00fcr Dell Latitude E6410<\/strong> \u2013 Garantiert 100 % Kompatibilit\u00e4t<br data-start=\"985\" data-end=\"988\" \/>\u2714 <strong data-start=\"990\" data-end=\"1018\">Modell: LS-5472P (0N3R3T)<\/strong> \u2013 Speziell f\u00fcr Latitude E6410-Laptops entwickelt<br data-start=\"1069\" data-end=\"1072\" \/>\u2714 <strong data-start=\"1074\" data-end=\"1110\">Behebt USB-, Audio- und LAN-Probleme<\/strong> \u2013 Stellt die reibungslose Funktionalit\u00e4t wieder her<br data-start=\"1144\" data-end=\"1147\" \/>\u2714 <strong data-start=\"1149\" data-end=\"1170\">Einfache Installation<\/strong> \u2013 Perfekte Passform ohne \u00c4nderungen<br data-start=\"1206\" data-end=\"1209\" \/>\u2714 <strong data-start=\"1211\" data-end=\"1245\">SATA & Flachbandkabelanschl\u00fcsse<\/strong> \u2013 Gew\u00e4hrleistet eine einwandfreie Daten\u00fcbertragung<\/p>\n<p data-start=\"1280\" data-end=\"1303\">\ud83d\udca1 <strong data-start=\"1283\" data-end=\"1301\">Kompatibilit\u00e4t:<\/strong><\/p>\n<ul data-start=\"1304\" data-end=\"1459\">\n<li data-start=\"1304\" data-end=\"1386\">Entwickelt f\u00fcr <strong data-start=\"1319\" data-end=\"1342\">Dell Latitude E6410<\/strong> (Bitte \u00fcberpr\u00fcfen Sie Ihr Laptop-Modell vor dem Kauf)<\/li>\n<li data-start=\"1387\" data-end=\"1459\">Funktioniert mit <strong data-start=\"1400\" data-end=\"1432\">passenden internen Anschl\u00fcssen<\/strong> f\u00fcr eine nahtlose Integration<\/li>\n<\/ul>\n<p data-start=\"1461\" data-end=\"1562\">\ud83d\udcf8 <strong data-start=\"1464\" data-end=\"1480\">Echte Fotos:<\/strong> Die Bilder in dieser Auflistung zeigen genau den Artikel, den Sie erhalten werden \u2013 keine \u00dcberraschungen!<\/p>\n<p data-start=\"1564\" data-end=\"1718\">\u2753 <strong data-start=\"1566\" data-end=\"1580\">Ben\u00f6tigen Sie Hilfe?<\/strong> Wir stellen zwar keine Installationsanleitungen zur Verf\u00fcgung, aber Sie k\u00f6nnen uns gerne <strong data-start=\"1644\" data-end=\"1658\">eine Nachricht senden<\/strong>, wenn Sie vor oder nach dem Kauf Hilfe ben\u00f6tigen.<\/p>\n<p data-start=\"1720\" data-end=\"1852\">\ud83d\udce6 <strong data-start=\"1723\" data-end=\"1751\">Schneller weltweiter Versand!<\/strong> Sorgen Sie daf\u00fcr, dass Ihr Laptop wieder wie neu funktioniert mit diesem <strong data-start=\"1801\" data-end=\"1849\">hochwertige Ersatz-USB-Audio-LAN-Karte<\/strong>.<\/p>\n","protected":false},"excerpt":{"rendered":"<p>Original <strong data-start=\"339\" data-end=\"401\">Dell Latitude E6410 USB-Audio-LAN-Karte (LS-5472P, 0N3R3T)<\/strong>. Perfekter Ersatz f\u00fcr eine defekte Karte, gew\u00e4hrleistet nahtlose USB-, Audio- und LAN-Konnektivit\u00e4t. <strong data-start=\"495\" data-end=\"542\">Echte Fotos \u2013 was Sie sehen, ist, was Sie bekommen!<\/strong><\/p>\n","protected":false},"featured_media":16797,"template":"","meta":[],"product_brand":[],"product_cat":[63],"product_tag":[53],"class_list":{"0":"post-16740","1":"product","2":"type-product","3":"status-publish","4":"has-post-thumbnail","6":"product_cat-motherboards-board-parts","7":"product_tag-dell","9":"first","10":"instock","11":"taxable","12":"shipping-taxable","13":"purchasable","14":"product-type-simple"},"_links":{"self":[{"href":"https:\/\/boreait.com\/de\/wp-json\/wp\/v2\/product\/16740","targetHints":{"allow":["GET"]}}],"collection":[{"href":"https:\/\/boreait.com\/de\/wp-json\/wp\/v2\/product"}],"about":[{"href":"https:\/\/boreait.com\/de\/wp-json\/wp\/v2\/types\/product"}],"wp:featuredmedia":[{"embeddable":true,"href":"https:\/\/boreait.com\/de\/wp-json\/wp\/v2\/media\/16797"}],"wp:attachment":[{"href":"https:\/\/boreait.com\/de\/wp-json\/wp\/v2\/media?parent=16740"}],"wp:term":[{"taxonomy":"product_brand","embeddable":true,"href":"https:\/\/boreait.com\/de\/wp-json\/wp\/v2\/product_brand?post=16740"},{"taxonomy":"product_cat","embeddable":true,"href":"https:\/\/boreait.com\/de\/wp-json\/wp\/v2\/product_cat?post=16740"},{"taxonomy":"product_tag","embeddable":true,"href":"https:\/\/boreait.com\/de\/wp-json\/wp\/v2\/product_tag?post=16740"}],"curies":[{"name":"wp","href":"https:\/\/api.w.org\/{rel}","templated":true}]}}