{"id":16728,"date":"2025-09-16T14:04:43","date_gmt":"2025-09-16T12:04:43","guid":{"rendered":"https:\/\/boreait.com\/de\/?post_type=product&#038;p=16728"},"modified":"2025-09-16T14:07:39","modified_gmt":"2025-09-16T12:07:39","slug":"apple-macbook-pro-a1278-71-motherboard-p8800-266-ghz-4-gb-getestet-und-funktionsfaehig","status":"publish","type":"product","link":"https:\/\/boreait.com\/de\/produkt\/apple-macbook-pro-a1278-71-motherboard-p8800-266-ghz-4-gb-getestet-und-funktionsfaehig\/","title":{"rendered":"Apple MacBook Pro A1278 7,1 Motherboard P8800 2,66 GHz 4 GB \u2013 Getestet und funktionsf\u00e4hig"},"content":{"rendered":"<p data-start=\"617\" data-end=\"851\">Verleihen Sie Ihrem <strong data-start=\"627\" data-end=\"654\">MacBook Pro 7,1 (A1278)<\/strong> neues Leben mit diesem <strong data-start=\"685\" data-end=\"714\">Original-Motherboard von Apple<\/strong>, komplett mit einem <strong data-start=\"732\" data-end=\"772\">Core 2 Duo P8800 @ 2,66 GHz-Prozessor<\/strong> und <strong data-start=\"777\" data-end=\"788\">4 GB RAM<\/strong>. Perfekt f\u00fcr Reparaturen, Upgrades oder die \u00dcberholung Ihres Ger\u00e4ts.<\/p>\n<p data-start=\"853\" data-end=\"1273\">\ud83d\udd39 <strong data-start=\"856\" data-end=\"873\">Hauptmerkmale:<\/strong><br data-start=\"873\" data-end=\"876\" \/>\u2714 <strong data-start=\"878\" data-end=\"907\">Original Apple Logic Board<\/strong> \u2013 F\u00fcr Langlebigkeit und reibungslose Leistung<br data-start=\"955\" data-end=\"958\" \/>\u2714 <strong data-start=\"960\" data-end=\"994\">Modell: MacBook Pro 7,1 (A1278)<\/strong> \u2013 Kompatibilit\u00e4t vor dem Kauf pr\u00fcfen<br data-start=\"1033\" data-end=\"1036\" \/>\u2714 <strong data-start=\"1038\" data-end=\"1085\">Prozessor: Intel Core 2 Duo P8800 @ 2,66 GHz<\/strong> \u2013 Zuverl\u00e4ssige Leistung f\u00fcr allt\u00e4gliche Aufgaben<br data-start=\"1127\" data-end=\"1130\" \/>\u2714 <strong data-start=\"1132\" data-end=\"1156\">4 GB RAM vorinstalliert<\/strong> \u2013 Bereit f\u00fcr reibungsloses Multitasking<br data-start=\"1188\" data-end=\"1191\" \/>\u2714 <strong data-start=\"1193\" data-end=\"1222\">Getestet & Voll funktionsf\u00e4hig<\/strong> \u2013 Professionelle Qualit\u00e4tspr\u00fcfung<\/p>\n<p data-start=\"1275\" data-end=\"1298\">\ud83d\udca1 <strong data-start=\"1278\" data-end=\"1296\">Kompatibilit\u00e4t:<\/strong><\/p>\n<ul data-start=\"1299\" data-end=\"1499\">\n<li data-start=\"1299\" data-end=\"1366\">Entwickelt f\u00fcr <strong data-start=\"1314\" data-end=\"1364\">Apple MacBook Pro A1278 (Mitte 2010, 7.1-Serie)<\/strong><\/li>\n<li data-start=\"1367\" data-end=\"1424\">Direkter Ersatz f\u00fcr defekte oder besch\u00e4digte Motherboards<\/li>\n<li data-start=\"1425\" data-end=\"1499\"><strong data-start=\"1427\" data-end=\"1455\">\u00dcberpr\u00fcfen Sie vor dem Kauf Ihr MacBook-Modell<\/strong>, um die Kompatibilit\u00e4t sicherzustellen.<\/li>\n<\/ul>\n<p data-start=\"1501\" data-end=\"1591\">\ud83d\udcf8 <strong data-start=\"1504\" data-end=\"1520\">Echte Fotos:<\/strong> Sie erhalten genau das, was auf den Bildern zu sehen ist \u2013 keine \u00dcberraschungen!<\/p>\n<p data-start=\"1593\" data-end=\"1711\">\u2753 <strong data-start=\"1595\" data-end=\"1609\">Ben\u00f6tigen Sie Hilfe?<\/strong> Wir stellen keine Installationsanleitungen zur Verf\u00fcgung. Sie k\u00f6nnen uns jedoch gerne eine <strong data-start=\"1671\" data-end=\"1685\">Nachricht<\/strong> senden, wenn Sie Hilfe ben\u00f6tigen.<\/p>\n<p data-start=\"1713\" data-end=\"1824\">\ud83d\udce6 <strong data-start=\"1716\" data-end=\"1744\">Schneller weltweiter Versand!<\/strong> Bringen Sie Ihr MacBook Pro mit diesem <strong data-start=\"1791\" data-end=\"1821\">originalen Apple-Motherboard<\/strong> wieder in Betrieb.<\/p>\n","protected":false},"excerpt":{"rendered":"<p>Aktualisieren oder ersetzen Sie Ihr <strong data-start=\"381\" data-end=\"424\">Apple MacBook Pro 7,1 A1278 Motherboard<\/strong> mit einer <strong data-start=\"439\" data-end=\"479\">Intel Core 2 Duo P8800 @ 2,66 GHz CPU<\/strong> und <strong data-start=\"484\" data-end=\"495\">4 GB RAM<\/strong>. <strong data-start=\"497\" data-end=\"534\">Vollst\u00e4ndig getestet und 100 % funktionsf\u00e4hig!<\/strong><\/p>\n","protected":false},"featured_media":16780,"template":"","meta":[],"product_brand":[],"product_cat":[63],"product_tag":[87],"class_list":{"0":"post-16728","1":"product","2":"type-product","3":"status-publish","4":"has-post-thumbnail","6":"product_cat-motherboards-board-parts","7":"product_tag-apple","9":"first","10":"instock","11":"taxable","12":"shipping-taxable","13":"purchasable","14":"product-type-simple"},"_links":{"self":[{"href":"https:\/\/boreait.com\/de\/wp-json\/wp\/v2\/product\/16728","targetHints":{"allow":["GET"]}}],"collection":[{"href":"https:\/\/boreait.com\/de\/wp-json\/wp\/v2\/product"}],"about":[{"href":"https:\/\/boreait.com\/de\/wp-json\/wp\/v2\/types\/product"}],"wp:featuredmedia":[{"embeddable":true,"href":"https:\/\/boreait.com\/de\/wp-json\/wp\/v2\/media\/16780"}],"wp:attachment":[{"href":"https:\/\/boreait.com\/de\/wp-json\/wp\/v2\/media?parent=16728"}],"wp:term":[{"taxonomy":"product_brand","embeddable":true,"href":"https:\/\/boreait.com\/de\/wp-json\/wp\/v2\/product_brand?post=16728"},{"taxonomy":"product_cat","embeddable":true,"href":"https:\/\/boreait.com\/de\/wp-json\/wp\/v2\/product_cat?post=16728"},{"taxonomy":"product_tag","embeddable":true,"href":"https:\/\/boreait.com\/de\/wp-json\/wp\/v2\/product_tag?post=16728"}],"curies":[{"name":"wp","href":"https:\/\/api.w.org\/{rel}","templated":true}]}}