{"id":16717,"date":"2025-09-16T14:03:44","date_gmt":"2025-09-16T12:03:44","guid":{"rendered":"https:\/\/boreait.com\/de\/?post_type=product&#038;p=16717"},"modified":"2026-02-08T08:33:19","modified_gmt":"2026-02-08T07:33:19","slug":"toshiba-satellite-c50d-a-133-wlan-karte-qcwb335-original-laptopteil","status":"publish","type":"product","link":"https:\/\/boreait.com\/de\/produkt\/toshiba-satellite-c50d-a-133-wlan-karte-qcwb335-original-laptopteil\/","title":{"rendered":"Toshiba Satellite C50D-A-133 WLAN-Karte QCWB335 \u2013 Original-Laptopteil"},"content":{"rendered":"<p data-start=\"589\" data-end=\"840\">Verbinden Sie Ihr <strong data-start=\"598\" data-end=\"630\">Toshiba Satellite C50D-A-133<\/strong> mit dieser <strong data-start=\"651\" data-end=\"699\">originalen Qualcomm Atheros QCWB335 Wi-Fi-Karte<\/strong>. Dieses <strong data-start=\"758\" data-end=\"781\">Original-Laptopteil<\/strong> wurde f\u00fcr stabile und schnelle WLAN-Verbindungen entwickelt und gew\u00e4hrleistet reibungslosen Internetzugang und zuverl\u00e4ssige Leistung.<\/p>\n<p data-start=\"842\" data-end=\"1275\">\ud83d\udd39 <strong data-start=\"845\" data-end=\"862\">Hauptmerkmale:<\/strong><br data-start=\"862\" data-end=\"865\" \/>\u2714 <strong data-start=\"867\" data-end=\"903\">Original Qualcomm Atheros QCWB335<\/strong> \u2013 Zuverl\u00e4ssiges und leistungsstarkes WLAN<br data-start=\"941\" data-end=\"944\" \/>\u2714 <strong data-start=\"946\" data-end=\"990\">Unterst\u00fctzt Dualband-WLAN (2,4 GHz und 5 GHz)<\/strong> \u2013 H\u00f6here Geschwindigkeiten und stabile Verbindung<br data-start=\"1026\" data-end=\"1029\" \/>\u2714 <strong data-start=\"1031\" data-end=\"1056\">Bluetooth 4.0-Unterst\u00fctzung<\/strong> \u2013 Kabellose Konnektivit\u00e4t f\u00fcr Peripherieger\u00e4te<br data-start=\"1096\" data-end=\"1099\" \/>\u2714 <strong data-start=\"1101\" data-end=\"1124\">Mini-PCIe-Schnittstelle<\/strong> \u2013 Einfache Installation auf kompatiblen Laptops<br data-start=\"1166\" data-end=\"1169\" \/>\u2714 <strong data-start=\"1171\" data-end=\"1216\">Entwickelt f\u00fcr Toshiba Satellite C50D-A-133<\/strong> \u2013 Perfekter Ersatz f\u00fcr besch\u00e4digte oder fehlende WLAN-Karten<\/p>\n<p data-start=\"1277\" data-end=\"1300\">\ud83d\udca1 <strong data-start=\"1280\" data-end=\"1298\">Kompatibilit\u00e4t:<\/strong><\/p>\n<ul data-start=\"1301\" data-end=\"1484\">\n<li data-start=\"1301\" data-end=\"1361\">Speziell getestet f\u00fcr <strong data-start=\"1327\" data-end=\"1359\">Toshiba Satellite C50D-A-133<\/strong><\/li>\n<li data-start=\"1362\" data-end=\"1484\">Standard <strong data-start=\"1373\" data-end=\"1386\">Mini-PCIe<\/strong>-Steckplatz \u2013 Funktioniert m\u00f6glicherweise mit anderen kompatiblen Toshiba- und Nicht-Toshiba-Laptops (\u00fcberpr\u00fcfen Sie Ihre Systemanforderungen)<\/li>\n<\/ul>\n<p data-start=\"1486\" data-end=\"1585\">\ud83d\udcf8 <strong data-start=\"1489\" data-end=\"1505\">Echte Fotos:<\/strong> Die Bilder in dieser Auflistung zeigen genau den Artikel, den Sie erhalten werden \u2013 keine \u00dcberraschungen!<\/p>\n<p data-start=\"1587\" data-end=\"1748\">\u2753 <strong data-start=\"1589\" data-end=\"1603\">Ben\u00f6tigen Sie Hilfe?<\/strong> Wenn Sie Fragen zur Kompatibilit\u00e4t haben, k\u00f6nnen Sie uns gerne eine <strong data-start=\"1658\" data-end=\"1672\">Nachricht senden<\/strong>. Wir stellen zwar keine Installationsanleitung zur Verf\u00fcgung, helfen Ihnen aber gerne weiter!<\/p>\n<p data-start=\"1750\" data-end=\"1872\">\ud83d\udce6 <strong data-start=\"1753\" data-end=\"1781\">Schneller weltweiter Versand!<\/strong> R\u00fcsten Sie Ihr <strong data-start=\"1795\" data-end=\"1811\">Laptop-WLAN<\/strong> noch heute mit dieser originalen <strong data-start=\"1836\" data-end=\"1864\">Qualcomm Atheros QCWB335<\/strong>-Karte auf.<\/p>\n","protected":false},"excerpt":{"rendered":"<p>Aktualisieren oder ersetzen Sie das WLAN Ihres Laptops mit dieser <strong data-start=\"372\" data-end=\"408\">Original-Qualcomm Atheros QCWB335<\/strong>-Karte, entwickelt f\u00fcr <strong data-start=\"428\" data-end=\"460\">Toshiba Satellite C50D-A-133<\/strong>. <strong data-start=\"462\" data-end=\"506\">Echte Fotos \u2013 genau das, was Sie erhalten!<\/strong><\/p>\n","protected":false},"featured_media":16772,"template":"","meta":[],"product_brand":[],"product_cat":[63],"product_tag":[],"class_list":{"0":"post-16717","1":"product","2":"type-product","3":"status-publish","4":"has-post-thumbnail","6":"product_cat-motherboards-board-parts","8":"first","9":"instock","10":"taxable","11":"shipping-taxable","12":"purchasable","13":"product-type-simple"},"_links":{"self":[{"href":"https:\/\/boreait.com\/de\/wp-json\/wp\/v2\/product\/16717","targetHints":{"allow":["GET"]}}],"collection":[{"href":"https:\/\/boreait.com\/de\/wp-json\/wp\/v2\/product"}],"about":[{"href":"https:\/\/boreait.com\/de\/wp-json\/wp\/v2\/types\/product"}],"wp:featuredmedia":[{"embeddable":true,"href":"https:\/\/boreait.com\/de\/wp-json\/wp\/v2\/media\/16772"}],"wp:attachment":[{"href":"https:\/\/boreait.com\/de\/wp-json\/wp\/v2\/media?parent=16717"}],"wp:term":[{"taxonomy":"product_brand","embeddable":true,"href":"https:\/\/boreait.com\/de\/wp-json\/wp\/v2\/product_brand?post=16717"},{"taxonomy":"product_cat","embeddable":true,"href":"https:\/\/boreait.com\/de\/wp-json\/wp\/v2\/product_cat?post=16717"},{"taxonomy":"product_tag","embeddable":true,"href":"https:\/\/boreait.com\/de\/wp-json\/wp\/v2\/product_tag?post=16717"}],"curies":[{"name":"wp","href":"https:\/\/api.w.org\/{rel}","templated":true}]}}