{"id":16716,"date":"2025-09-16T14:03:44","date_gmt":"2025-09-16T12:03:44","guid":{"rendered":"https:\/\/boreait.com\/de\/?post_type=product&#038;p=16716"},"modified":"2025-09-16T14:07:00","modified_gmt":"2025-09-16T12:07:00","slug":"toshiba-satellite-c50d-a-133-untere-abdeckung-pscgwe-original-laptopteil","status":"publish","type":"product","link":"https:\/\/boreait.com\/de\/produkt\/toshiba-satellite-c50d-a-133-untere-abdeckung-pscgwe-original-laptopteil\/","title":{"rendered":"Toshiba Satellite C50D-A-133 Untere Abdeckung PSCGWE \u2013 Original-Laptopteil"},"content":{"rendered":"<p data-start=\"589\" data-end=\"825\">Bringen Sie Ihr <strong data-start=\"598\" data-end=\"630\">Toshiba Satellite C50D-A-133<\/strong> mit dieser <strong data-start=\"672\" data-end=\"711\">Original-Unterabdeckung (PSCGWE)<\/strong> wieder in seinen Originalzustand. Dieses <strong data-start=\"745\" data-end=\"772\">Laptop-Ersatzteil<\/strong> ist passgenau und bietet Schutz und Stabilit\u00e4t f\u00fcr Ihr Ger\u00e4t.<\/p>\n<p data-start=\"827\" data-end=\"1260\">\ud83d\udd39 <strong data-start=\"830\" data-end=\"847\">Hauptmerkmale:<\/strong><br data-start=\"847\" data-end=\"850\" \/>\u2714 <strong data-start=\"852\" data-end=\"877\">Original-Toshiba-Teil<\/strong> \u2013 Gew\u00e4hrleistet perfekte Passform und Kompatibilit\u00e4t<br data-start=\"917\" data-end=\"920\" \/>\u2714 <strong data-start=\"922\" data-end=\"939\">Modell: PSCGWE<\/strong> \u2013 Speziell f\u00fcr <strong data-start=\"964\" data-end=\"996\">Toshiba Satellite C50D-A-133<\/strong><br data-start=\"996\" data-end=\"999\" \/>\u2714 <strong data-start=\"1001\" data-end=\"1033\">Sch\u00fctzt interne Komponenten<\/strong> \u2013 Sch\u00fctzt die internen Komponenten Ihres Laptops vor Staub und Besch\u00e4digungen<br data-start=\"1088\" data-end=\"1091\" \/>\u2714 <strong data-start=\"1093\" data-end=\"1113\">Vorgestanzte \u00d6ffnungen<\/strong> \u2013 Passen sich Anschl\u00fcssen, Schrauben und Bel\u00fcftungs\u00f6ffnungen an und sorgen so f\u00fcr eine optimale Luftzirkulation<br data-start=\"1177\" data-end=\"1180\" \/>\u2714 <strong data-start=\"1182\" data-end=\"1202\">Einfacher Austausch<\/strong> \u2013 Problemlose Installation ohne \u00c4nderungen<\/p>\n<p data-start=\"1262\" data-end=\"1285\">\ud83d\udca1 <strong data-start=\"1265\" data-end=\"1283\">Kompatibilit\u00e4t:<\/strong><\/p>\n<ul data-start=\"1286\" data-end=\"1433\">\n<li data-start=\"1286\" data-end=\"1358\">Kompatibel mit <strong data-start=\"1304\" data-end=\"1336\">Toshiba Satellite C50D-A-133<\/strong> (Modell: <strong data-start=\"1345\" data-end=\"1355\">PSCGWE<\/strong>)<\/li>\n<li data-start=\"1359\" data-end=\"1433\">Passt m\u00f6glicherweise auch zu anderen Modellen der <strong data-start=\"1375\" data-end=\"1400\">Toshiba C50D-A-Serie<\/strong> \u2013 bitte vor dem Kauf pr\u00fcfen<\/li>\n<\/ul>\n<p data-start=\"1435\" data-end=\"1554\">\ud83d\udcf8 <strong data-start=\"1438\" data-end=\"1454\">Echte Fotos:<\/strong> Die Bilder in dieser Auflistung zeigen die genaue <strong data-start=\"1497\" data-end=\"1519\">untere Abdeckung<\/strong>, die Sie erhalten \u2013 keine \u00dcberraschungen!<\/p>\n<p data-start=\"1556\" data-end=\"1710\">\u2753 <strong data-start=\"1558\" data-end=\"1572\">Ben\u00f6tigen Sie Hilfe?<\/strong> Wir stellen zwar keine Installationsanleitung zur Verf\u00fcgung, aber Sie k\u00f6nnen uns gerne <strong data-start=\"1636\" data-end=\"1650\">eine Nachricht senden<\/strong>, wenn Sie vor oder nach dem Kauf Hilfe ben\u00f6tigen.<\/p>\n<p data-start=\"1712\" data-end=\"1830\">\ud83d\udce6 <strong data-start=\"1715\" data-end=\"1743\">Schneller weltweiter Versand!<\/strong> Stellen Sie Ihre <strong data-start=\"1757\" wieder her. data-end=\"1775\">Toshiba-Laptop<\/strong> mit dieser hochwertigen <strong data-start=\"1799\" data-end=\"1821\">Unterbodenabdeckung<\/strong> noch heute.<\/p>\n","protected":false},"excerpt":{"rendered":"<p>Ersetzen Sie Ihre besch\u00e4digte oder fehlende <strong data-start=\"363\" data-end=\"423\">untere Abdeckung (PSCGWE) f\u00fcr Toshiba Satellite C50D-A-133<\/strong> durch dieses <strong data-start=\"434\" data-end=\"457\">Original-Laptopteil<\/strong>. <strong data-start=\"459\" data-end=\"506\">Echte Fotos \u2013 was Sie sehen, ist das, was Sie bekommen!<\/strong><\/p>\n","protected":false},"featured_media":16770,"template":"","meta":[],"product_brand":[],"product_cat":[52],"product_tag":[],"class_list":{"0":"post-16716","1":"product","2":"type-product","3":"status-publish","4":"has-post-thumbnail","6":"product_cat-laptop-housing","8":"first","9":"instock","10":"taxable","11":"shipping-taxable","12":"purchasable","13":"product-type-simple"},"_links":{"self":[{"href":"https:\/\/boreait.com\/de\/wp-json\/wp\/v2\/product\/16716","targetHints":{"allow":["GET"]}}],"collection":[{"href":"https:\/\/boreait.com\/de\/wp-json\/wp\/v2\/product"}],"about":[{"href":"https:\/\/boreait.com\/de\/wp-json\/wp\/v2\/types\/product"}],"wp:featuredmedia":[{"embeddable":true,"href":"https:\/\/boreait.com\/de\/wp-json\/wp\/v2\/media\/16770"}],"wp:attachment":[{"href":"https:\/\/boreait.com\/de\/wp-json\/wp\/v2\/media?parent=16716"}],"wp:term":[{"taxonomy":"product_brand","embeddable":true,"href":"https:\/\/boreait.com\/de\/wp-json\/wp\/v2\/product_brand?post=16716"},{"taxonomy":"product_cat","embeddable":true,"href":"https:\/\/boreait.com\/de\/wp-json\/wp\/v2\/product_cat?post=16716"},{"taxonomy":"product_tag","embeddable":true,"href":"https:\/\/boreait.com\/de\/wp-json\/wp\/v2\/product_tag?post=16716"}],"curies":[{"name":"wp","href":"https:\/\/api.w.org\/{rel}","templated":true}]}}