{"id":16715,"date":"2025-09-16T14:03:43","date_gmt":"2025-09-16T12:03:43","guid":{"rendered":"https:\/\/boreait.com\/de\/?post_type=product&#038;p=16715"},"modified":"2025-09-16T14:06:52","modified_gmt":"2025-09-16T12:06:52","slug":"toshiba-satellite-c50d-a-133-handauflage-touchpad-power-button-board","status":"publish","type":"product","link":"https:\/\/boreait.com\/de\/produkt\/toshiba-satellite-c50d-a-133-handauflage-touchpad-power-button-board\/","title":{"rendered":"Toshiba Satellite C50D-A-133 Handauflage + Touchpad &#038; Power Button Board"},"content":{"rendered":"<p data-start=\"609\" data-end=\"877\">Stellen Sie Ihr <strong data-start=\"622\" data-end=\"654\">Toshiba Satellite C50D-A-133<\/strong> mit dieser <strong data-start=\"665\" data-end=\"695\">originalen Handballenauflage<\/strong> wieder her, komplett mit einem <strong data-start=\"713\" data-end=\"765\">voll funktionsf\u00e4higen Touchpad und einer Netzschalterplatine<\/strong>. Dieses Ersatzteil passt perfekt zu Ihrem Laptop und gew\u00e4hrleistet einen reibungslosen Betrieb und ein professionelles Finish.<\/p>\n<p data-start=\"879\" data-end=\"1255\">\ud83d\udd39 <strong data-start=\"882\" data-end=\"899\">Hauptmerkmale:<\/strong><br data-start=\"899\" data-end=\"902\" \/>\u2714 <strong data-start=\"904\" data-end=\"928\">Original-Toshiba-Teil<\/strong> \u2013 Sorgt f\u00fcr perfekte Passform und Leistung<br data-start=\"966\" data-end=\"969\" \/>\u2714 <strong data-start=\"971\" data-end=\"1002\">Inklusive Power-Button-Platine<\/strong> \u2013 Kein Austausch der alten Handballenauflage erforderlich<br data-start=\"1042\" data-end=\"1045\" \/>\u2714 <strong data-start=\"1047\" data-end=\"1070\">Integriertes Touchpad<\/strong> \u2013 Reaktionsschnelle und pr\u00e4zise Steuerung<br data-start=\"1103\" data-end=\"1106\" \/>\u2714 <strong data-start=\"1108\" data-end=\"1128\">Robust & Langlebig<\/strong> \u2013 Entspricht der Originalkonstruktion Ihres Laptops<br data-start=\"1167\" data-end=\"1170\" \/>\u2714 <strong data-start=\"1172\" data-end=\"1193\">Einfache Installation<\/strong> \u2013 Idealer Ersatz f\u00fcr besch\u00e4digte oder nicht funktionierende Handballenauflagen<\/p>\n<p data-start=\"1257\" data-end=\"1280\">\ud83d\udca1 <strong data-start=\"1260\" data-end=\"1278\">Kompatibilit\u00e4t:<\/strong><\/p>\n<ul data-start=\"1281\" data-end=\"1424\">\n<li data-start=\"1281\" data-end=\"1343\">Speziell entwickelt f\u00fcr <strong data-start=\"1309\" data-end=\"1341\">Toshiba Satellite C50D-A-133<\/strong><\/li>\n<li data-start=\"1344\" data-end=\"1424\">Passt m\u00f6glicherweise auch zu anderen Modellen der <strong data-start=\"1360\" data-end=\"1377\">C50D-A-Serie<\/strong> (\u00dcberpr\u00fcfen Sie Ihr Notebook vor dem Kauf)<\/li>\n<\/ul>\n<p data-start=\"1426\" data-end=\"1527\">\ud83d\udcf8 <strong data-start=\"1429\" data-end=\"1445\">Echte Fotos:<\/strong> Die Bilder in dieser Auflistung zeigen genau den Artikel, den Sie erhalten \u2013 keine \u00dcberraschungen!<\/p>\n<p data-start=\"1529\" data-end=\"1683\">\u2753 <strong data-start=\"1531\" data-end=\"1545\">Ben\u00f6tigen Sie Hilfe?<\/strong> Wir stellen zwar keine Installationsanleitungen zur Verf\u00fcgung, aber Sie k\u00f6nnen uns gerne eine <strong data-start=\"1609\" data-end=\"1623\">Nachricht<\/strong> senden, wenn Sie vor oder nach dem Kauf Hilfe ben\u00f6tigen.<\/p>\n<p data-start=\"1685\" data-end=\"1770\">\ud83d\udce6 <strong data-start=\"1688\" data-end=\"1716\">Schneller weltweiter Versand!<\/strong> Sorgen Sie daf\u00fcr, dass Ihr Laptop wieder wie neu aussieht und funktioniert.<\/p>\n","protected":false},"excerpt":{"rendered":"<p>Original <strong data-start=\"345\" data-end=\"386\">Toshiba Satellite C50D-A-133 Handauflage<\/strong> mit <strong data-start=\"392\" data-end=\"425\">Netzschalterplatine und Touchpad<\/strong>. Perfekter Ersatz f\u00fcr ein besch\u00e4digtes oder abgenutztes Ger\u00e4t. <strong data-start=\"479\" data-end=\"526\">Echte Fotos \u2013 was Sie sehen, ist, was Sie bekommen!<\/strong><\/p>\n","protected":false},"featured_media":16768,"template":"","meta":[],"product_brand":[],"product_cat":[52],"product_tag":[70],"class_list":{"0":"post-16715","1":"product","2":"type-product","3":"status-publish","4":"has-post-thumbnail","6":"product_cat-laptop-housing","7":"product_tag-toshiba","9":"first","10":"instock","11":"taxable","12":"shipping-taxable","13":"purchasable","14":"product-type-simple"},"_links":{"self":[{"href":"https:\/\/boreait.com\/de\/wp-json\/wp\/v2\/product\/16715","targetHints":{"allow":["GET"]}}],"collection":[{"href":"https:\/\/boreait.com\/de\/wp-json\/wp\/v2\/product"}],"about":[{"href":"https:\/\/boreait.com\/de\/wp-json\/wp\/v2\/types\/product"}],"wp:featuredmedia":[{"embeddable":true,"href":"https:\/\/boreait.com\/de\/wp-json\/wp\/v2\/media\/16768"}],"wp:attachment":[{"href":"https:\/\/boreait.com\/de\/wp-json\/wp\/v2\/media?parent=16715"}],"wp:term":[{"taxonomy":"product_brand","embeddable":true,"href":"https:\/\/boreait.com\/de\/wp-json\/wp\/v2\/product_brand?post=16715"},{"taxonomy":"product_cat","embeddable":true,"href":"https:\/\/boreait.com\/de\/wp-json\/wp\/v2\/product_cat?post=16715"},{"taxonomy":"product_tag","embeddable":true,"href":"https:\/\/boreait.com\/de\/wp-json\/wp\/v2\/product_tag?post=16715"}],"curies":[{"name":"wp","href":"https:\/\/api.w.org\/{rel}","templated":true}]}}