{"id":16707,"date":"2025-09-16T14:03:16","date_gmt":"2025-09-16T12:03:16","guid":{"rendered":"https:\/\/boreait.com\/de\/?post_type=product&#038;p=16707"},"modified":"2025-09-16T14:05:59","modified_gmt":"2025-09-16T12:05:59","slug":"toshiba-satellite-c50d-a-133-motherboard-mit-amd-e1-2100-cpu-getestet-und-funktionsfaehig","status":"publish","type":"product","link":"https:\/\/boreait.com\/de\/produkt\/toshiba-satellite-c50d-a-133-motherboard-mit-amd-e1-2100-cpu-getestet-und-funktionsfaehig\/","title":{"rendered":"Toshiba Satellite C50D-A-133 Motherboard mit AMD E1-2100 CPU \u2013 Getestet und funktionsf\u00e4hig"},"content":{"rendered":"<p data-start=\"595\" data-end=\"848\">Bringen Sie Ihren <strong data-start=\"604\" data-end=\"643\">Toshiba Satellite C50D-A-133 Laptop<\/strong> mit diesem <strong data-start=\"676\" data-end=\"700\">Original-Motherboard<\/strong>, komplett mit einem <strong data-start=\"719\" data-end=\"744\">AMD E1-2100 Prozessor<\/strong>, wieder in Betrieb. Dieses <strong data-start=\"751\" data-end=\"775\">OEM-Ersatzteil<\/strong> gew\u00e4hrleistet volle Kompatibilit\u00e4t, stabile Leistung und einfache Installation.<\/p>\n<p data-start=\"850\" data-end=\"1299\">\ud83d\udd39 <strong data-start=\"853\" data-end=\"870\">Hauptmerkmale:<\/strong><br data-start=\"870\" data-end=\"873\" \/>\u2714 <strong data-start=\"875\" data-end=\"906\">Original Toshiba Motherboard<\/strong> \u2013 Passgenau f\u00fcr das <strong data-start=\"929\" data-end=\"949\">Modell C50D-A-133<\/strong><br data-start=\"949\" data-end=\"952\" \/>\u2714 <strong data-start=\"954\" data-end=\"980\">Prozessor: AMD E1-2100<\/strong> \u2013 Energieeffiziente Dual-Core-CPU f\u00fcr allt\u00e4gliche Aufgaben<br data-start=\"1032\" data-end=\"1035\" \/>\u2714 <strong data-start=\"1037\" data-end=\"1063\">Vollst\u00e4ndig getestet und funktionsf\u00e4hig<\/strong> \u2013 Installationsbereit, keine zus\u00e4tzlichen Konfigurationen erforderlich<br data-start=\"1119\" data-end=\"1122\" \/>\u2714 <strong data-start=\"1124\" data-end=\"1158\">Komplett mit K\u00fchlk\u00f6rperhalterung<\/strong> \u2013 Gew\u00e4hrleistet die ordnungsgem\u00e4\u00dfe W\u00e4rmeableitung (falls zutreffend)<br data-start=\"1208\" data-end=\"1211\" \/>\u2714 <strong data-start=\"1213\" data-end=\"1244\">Standardanschl\u00fcsse und Anschl\u00fcsse<\/strong> \u2013 Entspricht dem Originaldesign f\u00fcr ein nahtloses Upgrade<\/p>\n<p data-start=\"1301\" data-end=\"1324\">\ud83d\udca1 <strong data-start=\"1304\" data-end=\"1322\">Kompatibilit\u00e4t:<\/strong><\/p>\n<ul data-start=\"1325\" data-end=\"1509\">\n<li data-start=\"1325\" data-end=\"1382\">Entwickelt f\u00fcr <strong data-start=\"1340\" data-end=\"1380\">Toshiba Satellite C50D-A-133 Laptops<\/strong><\/li>\n<li data-start=\"1383\" data-end=\"1450\">Standard-Motherboard-Layout mit <strong data-start=\"1418\" \u200b\u200bdata-end=\"1448\">integrierter AMD E1-2100 CPU<\/strong><\/li>\n<li data-start=\"1451\" data-end=\"1509\">\u00dcberpr\u00fcfen Sie vor dem Kauf Ihr aktuelles Motherboard-Modell.<\/li>\n<\/ul>\n<p data-start=\"1511\" data-end=\"1612\">\ud83d\udcf8 <strong data-start=\"1514\" data-end=\"1530\">Echte Fotos:<\/strong> Die Bilder in dieser Auflistung zeigen genau den Artikel, den Sie erhalten werden \u2013 keine \u00dcberraschungen!<\/p>\n<p data-start=\"1614\" data-end=\"1768\">\u2753 <strong data-start=\"1616\" data-end=\"1630\">Ben\u00f6tigen Sie Hilfe?<\/strong> Wir stellen zwar keine Installationsanleitungen zur Verf\u00fcgung, aber Sie k\u00f6nnen uns gerne <strong data-start=\"1694\" data-end=\"1708\">eine Nachricht senden<\/strong>, wenn Sie vor oder nach dem Kauf Hilfe ben\u00f6tigen.<\/p>\n<p data-start=\"1770\" data-end=\"1888\">\ud83d\udce6 <strong data-start=\"1773\" data-end=\"1801\">Schneller weltweiter Versand!<\/strong> Sorgen Sie mit diesem <strong data-start=\"1851\" data-end=\"1885\">Toshiba C50D-A-133-Motherboard<\/strong> daf\u00fcr, dass Ihr Laptop wieder reibungslos l\u00e4uft.<\/p>\n","protected":false},"excerpt":{"rendered":"<p>Original <strong data-start=\"349\" data-end=\"393\">Toshiba Satellite C50D-A-133 Motherboard<\/strong> mit <strong data-start=\"399\" data-end=\"424\">AMD E1-2100 Prozessor<\/strong>. Vollst\u00e4ndig getestet und in funktionsf\u00e4higem Zustand. <strong data-start=\"465\" data-end=\"512\">Echte Fotos \u2013 was Sie sehen, ist was Sie bekommen!<\/strong><\/p>\n","protected":false},"featured_media":16756,"template":"","meta":[],"product_brand":[],"product_cat":[63],"product_tag":[70],"class_list":{"0":"post-16707","1":"product","2":"type-product","3":"status-publish","4":"has-post-thumbnail","6":"product_cat-motherboards-board-parts","7":"product_tag-toshiba","9":"first","10":"instock","11":"taxable","12":"shipping-taxable","13":"purchasable","14":"product-type-simple"},"_links":{"self":[{"href":"https:\/\/boreait.com\/de\/wp-json\/wp\/v2\/product\/16707","targetHints":{"allow":["GET"]}}],"collection":[{"href":"https:\/\/boreait.com\/de\/wp-json\/wp\/v2\/product"}],"about":[{"href":"https:\/\/boreait.com\/de\/wp-json\/wp\/v2\/types\/product"}],"wp:featuredmedia":[{"embeddable":true,"href":"https:\/\/boreait.com\/de\/wp-json\/wp\/v2\/media\/16756"}],"wp:attachment":[{"href":"https:\/\/boreait.com\/de\/wp-json\/wp\/v2\/media?parent=16707"}],"wp:term":[{"taxonomy":"product_brand","embeddable":true,"href":"https:\/\/boreait.com\/de\/wp-json\/wp\/v2\/product_brand?post=16707"},{"taxonomy":"product_cat","embeddable":true,"href":"https:\/\/boreait.com\/de\/wp-json\/wp\/v2\/product_cat?post=16707"},{"taxonomy":"product_tag","embeddable":true,"href":"https:\/\/boreait.com\/de\/wp-json\/wp\/v2\/product_tag?post=16707"}],"curies":[{"name":"wp","href":"https:\/\/api.w.org\/{rel}","templated":true}]}}