{"id":16695,"date":"2025-09-16T14:02:19","date_gmt":"2025-09-16T12:02:19","guid":{"rendered":"https:\/\/boreait.com\/de\/?post_type=product&#038;p=16695"},"modified":"2026-02-08T08:32:11","modified_gmt":"2026-02-08T07:32:11","slug":"toshiba-satellite-c50d-a-133-untere-abdeckung-original-laptopteil","status":"publish","type":"product","link":"https:\/\/boreait.com\/de\/produkt\/toshiba-satellite-c50d-a-133-untere-abdeckung-original-laptopteil\/","title":{"rendered":"Toshiba Satellite C50D-A-133 Untere Abdeckung \u2013 Original-Laptopteil"},"content":{"rendered":"<p data-start=\"580\" data-end=\"838\">Restaurieren Sie Ihren <strong data-start=\"593\" data-end=\"625\">Toshiba Satellite C50D-A-133<\/strong>-Laptop mit dieser <strong data-start=\"643\" data-end=\"674\">Original-Untert\u00fcr\/-Platte<\/strong>. Egal, ob Ihr aktuelles Cover besch\u00e4digt, zerkratzt oder fehlt, dieses <strong data-start=\"742\" data-end=\"766\">OEM-Ersatzteil<\/strong> sorgt f\u00fcr perfekte Passform und erh\u00e4lt die urspr\u00fcngliche Struktur Ihres Laptops.<\/p>\n<p data-start=\"840\" data-end=\"1213\">\ud83d\udd39 <strong data-start=\"843\" data-end=\"860\">Hauptmerkmale:<\/strong><br data-start=\"860\" data-end=\"863\" \/>\u2714 <strong data-start=\"865\" data-end=\"890\">Original-Toshiba-Teil<\/strong> \u2013 Garantierte Kompatibilit\u00e4t und Langlebigkeit<br data-start=\"932\" data-end=\"935\" \/>\u2714 <strong data-start=\"937\" data-end=\"965\">Passt genau zum C50D-A-133<\/strong> \u2013 Keine \u00c4nderungen erforderlich<br data-start=\"991\" data-end=\"994\" \/>\u2714 <strong data-start=\"996\" data-end=\"1016\">Vorgestanzte \u00d6ffnungen<\/strong> \u2013 Voll funktionsf\u00e4higes Design f\u00fcr Bel\u00fcftung und Zugangsklappen<br data-start=\"1076\" data-end=\"1079\" \/>\u2714 <strong data-start=\"1081\" data-end=\"1113\">Sch\u00fctzt interne Komponenten<\/strong> \u2013 H\u00e4lt Staub und Schmutz fern<br data-start=\"1141\" data-end=\"1144\" \/>\u2714 <strong data-start=\"1146\" data-end=\"1171\">Robuste Kunststoffkonstruktion<\/strong> \u2013 Robust, leicht und langlebig<\/p>\n<p data-start=\"1215\" data-end=\"1238\">\ud83d\udca1 <strong data-start=\"1218\" data-end=\"1236\">Kompatibilit\u00e4t:<\/strong><\/p>\n<ul data-start=\"1239\" data-end=\"1413\">\n<li data-start=\"1239\" data-end=\"1336\">Speziell f\u00fcr <strong data-start=\"1267\" data-end=\"1299\">Toshiba Satellite C50D-A-133<\/strong> entwickelt (Modell vor dem Kauf pr\u00fcfen)<\/li>\n<li data-start=\"1337\" data-end=\"1413\">Enth\u00e4lt alle notwendigen Aussparungen f\u00fcr <strong data-start=\"1374\" data-end=\"1411\">Anschl\u00fcsse, Akku und L\u00fcftungsschlitze<\/strong><\/li>\n<\/ul>\n<p data-start=\"1415\" data-end=\"1528\">\ud83d\udcf8 <strong data-start=\"1418\" \u200b\u200bdata-end=\"1434\">Echte Fotos:<\/strong> Die Bilder in dieser Auflistung zeigen die <strong data-start=\"1471\" data-end=\"1493\">genaue Bodenplatte<\/strong> erhalten \u2013 keine \u00dcberraschungen!<\/p>\n<p data-start=\"1530\" data-end=\"1652\">\u2753 <strong data-start=\"1532\" data-end=\"1546\">Ben\u00f6tigen Sie Hilfe?<\/strong> Wir stellen keine Installationsanleitungen zur Verf\u00fcgung. Bei Fragen k\u00f6nnen Sie uns jedoch gerne eine <strong data-start=\"1635\" data-end=\"1649\">Nachricht senden<\/strong>.<\/p>\n<p data-start=\"1654\" data-end=\"1774\">\ud83d\udce6 <strong data-start=\"1657\" data-end=\"1685\">Schneller weltweiter Versand!<\/strong> Bringen Sie Ihren Laptop mit dieser <strong data-start=\"1730\" data-end=\"1771\">hochwertigen Ersatz-Unterabdeckung<\/strong> wieder in Topform.<\/p>\n","protected":false},"excerpt":{"rendered":"<p>Ersetzen Sie Ihre besch\u00e4digte oder fehlende Bodenabdeckung durch diese <strong data-start=\"376\" data-end=\"430\">originale Bodenplatte f\u00fcr Toshiba Satellite C50D-A-133<\/strong>. <strong data-start=\"432\" data-end=\"497\">Originalteil mit echten Fotos \u2013 was Sie sehen, ist was Sie bekommen!<\/strong><\/p>\n","protected":false},"featured_media":16747,"template":"","meta":[],"product_brand":[],"product_cat":[52],"product_tag":[70],"class_list":{"0":"post-16695","1":"product","2":"type-product","3":"status-publish","4":"has-post-thumbnail","6":"product_cat-laptop-housing","7":"product_tag-toshiba","9":"first","10":"instock","11":"taxable","12":"shipping-taxable","13":"purchasable","14":"product-type-simple"},"_links":{"self":[{"href":"https:\/\/boreait.com\/de\/wp-json\/wp\/v2\/product\/16695","targetHints":{"allow":["GET"]}}],"collection":[{"href":"https:\/\/boreait.com\/de\/wp-json\/wp\/v2\/product"}],"about":[{"href":"https:\/\/boreait.com\/de\/wp-json\/wp\/v2\/types\/product"}],"wp:featuredmedia":[{"embeddable":true,"href":"https:\/\/boreait.com\/de\/wp-json\/wp\/v2\/media\/16747"}],"wp:attachment":[{"href":"https:\/\/boreait.com\/de\/wp-json\/wp\/v2\/media?parent=16695"}],"wp:term":[{"taxonomy":"product_brand","embeddable":true,"href":"https:\/\/boreait.com\/de\/wp-json\/wp\/v2\/product_brand?post=16695"},{"taxonomy":"product_cat","embeddable":true,"href":"https:\/\/boreait.com\/de\/wp-json\/wp\/v2\/product_cat?post=16695"},{"taxonomy":"product_tag","embeddable":true,"href":"https:\/\/boreait.com\/de\/wp-json\/wp\/v2\/product_tag?post=16695"}],"curies":[{"name":"wp","href":"https:\/\/api.w.org\/{rel}","templated":true}]}}