{"id":16673,"date":"2025-09-16T14:00:47","date_gmt":"2025-09-16T12:00:47","guid":{"rendered":"https:\/\/boreait.com\/de\/?post_type=product&#038;p=16673"},"modified":"2025-09-16T14:04:29","modified_gmt":"2025-09-16T12:04:29","slug":"dell-latitude-5480-14-zoll-original-us-tastatur-94f68-pk1313d1a00-oem","status":"publish","type":"product","link":"https:\/\/boreait.com\/de\/produkt\/dell-latitude-5480-14-zoll-original-us-tastatur-94f68-pk1313d1a00-oem\/","title":{"rendered":"Dell Latitude 5480 14 Zoll Original US-Tastatur 94F68 PK1313D1A00 OEM"},"content":{"rendered":"<p>Suchen Sie eine <strong>Original-Ersatztastatur<\/strong> f\u00fcr Ihr <strong>Dell Latitude 5480<\/strong>? Diese <strong>US-OEM-Tastatur<\/strong> (mit slowenischer Lasergravur) (Teilenummer: <strong>94F68, PK1313D1A00<\/strong>) ist perfekt passend und sorgt f\u00fcr ein fl\u00fcssiges Tippgef\u00fchl.<\/p>\n<h4><strong>Hauptmerkmale:<\/strong><\/h4>\n<p>\u2714 <strong>100 % Original-Dell-Tastatur<\/strong> \u2013 Kein generischer Ersatz<\/p>\n<p>\u2714 <strong>US-Layout mit slowenischer Lasergravur<\/strong> \u2013 Standard-QWERTZ-Format<\/p>\n<p>\u2714 <strong>Langlebig und reaktionsschnell<\/strong> \u2013 F\u00fcr dauerhafte Leistung<\/p>\n<p>\u2714 <strong>Einfache Installation<\/strong> \u2013 Passt perfekt zum Dell Latitude 5480<\/p>\n<p>\ud83d\udccc <strong>Zustand<\/strong>: Gebraucht, aber voll funktionsf\u00e4hig. <strong>Die Fotos sind echt!<\/strong> Was Sie sehen, ist genau das, was Sie erhalten.<\/p>\n<p>\ud83d\udca1 <em>Ben\u00f6tigen Sie Hilfe? Schreiben Sie uns bei Fragen zur Kompatibilit\u00e4t \u2013 wir helfen Ihnen gerne weiter!<\/em><\/p>\n","protected":false},"excerpt":{"rendered":"<p>R\u00fcsten Sie Ihr <strong>Dell Latitude 5480<\/strong> mit dieser <strong>Original-US-Tastatur<\/strong> auf. Dieser <strong>OEM-Ersatz<\/strong> gew\u00e4hrleistet reibungslose Leistung und Langlebigkeit. <strong>Echte Fotos \u2013 was Sie sehen, ist das, was Sie bekommen!<\/strong><\/p>\n","protected":false},"featured_media":16724,"template":"","meta":[],"product_brand":[],"product_cat":[71],"product_tag":[53],"class_list":{"0":"post-16673","1":"product","2":"type-product","3":"status-publish","4":"has-post-thumbnail","6":"product_cat-laptop-keyboard","7":"product_tag-dell","9":"first","10":"instock","11":"taxable","12":"shipping-taxable","13":"purchasable","14":"product-type-simple"},"_links":{"self":[{"href":"https:\/\/boreait.com\/de\/wp-json\/wp\/v2\/product\/16673","targetHints":{"allow":["GET"]}}],"collection":[{"href":"https:\/\/boreait.com\/de\/wp-json\/wp\/v2\/product"}],"about":[{"href":"https:\/\/boreait.com\/de\/wp-json\/wp\/v2\/types\/product"}],"wp:featuredmedia":[{"embeddable":true,"href":"https:\/\/boreait.com\/de\/wp-json\/wp\/v2\/media\/16724"}],"wp:attachment":[{"href":"https:\/\/boreait.com\/de\/wp-json\/wp\/v2\/media?parent=16673"}],"wp:term":[{"taxonomy":"product_brand","embeddable":true,"href":"https:\/\/boreait.com\/de\/wp-json\/wp\/v2\/product_brand?post=16673"},{"taxonomy":"product_cat","embeddable":true,"href":"https:\/\/boreait.com\/de\/wp-json\/wp\/v2\/product_cat?post=16673"},{"taxonomy":"product_tag","embeddable":true,"href":"https:\/\/boreait.com\/de\/wp-json\/wp\/v2\/product_tag?post=16673"}],"curies":[{"name":"wp","href":"https:\/\/api.w.org\/{rel}","templated":true}]}}