{"id":16610,"date":"2025-09-16T13:57:50","date_gmt":"2025-09-16T11:57:50","guid":{"rendered":"https:\/\/boreait.com\/de\/?post_type=product&#038;p=16610"},"modified":"2025-09-16T14:01:27","modified_gmt":"2025-09-16T12:01:27","slug":"hp-250-255-g7-laptop-scharniere-ersatz-set-links-und-rechts-hohe-qualitaet-l20420-001","status":"publish","type":"product","link":"https:\/\/boreait.com\/de\/produkt\/hp-250-255-g7-laptop-scharniere-ersatz-set-links-und-rechts-hohe-qualitaet-l20420-001\/","title":{"rendered":"HP 250 255 G7 Laptop-Scharniere, Ersatz-Set \u2013 links und rechts \u2013 hohe Qualit\u00e4t \u2013 L20420-001"},"content":{"rendered":"<p><strong>HP 250 255 G7 Laptop-Scharnier-Ersatzset \u2013 Links & Rechts \u2013 L20420-001<\/p>\n<p><\/strong><\/p>\n<p>Wenn die Scharniere Ihres HP 250 G7 Laptops abgenutzt oder besch\u00e4digt sind, ist dieses <strong>Laptop-Ersatzteil<\/strong>-Ersatzset die perfekte L\u00f6sung. Diese langlebigen linken und rechten Scharniere stellen die reibungslose Funktionalit\u00e4t Ihres Laptops wieder her und gew\u00e4hrleisten ein sicheres und stabiles \u00d6ffnen und Schlie\u00dfen. Egal, ob Sie Ihren Laptop reparieren oder f\u00fcr den Weiterverkauf aufbereiten, dieses hochwertige Scharnierset sorgt f\u00fcr lang anhaltende Ergebnisse.<\/p>\n<p><strong>Produktmerkmale:<\/strong><\/p>\n<ul>\n<li><strong>Kompatibilit\u00e4t<\/strong>: Speziell f\u00fcr die Laptops HP 250 und 255G7 entwickelt.<\/li>\n<li><strong>Lieferumfang<\/strong>: Je ein linkes und ein rechtes Scharnier (Teilenummer: L20420-001)<\/li>\n<li><strong>Qualit\u00e4t<\/strong>: Hohe Standards f\u00fcr Langlebigkeit und Zuverl\u00e4ssigkeit.<\/li>\n<li><strong>Echte Fotos<\/strong>: Die Bilder in der Auflistung zeigen die tats\u00e4chlichen Teile, die Sie erhalten.<\/li>\n<\/ul>\n<p><strong>Warum Sie sich f\u00fcr unsere HP 250 G7-Scharniere entscheiden sollten?<\/strong> Diese Ersatzscharniere sind pr\u00e4zise auf Ihren HP 250 G7-Laptop abgestimmt und gew\u00e4hrleisten eine reibungslose und einfache Installation. Sie werden nach h\u00f6chsten Standards gefertigt, um hervorragende Leistung und Langlebigkeit zu gew\u00e4hrleisten, sodass Sie sich keine Sorgen um wiederholte Reparaturen machen m\u00fcssen.<\/p>\n<p><strong>Kundensupport<\/strong>: Wir stellen zwar keine Anleitung zum Austausch der Scharniere zur Verf\u00fcgung, unser Kundenservice-Team unterst\u00fctzt Sie jedoch gerne bei der Installation. Bei Fragen oder f\u00fcr Beratung kontaktieren Sie uns gerne.<\/p>\n<p>Erweitern Sie die Funktionalit\u00e4t Ihres Laptops mit diesem zuverl\u00e4ssigen <strong>HP 250 G7 Laptop-Teil<\/strong> und sorgen Sie daf\u00fcr, dass Ihr Ger\u00e4t wieder wie neu funktioniert. Bestellen Sie jetzt und erhalten Sie genau die abgebildeten Teile!<\/p>\n","protected":false},"excerpt":{"rendered":"<p>Ersetzen Sie die abgenutzten oder defekten Scharniere Ihres HP 250 G7 Laptops mit diesem hochwertigen Ersatzteilset. Das Set enth\u00e4lt sowohl linke als auch rechte Scharniere und sorgt so f\u00fcr einen sicheren und langlebigen Sitz und ein reibungsloses \u00d6ffnen und Schlie\u00dfen. Ideal f\u00fcr Reparaturen oder \u00dcberholung. Fotos der Originalteile, die Sie erhalten!<\/p>\n","protected":false},"featured_media":16682,"template":"","meta":[],"product_brand":[],"product_cat":[55],"product_tag":[61],"class_list":{"0":"post-16610","1":"product","2":"type-product","3":"status-publish","4":"has-post-thumbnail","6":"product_cat-screen-hinge","7":"product_tag-hp","9":"first","10":"instock","11":"taxable","12":"shipping-taxable","13":"purchasable","14":"product-type-simple"},"_links":{"self":[{"href":"https:\/\/boreait.com\/de\/wp-json\/wp\/v2\/product\/16610","targetHints":{"allow":["GET"]}}],"collection":[{"href":"https:\/\/boreait.com\/de\/wp-json\/wp\/v2\/product"}],"about":[{"href":"https:\/\/boreait.com\/de\/wp-json\/wp\/v2\/types\/product"}],"wp:featuredmedia":[{"embeddable":true,"href":"https:\/\/boreait.com\/de\/wp-json\/wp\/v2\/media\/16682"}],"wp:attachment":[{"href":"https:\/\/boreait.com\/de\/wp-json\/wp\/v2\/media?parent=16610"}],"wp:term":[{"taxonomy":"product_brand","embeddable":true,"href":"https:\/\/boreait.com\/de\/wp-json\/wp\/v2\/product_brand?post=16610"},{"taxonomy":"product_cat","embeddable":true,"href":"https:\/\/boreait.com\/de\/wp-json\/wp\/v2\/product_cat?post=16610"},{"taxonomy":"product_tag","embeddable":true,"href":"https:\/\/boreait.com\/de\/wp-json\/wp\/v2\/product_tag?post=16610"}],"curies":[{"name":"wp","href":"https:\/\/api.w.org\/{rel}","templated":true}]}}