{"id":16502,"date":"2025-09-16T13:53:53","date_gmt":"2025-09-16T11:53:53","guid":{"rendered":"https:\/\/boreait.com\/de\/?post_type=product&#038;p=16502"},"modified":"2025-09-16T13:55:57","modified_gmt":"2025-09-16T11:55:57","slug":"fujitsu-e559-cp761750-z3-maustasten-touchpad-original-laptop-ersatzteil","status":"publish","type":"product","link":"https:\/\/boreait.com\/de\/produkt\/fujitsu-e559-cp761750-z3-maustasten-touchpad-original-laptop-ersatzteil\/","title":{"rendered":"FUJITSU E559 CP761750-Z3 Maustasten-Touchpad \u2013 Original-Laptop-Ersatzteil"},"content":{"rendered":"<p>R\u00fcsten Sie die Touchpad-Maustaste Ihres Fujitsu-Laptops auf oder ersetzen Sie sie mit diesem <strong>Originalteil Fujitsu DSBR030117 CP761750-Z3<\/strong>. Dieses Originalteil wurde f\u00fcr reibungslose und pr\u00e4zise Eingaben entwickelt und sorgt f\u00fcr optimale Reaktionsf\u00e4higkeit und m\u00fchelose Navigation.<\/p>\n<h3><strong>Hauptmerkmale:<\/strong><\/h3>\n<p>\u2714 <strong>OEM Fujitsu-Teil:<\/strong> CP761750-Z3 \u2013 Perfekte Kompatibilit\u00e4t.<\/p>\n<p>\u2714 <strong>Reibungslos und reaktionsschnell:<\/strong> Stellt die Touchpad-Funktionalit\u00e4t Ihres Laptops wieder her.<\/p>\n<p>\u2714 <strong>Originalersatz:<\/strong> Echte Produktfotos \u2013 Sie erhalten genau das, was abgebildet ist!<\/p>\n<p>\u2714 <strong>Weltweiter Versand:<\/strong> Versand innerhalb Europas und international.<\/p>\n<p>\ud83d\udd27 <strong>Ben\u00f6tigen Sie Hilfe?<\/strong> Wir stellen zwar keine Installationsanleitung zur Verf\u00fcgung, aber schreiben Sie uns gerne, wenn Sie Hilfe ben\u00f6tigen!<\/p>\n<p>Dieses <strong>hochwertige Laptop-Ersatzteil<\/strong> ist ideal f\u00fcr Benutzer, die nicht reagierende oder besch\u00e4digte Touchpad-Tasten reparieren m\u00f6chten. Geben Sie sich nicht mit Aftermarket-Teilen zufrieden \u2013 entscheiden Sie sich f\u00fcr ein <strong>zuverl\u00e4ssiges Originalteil von Fujitsu<\/strong> f\u00fcr eine reibungslose Reparatur.<\/p>\n","protected":false},"excerpt":{"rendered":"<p>Original Fujitsu DSBR030117 CP761750-Z3 Touchpad-Maustaste f\u00fcr Laptop-Reparaturen. Idealer Ersatz f\u00fcr abgenutzte oder nicht reagierende Tasten. Echte Produktfotos inklusive!<\/p>\n","protected":false},"featured_media":16558,"template":"","meta":[],"product_brand":[],"product_cat":[63],"product_tag":[64],"class_list":{"0":"post-16502","1":"product","2":"type-product","3":"status-publish","4":"has-post-thumbnail","6":"product_cat-motherboards-board-parts","7":"product_tag-fujitsu","9":"first","10":"instock","11":"taxable","12":"shipping-taxable","13":"purchasable","14":"product-type-simple"},"_links":{"self":[{"href":"https:\/\/boreait.com\/de\/wp-json\/wp\/v2\/product\/16502","targetHints":{"allow":["GET"]}}],"collection":[{"href":"https:\/\/boreait.com\/de\/wp-json\/wp\/v2\/product"}],"about":[{"href":"https:\/\/boreait.com\/de\/wp-json\/wp\/v2\/types\/product"}],"wp:featuredmedia":[{"embeddable":true,"href":"https:\/\/boreait.com\/de\/wp-json\/wp\/v2\/media\/16558"}],"wp:attachment":[{"href":"https:\/\/boreait.com\/de\/wp-json\/wp\/v2\/media?parent=16502"}],"wp:term":[{"taxonomy":"product_brand","embeddable":true,"href":"https:\/\/boreait.com\/de\/wp-json\/wp\/v2\/product_brand?post=16502"},{"taxonomy":"product_cat","embeddable":true,"href":"https:\/\/boreait.com\/de\/wp-json\/wp\/v2\/product_cat?post=16502"},{"taxonomy":"product_tag","embeddable":true,"href":"https:\/\/boreait.com\/de\/wp-json\/wp\/v2\/product_tag?post=16502"}],"curies":[{"name":"wp","href":"https:\/\/api.w.org\/{rel}","templated":true}]}}