{"id":16480,"date":"2025-09-16T13:53:28","date_gmt":"2025-09-16T11:53:28","guid":{"rendered":"https:\/\/boreait.com\/de\/?post_type=product&#038;p=16480"},"modified":"2025-09-16T13:54:18","modified_gmt":"2025-09-16T11:54:18","slug":"emachines-e525-laptop-scharniere-original-ersatzteile-linkes-rechtes-set","status":"publish","type":"product","link":"https:\/\/boreait.com\/de\/produkt\/emachines-e525-laptop-scharniere-original-ersatzteile-linkes-rechtes-set\/","title":{"rendered":"eMachines E525 Laptop-Scharniere \u2013 Original-Ersatzteile | Linkes &#038; rechtes Set"},"content":{"rendered":"<p>Sorgen Sie mit diesen Original-Scharnieren f\u00fcr den eMachines E525 Laptop f\u00fcr mehr Stabilit\u00e4t. Wenn Ihr Laptop-Bildschirm locker, wackelig oder nicht mehr richtig sitzt, ist der Austausch der Scharniere eine kosteng\u00fcnstige L\u00f6sung. Diese hochwertigen linken und rechten Scharniere sind auf die Originalteile abgestimmt und gew\u00e4hrleisten perfekte Passform und reibungslosen Betrieb.<\/p>\n<p>Hauptmerkmale:<\/p>\n<p>\u2714 Original-Ersatzteil: Speziell f\u00fcr den eMachines E525 Laptop entwickelt f\u00fcr pr\u00e4zise Kompatibilit\u00e4t.<\/p>\n<p>\u2714 Robuste Konstruktion: Aus robustem Metall f\u00fcr dauerhafte Leistung.<\/p>\n<p>\u2714 Linkes und rechtes Scharnier im Lieferumfang enthalten: Ein komplettes Set zum gleichzeitigen Austausch beider Scharniere.<\/p>\n<p>\u2714 Reibungslose Bildschirmbewegung: Sorgt daf\u00fcr, dass sich Ihr Laptop-Bildschirm reibungslos \u00f6ffnet und schlie\u00dft, ohne zu steif oder locker zu sein.<\/p>\n<p>\u2714 Einfache Installation: Entwickelt f\u00fcr einen problemlosen Austausch.<\/p>\n<p>\ud83d\udd39 Zustand: Gebraucht, aber gepr\u00fcft und in ausgezeichnetem Zustand.<\/p>\n<p>\ud83d\udd39 Kompatibilit\u00e4t: Speziell f\u00fcr das Modell eMachines E525.<\/p>\n<p>\ud83d\udcf8 Hinweis: Die Fotos in der Auflistung zeigen die genauen Teile, die Sie erhalten!<\/p>\n<p>\ud83d\udca1 Ben\u00f6tigen Sie Hilfe? Wir stellen keine Installationsanleitungen zur Verf\u00fcgung, aber schreiben Sie uns gerne, wenn Sie Hilfe ben\u00f6tigen.<\/p>\n<p>R\u00fcsten Sie Ihren Laptop noch heute mit diesen zuverl\u00e4ssigen eMachines E525 Laptop-Scharnieren auf und stellen Sie seine urspr\u00fcngliche Funktionalit\u00e4t wieder her. Bestellen Sie jetzt und profitieren Sie von einer schnellen Lieferung in ganz Europa und weltweit!<\/p>\n","protected":false},"excerpt":{"rendered":"<p>Stellen Sie die Stabilit\u00e4t Ihres Laptop-Bildschirms mit diesen originalen eMachines E525 Laptop-Scharnieren wieder her. Diese hochwertigen Ersatzscharniere sind passgenau und sorgen f\u00fcr reibungslose Bildschirmbewegungen und lange Haltbarkeit. Ideal zur Reparatur loser oder defekter Scharniere. Jetzt kaufen f\u00fcr eine reibungslose Laptop-Reparatur!<\/p>\n","protected":false},"featured_media":16516,"template":"","meta":[],"product_brand":[],"product_cat":[55],"product_tag":[93],"class_list":{"0":"post-16480","1":"product","2":"type-product","3":"status-publish","4":"has-post-thumbnail","6":"product_cat-screen-hinge","7":"product_tag-emachines","9":"first","10":"instock","11":"taxable","12":"shipping-taxable","13":"purchasable","14":"product-type-simple"},"_links":{"self":[{"href":"https:\/\/boreait.com\/de\/wp-json\/wp\/v2\/product\/16480","targetHints":{"allow":["GET"]}}],"collection":[{"href":"https:\/\/boreait.com\/de\/wp-json\/wp\/v2\/product"}],"about":[{"href":"https:\/\/boreait.com\/de\/wp-json\/wp\/v2\/types\/product"}],"wp:featuredmedia":[{"embeddable":true,"href":"https:\/\/boreait.com\/de\/wp-json\/wp\/v2\/media\/16516"}],"wp:attachment":[{"href":"https:\/\/boreait.com\/de\/wp-json\/wp\/v2\/media?parent=16480"}],"wp:term":[{"taxonomy":"product_brand","embeddable":true,"href":"https:\/\/boreait.com\/de\/wp-json\/wp\/v2\/product_brand?post=16480"},{"taxonomy":"product_cat","embeddable":true,"href":"https:\/\/boreait.com\/de\/wp-json\/wp\/v2\/product_cat?post=16480"},{"taxonomy":"product_tag","embeddable":true,"href":"https:\/\/boreait.com\/de\/wp-json\/wp\/v2\/product_tag?post=16480"}],"curies":[{"name":"wp","href":"https:\/\/api.w.org\/{rel}","templated":true}]}}