{"id":16477,"date":"2025-09-16T13:53:28","date_gmt":"2025-09-16T11:53:28","guid":{"rendered":"https:\/\/boreait.com\/de\/?post_type=product&#038;p=16477"},"modified":"2025-09-16T13:54:02","modified_gmt":"2025-09-16T11:54:02","slug":"emachines-e725-e627-e525-lcd-bildschirmabdeckung-ap06r000c-original-laptop-ersatzteil","status":"publish","type":"product","link":"https:\/\/boreait.com\/de\/produkt\/emachines-e725-e627-e525-lcd-bildschirmabdeckung-ap06r000c-original-laptop-ersatzteil\/","title":{"rendered":"eMachines E725 E627 E525 LCD-Bildschirmabdeckung AP06R000C \u2013 Original-Laptop-Ersatzteil"},"content":{"rendered":"<p>Stellen Sie mit dieser <strong>Original-LCD-Bildschirmabdeckung (AP06R000C)<\/strong> f\u00fcr eMachines E725 E627 E525 das urspr\u00fcngliche Aussehen und den Schutz Ihres Laptops wieder her. Dieses speziell f\u00fcr diese Modelle entwickelte Ersatzteil gew\u00e4hrleistet pr\u00e4zise Passform und hohe Haltbarkeit und ist somit die perfekte L\u00f6sung f\u00fcr besch\u00e4digte, rissige oder abgenutzte Abdeckungen.<\/p>\n<h4><strong>Hauptmerkmale:<\/strong><\/h4>\n<ul>\n<li><strong>Kompatible Modelle:<\/strong> eMachines E725, E627, E525<\/li>\n<li><strong>Original-Teilenummer:<\/strong> AP06R000C<\/li>\n<li><strong>Perfekte Passform:<\/strong> Entwickelt f\u00fcr einen nahtlosen Austausch, der die korrekte Ausrichtung und den Schutz Ihres Displays gew\u00e4hrleistet.<\/li>\n<li><strong>Robuste Konstruktion:<\/strong> Hochwertiges Material f\u00fcr lange Lebensdauer.<\/li>\n<li><strong>Einfache Installation:<\/strong> Keine \u00c4nderungen erforderlich, ersetzen Sie einfach Ihre alte Displayabdeckung.<\/li>\n<li><strong>Weltweiter Versand:<\/strong> Wir versenden europaweit und weltweit und gew\u00e4hrleisten eine schnelle und sichere Lieferung.<\/li>\n<\/ul>\n<p>\ud83d\udccc <strong>Wichtige Hinweise:<\/strong><\/p>\n<ul>\n<li>Die Auflistung enth\u00e4lt <strong>echte Fotos<\/strong> des Produkts \u2013 Sie erhalten genau das, was Sie sehen.<\/li>\n<li>Eine Installationsanleitung liegt nicht bei. Sollten Sie jedoch Hilfe ben\u00f6tigen, k\u00f6nnen Sie uns jederzeit eine <strong>Nachricht<\/strong> senden.<\/li>\n<\/ul>\n<p>Upgraden Sie Ihren Laptop noch heute mit dieser <strong>echten eMachines E725 E627 E525 LCD-Bildschirmabdeckung<\/strong>. Bestellen Sie jetzt und verleihen Sie Ihrem Laptop wieder ein elegantes, professionelles Aussehen!<\/p>\n","protected":false},"excerpt":{"rendered":"<p>Ersetzen Sie Ihre besch\u00e4digte oder abgenutzte Bildschirmabdeckung durch diese originale <strong>eMachines E725 E627 E525 LCD-Bildschirmabdeckung (AP06R000C)<\/strong>. Dieses langlebige Ersatzteil ist passgenau und stellt das urspr\u00fcngliche Aussehen und den Schutz Ihres Laptops wieder her. Hochwertiges Originalteil mit echten Fotos des tats\u00e4chlichen Produkts.<\/p>\n","protected":false},"featured_media":16511,"template":"","meta":[],"product_brand":[],"product_cat":[52],"product_tag":[93],"class_list":{"0":"post-16477","1":"product","2":"type-product","3":"status-publish","4":"has-post-thumbnail","6":"product_cat-laptop-housing","7":"product_tag-emachines","9":"first","10":"instock","11":"taxable","12":"shipping-taxable","13":"purchasable","14":"product-type-simple"},"_links":{"self":[{"href":"https:\/\/boreait.com\/de\/wp-json\/wp\/v2\/product\/16477","targetHints":{"allow":["GET"]}}],"collection":[{"href":"https:\/\/boreait.com\/de\/wp-json\/wp\/v2\/product"}],"about":[{"href":"https:\/\/boreait.com\/de\/wp-json\/wp\/v2\/types\/product"}],"wp:featuredmedia":[{"embeddable":true,"href":"https:\/\/boreait.com\/de\/wp-json\/wp\/v2\/media\/16511"}],"wp:attachment":[{"href":"https:\/\/boreait.com\/de\/wp-json\/wp\/v2\/media?parent=16477"}],"wp:term":[{"taxonomy":"product_brand","embeddable":true,"href":"https:\/\/boreait.com\/de\/wp-json\/wp\/v2\/product_brand?post=16477"},{"taxonomy":"product_cat","embeddable":true,"href":"https:\/\/boreait.com\/de\/wp-json\/wp\/v2\/product_cat?post=16477"},{"taxonomy":"product_tag","embeddable":true,"href":"https:\/\/boreait.com\/de\/wp-json\/wp\/v2\/product_tag?post=16477"}],"curies":[{"name":"wp","href":"https:\/\/api.w.org\/{rel}","templated":true}]}}