{"id":16475,"date":"2025-09-16T13:53:27","date_gmt":"2025-09-16T11:53:27","guid":{"rendered":"https:\/\/boreait.com\/de\/?post_type=product&#038;p=16475"},"modified":"2025-09-16T13:53:45","modified_gmt":"2025-09-16T11:53:45","slug":"acer-aspire-tastatur-9j-n2m82-01f-nsk-gf01f-original-laptop-ersatzteil","status":"publish","type":"product","link":"https:\/\/boreait.com\/de\/produkt\/acer-aspire-tastatur-9j-n2m82-01f-nsk-gf01f-original-laptop-ersatzteil\/","title":{"rendered":"Acer Aspire-Tastatur 9J.N2M82.01F \/ NSK-GF01F \u2013 Original-Laptop-Ersatzteil"},"content":{"rendered":"<p>R\u00fcsten Sie Ihren Laptop mit der <strong>Slowenischen Acer Aspire Tastatur 9J.N2M82.01F<\/strong> auf, einem hochwertigen Ersatzteil f\u00fcr reibungslose Leistung. Egal, ob Ihre vorhandene Tastatur besch\u00e4digte Tasten, nicht reagierende Tasten oder andere Probleme hat, dieses <strong>Original-Acer-Ersatzteil<\/strong> stellt die volle Funktionalit\u00e4t wieder her.<\/p>\n<h4><strong>Hauptmerkmale:<\/strong><\/h4>\n<p>\u2714 <strong>Original Acer Tastatur<\/strong> \u2013 Garantieren Sie Kompatibilit\u00e4t und Zuverl\u00e4ssigkeit mit einem Originalteil des Herstellers.<\/p>\n<p>\u2714 <strong>Perfekte Passform & einfache Installation<\/strong> \u2013 Speziell f\u00fcr Acer Aspire Modelle entwickelt, f\u00fcr eine einfache und problemlose Installation.<\/p>\n<p>\u2714 <strong>Langlebige & reaktionsschnelle Tasten<\/strong> \u2013 Genie\u00dfen Sie fl\u00fcssiges, komfortables Tippen mit hochwertiger Tastenreaktion.<\/p>\n<p>\u2714 <strong>Langlebig<\/strong> \u2013 Langlebig gebaut f\u00fcr langfristige Leistung und Haltbarkeit.<\/p>\n<p>\u2714 <strong>Weltweiter Versand m\u00f6glich<\/strong> \u2013 Wir liefern europaweit und weltweit in sicherer Verpackung.<\/p>\n<h4><strong>Zus\u00e4tzliche Informationen:<\/strong><\/h4>\n<ul>\n<li><strong>Zustand:<\/strong> Gebraucht und qualit\u00e4tsgepr\u00fcft. Sprache: Slowenisch\/Kroatisch (auch mit anderen Sprachen kompatibel)<\/li>\n<li><strong>Kompatibilit\u00e4t:<\/strong> Passend f\u00fcr ausgew\u00e4hlte Acer Aspire Laptop-Modelle (bitte vor dem Kauf die Kompatibilit\u00e4t pr\u00fcfen).<\/li>\n<li><strong>Fotos:<\/strong> Die gezeigten Produktbilder sind <strong>echte Fotos<\/strong> des Artikels, den Sie erhalten.<\/li>\n<\/ul>\n<p>Wenn Sie weitere Hilfe bei der Auswahl der richtigen Laptop-Tastatur ben\u00f6tigen, kontaktieren Sie uns gerne. <strong>Kaufen Sie mit Vertrauen!<\/strong><br \/>\nN<\/p>\n<p>Kompatible Laptops:<\/p>\n<ul class=\"opis_artikla_dl\">\n<li>Acer Aspire 4330<\/li>\n<li>Acer Aspire 5241<\/li>\n<li>Acer Aspire 5332<\/li>\n<li>Acer Aspire 5332<\/li>\n<li>Acer Aspire 5334<\/li>\n<li>Acer Aspire 5334-312G25Mn<\/li>\n<li>Acer Aspire 5334<\/li>\n<li>Acer Aspire 5516<\/li>\n<li>Acer Aspire 5516<\/li>\n<li>Acer Aspire 5517<\/li>\n<li>Acer Aspire 5517<\/li>\n<li>Acer Aspire 5532<\/li>\n<li>Acer Aspire 5534<\/li>\n<li>Acer Aspire 5534<\/li>\n<li>Acer Aspire 5541<\/li>\n<li>Acer Aspire 5541<\/li>\n<li>Acer Aspire 5732<\/li>\n<li>Acer Aspire 5732<\/li>\n<li>Acer Aspire 5732G<\/li>\n<li>Acer Aspire 5732Z<\/li>\n<li>Acer Aspire 5732Z-443G32Mn<\/li>\n<li>Acer Aspire 5732Z<\/li>\n<li>Acer Aspire 5732ZG<\/li>\n<p>N \t<\/p>\n<li>Acer Aspire 5732ZG<\/li>\n<li>Acer Aspire 5734<\/li>\n<li>Acer Aspire 5734<\/li>\n<li>Acer Aspire 5734Z<\/li>\n<li>Acer Aspire 7315<\/li>\n<li>Acer Aspire 7715<\/li>\n<li>Acer Aspire 7715G<\/li>\n<li>Acer Aspire 7715Z<\/li>\n<li>Acer Aspire 7715ZG<\/li>\n<li>Acer eMachines E430<\/li>\n<li>Acer eMachines E525<\/li>\n<li>Acer eMachines E527<\/li>\n<li>Acer eMachines E625<\/li>\n<li>Acer eMachines E627<\/li>\n<li>Acer eMachines E628<\/li>\n<li>Acer eMachines E630<\/li>\n<li>Acer eMachines E725<\/li>\n<li>Acer eMachines E727<\/li>\n<li>Acer eMachines eMG630G<\/li>\n<li>Acer eMachines G525<\/li>\n<li>Acer eMachines G625-6C4G32Mi<\/li>\n<li>Acer eMachines G625<\/li>\n<li>Acer eMachines G627-203G25Mi<\/li>\n<li>Acer eMachines G627<\/li>\n<li>Acer eMachines G630<\/li>\n<li>Acer eMachines G630G<\/li>\n<li>Acer eMachines G725-423G25Mi<\/li>\n<li>Acer eMachines G725<\/li>\n<li>Packard Bell Easynote TH36<\/li>\n<\/ul>\n","protected":false},"excerpt":{"rendered":"<p>Ersetzen Sie Ihre abgenutzte oder defekte Tastatur durch diese <strong>Original Acer Aspire Tastatur (9J.N2M82.01F)<\/strong>. Dieses hochwertige Ersatzteil ist perfekt auf Passform und Kompatibilit\u00e4t ausgelegt und sorgt f\u00fcr reibungsloses Tippen und zuverl\u00e4ssige Leistung. Weltweiter Versand mit echten Produktfotos \u2013 was Sie sehen, ist, was Sie bekommen!<\/p>\n","protected":false},"featured_media":16498,"template":"","meta":[],"product_brand":[],"product_cat":[71],"product_tag":[65],"class_list":{"0":"post-16475","1":"product","2":"type-product","3":"status-publish","4":"has-post-thumbnail","6":"product_cat-laptop-keyboard","7":"product_tag-acer","9":"first","10":"instock","11":"taxable","12":"shipping-taxable","13":"purchasable","14":"product-type-simple"},"_links":{"self":[{"href":"https:\/\/boreait.com\/de\/wp-json\/wp\/v2\/product\/16475","targetHints":{"allow":["GET"]}}],"collection":[{"href":"https:\/\/boreait.com\/de\/wp-json\/wp\/v2\/product"}],"about":[{"href":"https:\/\/boreait.com\/de\/wp-json\/wp\/v2\/types\/product"}],"wp:featuredmedia":[{"embeddable":true,"href":"https:\/\/boreait.com\/de\/wp-json\/wp\/v2\/media\/16498"}],"wp:attachment":[{"href":"https:\/\/boreait.com\/de\/wp-json\/wp\/v2\/media?parent=16475"}],"wp:term":[{"taxonomy":"product_brand","embeddable":true,"href":"https:\/\/boreait.com\/de\/wp-json\/wp\/v2\/product_brand?post=16475"},{"taxonomy":"product_cat","embeddable":true,"href":"https:\/\/boreait.com\/de\/wp-json\/wp\/v2\/product_cat?post=16475"},{"taxonomy":"product_tag","embeddable":true,"href":"https:\/\/boreait.com\/de\/wp-json\/wp\/v2\/product_tag?post=16475"}],"curies":[{"name":"wp","href":"https:\/\/api.w.org\/{rel}","templated":true}]}}