{"id":16472,"date":"2025-09-16T13:53:27","date_gmt":"2025-09-16T11:53:27","guid":{"rendered":"https:\/\/boreait.com\/de\/?post_type=product&#038;p=16472"},"modified":"2025-09-22T09:25:34","modified_gmt":"2025-09-22T07:25:34","slug":"hp-m08711-001-14-fhd-ips-matt-lcd-bildschirm-30-pin-neu","status":"publish","type":"product","link":"https:\/\/boreait.com\/de\/produkt\/hp-m08711-001-14-fhd-ips-matt-lcd-bildschirm-30-pin-neu\/","title":{"rendered":"HP M08711-001 14&#8243; FHD IPS Matt LCD-Bildschirm, 30 Pin, Neu"},"content":{"rendered":"<p><strong>Aktuelles LCD-Bildschirmmodell: N140HCG-GE1 \u2013 VOLLKOMMATIK MIT LAPTOP-BILDSCHIRM M08711-001<\/strong><\/p>\n<p>R\u00fcsten Sie Ihren HP Laptop mit diesem brandneuen, matten 14-Zoll-FHD-IPS-LCD-Bildschirm HP M08711-001 auf. Dank des 30-Pin-Anschlusses eignet sich dieser Bildschirm ideal f\u00fcr die Reparatur oder den Austausch besch\u00e4digter Displays. Der erste Pin befindet sich 84 mm von der rechten Ecke entfernt und ist daher mit bestimmten HP Laptop-Modellen kompatibel. Dank Full-HD-Aufl\u00f6sung und IPS-Technologie genie\u00dfen Sie lebendige Farben, gro\u00dfe Betrachtungswinkel und ein gestochen scharfes Bild. Die matte Oberfl\u00e4che reduziert Blendeffekte und sorgt f\u00fcr klare Sicht auch in hellen Umgebungen. Holen Sie sich diesen hochwertigen Ersatzbildschirm, um das Display Ihres Laptops wieder wie neu aussehen zu lassen.<\/p>\n","protected":false},"excerpt":{"rendered":"<p>Dieser brandneue HP M08711-001 LCD-Bildschirm ist ein 14-Zoll-FHD-IPS-Mattdisplay mit einem 30-Pin-Anschluss. Er ist f\u00fcr die Verwendung mit bestimmten HP-Laptops konzipiert und verf\u00fcgt \u00fcber eine einzigartige 1. Pin-Position, die sich 84 mm von der rechten Ecke entfernt befindet. Ideal zum Ersetzen besch\u00e4digter oder defekter Bildschirme.<\/p>\n","protected":false},"featured_media":16467,"template":"","meta":[],"product_brand":[],"product_cat":[98,95],"product_tag":[],"class_list":{"0":"post-16472","1":"product","2":"type-product","3":"status-publish","4":"has-post-thumbnail","6":"product_cat-14-new-laptop-screens-lcd-panels","7":"product_cat-new-laptop-screens-lcd-panels","9":"first","10":"instock","11":"taxable","12":"shipping-taxable","13":"purchasable","14":"product-type-simple"},"_links":{"self":[{"href":"https:\/\/boreait.com\/de\/wp-json\/wp\/v2\/product\/16472","targetHints":{"allow":["GET"]}}],"collection":[{"href":"https:\/\/boreait.com\/de\/wp-json\/wp\/v2\/product"}],"about":[{"href":"https:\/\/boreait.com\/de\/wp-json\/wp\/v2\/types\/product"}],"wp:featuredmedia":[{"embeddable":true,"href":"https:\/\/boreait.com\/de\/wp-json\/wp\/v2\/media\/16467"}],"wp:attachment":[{"href":"https:\/\/boreait.com\/de\/wp-json\/wp\/v2\/media?parent=16472"}],"wp:term":[{"taxonomy":"product_brand","embeddable":true,"href":"https:\/\/boreait.com\/de\/wp-json\/wp\/v2\/product_brand?post=16472"},{"taxonomy":"product_cat","embeddable":true,"href":"https:\/\/boreait.com\/de\/wp-json\/wp\/v2\/product_cat?post=16472"},{"taxonomy":"product_tag","embeddable":true,"href":"https:\/\/boreait.com\/de\/wp-json\/wp\/v2\/product_tag?post=16472"}],"curies":[{"name":"wp","href":"https:\/\/api.w.org\/{rel}","templated":true}]}}