{"id":16466,"date":"2025-09-16T13:53:09","date_gmt":"2025-09-16T11:53:09","guid":{"rendered":"https:\/\/boreait.com\/de\/?post_type=product&#038;p=16466"},"modified":"2025-09-22T09:25:35","modified_gmt":"2025-09-22T07:25:35","slug":"14-fhd-ips-matt-lcd-bildschirm-l72970-j93-30-pin-brandneu","status":"publish","type":"product","link":"https:\/\/boreait.com\/de\/produkt\/14-fhd-ips-matt-lcd-bildschirm-l72970-j93-30-pin-brandneu\/","title":{"rendered":"14&#8243; FHD IPS Matt LCD-Bildschirm L72970-J93, 30 Pin, Brandneu"},"content":{"rendered":"<p><strong>Aktuelles LCD-Bildschirmmodell: N140HCG-GE1 \u2013 VOLLKOMPATIBEL MIT LAPTOP-BILDSCHIRM L72970-J93<\/strong><\/p>\n<p>Verbessern Sie die Anzeigequalit\u00e4t Ihres Laptops mit dem <strong>L72970-J93 LCD-Bildschirm<\/strong>. Dieser matte 14-Zoll-Full-HD-IPS-Bildschirm (FHD) bietet au\u00dfergew\u00f6hnliche Klarheit, lebendige Farben und weite Betrachtungswinkel \u2013 perfekt f\u00fcr Arbeit und Unterhaltung. Dank des 30-Pin-Anschlusses ist der erste Pin pr\u00e4zise 84 Millimeter von der rechten Ecke entfernt und somit mit verschiedenen Laptop-Modellen kompatibel. Dieser Bildschirm ist f\u00fcr eine nahtlose Installation konzipiert, brandneu und garantiert ein einwandfreies Seherlebnis. Verbessern Sie die Leistung Ihres Laptops noch heute mit diesem hochwertigen Ersatzbildschirm.<\/p>\n","protected":false},"excerpt":{"rendered":"<p>Dieser matte 14-Zoll-FHD-IPS-LCD-Bildschirm (L72970-J93) eignet sich perfekt zum Ersetzen Ihres besch\u00e4digten oder defekten Displays. Er verf\u00fcgt \u00fcber einen 30-poligen Anschluss, wobei sich der erste Pin 84 mm von der rechten Ecke entfernt befindet, was pr\u00e4zise Kompatibilit\u00e4t gew\u00e4hrleistet. Brandneu und einfach zu installieren, liefert er scharfe Bilder und lebendige Farben.<\/p>\n","protected":false},"featured_media":16467,"template":"","meta":[],"product_brand":[],"product_cat":[98,95],"product_tag":[],"class_list":{"0":"post-16466","1":"product","2":"type-product","3":"status-publish","4":"has-post-thumbnail","6":"product_cat-14-new-laptop-screens-lcd-panels","7":"product_cat-new-laptop-screens-lcd-panels","9":"first","10":"instock","11":"taxable","12":"shipping-taxable","13":"purchasable","14":"product-type-simple"},"_links":{"self":[{"href":"https:\/\/boreait.com\/de\/wp-json\/wp\/v2\/product\/16466","targetHints":{"allow":["GET"]}}],"collection":[{"href":"https:\/\/boreait.com\/de\/wp-json\/wp\/v2\/product"}],"about":[{"href":"https:\/\/boreait.com\/de\/wp-json\/wp\/v2\/types\/product"}],"wp:featuredmedia":[{"embeddable":true,"href":"https:\/\/boreait.com\/de\/wp-json\/wp\/v2\/media\/16467"}],"wp:attachment":[{"href":"https:\/\/boreait.com\/de\/wp-json\/wp\/v2\/media?parent=16466"}],"wp:term":[{"taxonomy":"product_brand","embeddable":true,"href":"https:\/\/boreait.com\/de\/wp-json\/wp\/v2\/product_brand?post=16466"},{"taxonomy":"product_cat","embeddable":true,"href":"https:\/\/boreait.com\/de\/wp-json\/wp\/v2\/product_cat?post=16466"},{"taxonomy":"product_tag","embeddable":true,"href":"https:\/\/boreait.com\/de\/wp-json\/wp\/v2\/product_tag?post=16466"}],"curies":[{"name":"wp","href":"https:\/\/api.w.org\/{rel}","templated":true}]}}