{"id":16463,"date":"2025-09-16T13:53:09","date_gmt":"2025-09-16T11:53:09","guid":{"rendered":"https:\/\/boreait.com\/de\/?post_type=product&#038;p=16463"},"modified":"2025-09-16T13:53:20","modified_gmt":"2025-09-16T11:53:20","slug":"laptop-bildschirm-fuer-hp-victus-16-d0-serie-161-zoll-fhd-144-hz-matt-neu-40-pin","status":"publish","type":"product","link":"https:\/\/boreait.com\/de\/produkt\/laptop-bildschirm-fuer-hp-victus-16-d0-serie-161-zoll-fhd-144-hz-matt-neu-40-pin\/","title":{"rendered":"Laptop-Bildschirm f\u00fcr HP Victus 16 D0 Serie 16,1 Zoll FHD 144 Hz matt neu 40 Pin"},"content":{"rendered":"<p><strong>Aktuelles LCD-Bildschirmmodell: N161hma-gak REV. C3 oder n161hca-ga1 REV. C.1 \u2013 VOLLST\u00c4NDIG KOMPATIBEL MIT LAPTOP-BILDSCHIRMEN DER HP Victus 16 D0 \/ D00000 \/ D0xxxx-Serie<\/p>\n<p><\/strong><\/p>\n<p>R\u00fcsten Sie Ihren Laptop der HP Victus 16 D0-Serie mit diesem hochwertigen LCD-Bildschirm auf. Er bietet kristallklare Bilder und reibungslose Leistung. Dieser Ersatzbildschirm ist ideal f\u00fcr Benutzer, die das Display ihres Laptops erneuern oder verbessern m\u00f6chten.<\/p>\n<p><strong>Hauptmerkmale:<\/strong><\/p>\n<ul>\n<li><strong>Bildschirmgr\u00f6\u00dfe:<\/strong> 16,1 Zoll<\/li>\n<li><strong>Aufl\u00f6sung:<\/strong> Full HD (1920 x 1080), 144 Hz Bildwiederholfrequenz f\u00fcr nahtlose Bilder<\/li>\n<li><strong>Helligkeit:<\/strong> 250 Nits f\u00fcr lebendige und klare Bilder<\/li>\n<li><strong>Oberfl\u00e4che:<\/strong> Matte Oberfl\u00e4che zur Reduzierung von Blendeffekten<\/li>\n<li><strong>Anschluss:<\/strong> 40-poliger Anschluss<\/li>\n<li><strong>Zustand:<\/strong> Neu<\/li>\n<li><strong>Halterungsfreies Design:<\/strong> Keine oberen oder unteren Halterungen f\u00fcr eine einfache Installation<\/li>\n<li><strong>Mitgeliefertes Zubeh\u00f6r:<\/strong> Doppelseitiges Klebeband f\u00fcr problemlose Montage<\/li>\n<\/ul>\n<p>Dieser Bildschirm ist mit verschiedenen HP Victus 16-D0-Modellen kompatibel, darunter 16-D0000NA, 16-D0000NC, 16-D0000NE und viele mehr. Egal ob Gamer, Student oder Profi \u2013 dieser Bildschirm garantiert hohe Leistung und Zuverl\u00e4ssigkeit.<\/p>\n<p><strong>Kompatibilit\u00e4t:<\/strong><\/p>\n<p>Kompatibel mit mehreren Modellen der HP Victus 16-D0-Serie (siehe Kompatibilit\u00e4tsliste). Bei Fragen zur Kompatibilit\u00e4t wenden Sie sich bitte an unser Support-Team.<\/p>\n<p><strong>Warum diesen Bildschirm w\u00e4hlen?<\/strong><\/p>\n<ul>\n<li>\u00dcberragende Bildwiederholfrequenz (144 Hz) f\u00fcr fl\u00fcssiges Gameplay und Videowiedergabe<\/li>\n<li>Langlebiges mattes Finish f\u00fcr ein professionelles und blendfreies Erscheinungsbild<\/li>\n<li>Einfache Installation mit dem mitgelieferten Klebeband<\/li>\n<\/ul>\n<p>Stellen Sie die Funktionalit\u00e4t Ihres Laptops wieder her und genie\u00dfen Sie mit diesem hochwertigen Ersatzbildschirm eine au\u00dfergew\u00f6hnliche Displayleistung.<\/p>\n<p>\u00a0<\/p>\n<p>\u00a0<\/p>\n<p><strong>Liste einiger kompatibler Laptops:\u00a0\u00a0<\/strong><\/p>\n<p>16-D0000NA, 16-D0000NC, 16-D0000NE, 16-D0000NH, 16-D0000NIA, 16-D0000NJ, 16-D0000NK, 16-D0000NL, 16-D0000NO, 16-D0000NQ, 16-D0000NS, 16-D0000NT, 16-D0000NU, 16-D0000NV, 16-D0000NX, 16-D0000NZ, 16-D0000TX, 16-D0000UA, 16-D0000UR, 16-D0001NA, 16-D0001NC, 16-D0001NE, 16-D0001NH, 16-D0001NIA, 16-D0001NJ, 16-D0001NK, 16-D0001NM, 16-D0001NQ, 16-D0001NS, 16-D0001NT, 16-D0001NV, 16-D0001NX, 16-D0001SA, 16-D0001TX, 16-D0001UA, 16-D0001UR, 16-D0002NA, 16-D0002NC, 16-D0002NE, 16-D0002NH, 16-D0002NIA, 16-D0002NJ, 16-D0002NK, 16-D0002NP, 16-D0002NQ, 16-D0002NS, 16-D0002NT, 16-D0002NV, 16-D0002NX, 16-D0002TX, 16-D0002UA, 16-D0002UR, 16-D0003NE, 16-D0003NH, 16-D0003NJ, 16-D0003NK, 16-D0003NQ, 16-D0003NT, 16-D0003NU, 16-D0003NV, 16-D0003NX, 16-D0003SL, 16-D0003TX, 16-D0003UA, 16-D0003UR, 16-D0004NE, 16-D0004NH, 16-D0004NI, 16-D0004NIA, 16-D0004NJ, 16-D0004NK, 16-D0004NL, 16-D0004NP, 16-D0004NQ, 16-D0004NS, 16-D0004NT, \u200b\u200b16-D0004NU, 16-D0004NV, 16-D0004NX, 16-D0004SF, 16-D0004SL, 16-D0004TX, 16-D0004UA, 16-D0004UR, 16-D0005NE, 16-D0005NH, 16-D0005NJ, 16-D0005NP, 16-D0005NQ, 16-D0005NS, 16-D0005NT, 16-D0005NU, 16-D0005NV, 16-D0005NX, 16-D0005TX, 16-D0005UA, 16-D0005UR, 16-D0006NE, 16-D0006NH, 16 D0515LA<\/p>\n","protected":false},"excerpt":{"rendered":"<p>Ersatz-LCD-Bildschirm (16,1 Zoll, FHD) f\u00fcr die HP Victus 16 D0-Serie, 144 Hz, matte Oberfl\u00e4che, 250 Nits Helligkeit, mit 40-poligem Anschluss. Halterungsloses Design und Klebeband im Lieferumfang enthalten f\u00fcr eine einfache Installation.<\/p>\n","protected":false},"featured_media":15670,"template":"","meta":[],"product_brand":[],"product_cat":[107,95],"product_tag":[61],"class_list":{"0":"post-16463","1":"product","2":"type-product","3":"status-publish","4":"has-post-thumbnail","6":"product_cat-16-1","7":"product_cat-new-laptop-screens-lcd-panels","8":"product_tag-hp","10":"first","11":"instock","12":"taxable","13":"shipping-taxable","14":"purchasable","15":"product-type-simple"},"_links":{"self":[{"href":"https:\/\/boreait.com\/de\/wp-json\/wp\/v2\/product\/16463","targetHints":{"allow":["GET"]}}],"collection":[{"href":"https:\/\/boreait.com\/de\/wp-json\/wp\/v2\/product"}],"about":[{"href":"https:\/\/boreait.com\/de\/wp-json\/wp\/v2\/types\/product"}],"wp:featuredmedia":[{"embeddable":true,"href":"https:\/\/boreait.com\/de\/wp-json\/wp\/v2\/media\/15670"}],"wp:attachment":[{"href":"https:\/\/boreait.com\/de\/wp-json\/wp\/v2\/media?parent=16463"}],"wp:term":[{"taxonomy":"product_brand","embeddable":true,"href":"https:\/\/boreait.com\/de\/wp-json\/wp\/v2\/product_brand?post=16463"},{"taxonomy":"product_cat","embeddable":true,"href":"https:\/\/boreait.com\/de\/wp-json\/wp\/v2\/product_cat?post=16463"},{"taxonomy":"product_tag","embeddable":true,"href":"https:\/\/boreait.com\/de\/wp-json\/wp\/v2\/product_tag?post=16463"}],"curies":[{"name":"wp","href":"https:\/\/api.w.org\/{rel}","templated":true}]}}