{"id":16460,"date":"2025-09-16T13:53:09","date_gmt":"2025-09-16T11:53:09","guid":{"rendered":"https:\/\/boreait.com\/de\/?post_type=product&#038;p=16460"},"modified":"2025-09-16T13:53:20","modified_gmt":"2025-09-16T11:53:20","slug":"hp-omen-16-c0-serie-lcd-bildschirm-161-fhd-144hz-matt-neu-40-polig-250-nits","status":"publish","type":"product","link":"https:\/\/boreait.com\/de\/produkt\/hp-omen-16-c0-serie-lcd-bildschirm-161-fhd-144hz-matt-neu-40-polig-250-nits\/","title":{"rendered":"HP OMEN 16-C0 Serie LCD-Bildschirm, 16,1&#8243;, FHD 144Hz, matt, neu, 40-polig, 250 Nits"},"content":{"rendered":"<p><strong>Aktuelles LCD-Bildschirmmodell: N161hma-gak REV. C3 oder n161hca-ga1 REV C.1 \u2013 VOLLST\u00c4NDIG KOMPATIBEL MIT LAPTOP-BILDSCHIRMEN F\u00dcR HP OMEN 16-C0 \/ C000000 \/ C0xxxx Serie<\/p>\n<p><\/strong><\/p>\n<p>Erweitern Sie Ihren Laptop der HP OMEN 16-C0 Serie mit diesem hochwertigen 16,1-Zoll-LCD-Bildschirm f\u00fcr herausragende Grafik und Leistung. Der matte Bildschirm ohne Touch-Funktion bietet Full HD (1920 x 1080) und eine Bildwiederholfrequenz von 144 Hz f\u00fcr fl\u00fcssiges Gameplay und lebendige Bilder. Mit einer Helligkeit von 250 Nits bietet er auch in hellen Umgebungen hervorragende Sichtbarkeit.<\/p>\n<p>Dieser Ersatzbildschirm ist mit einer Vielzahl von HP OMEN 16-C0 Modellen kompatibel, darunter 16-C0000NB, 16-C0001DX, 16-C0002CA und viele weitere. Im Lieferumfang ist doppelseitiges Klebeband enthalten, das die Installation schnell und einfach macht. Bitte beachten Sie, dass dieser Bildschirm ohne obere und untere Halterungen geliefert wird, um eine nahtlose Passform zu gew\u00e4hrleisten.<\/p>\n<p>Hauptmerkmale:<\/p>\n<ul>\n<li><strong>Bildschirmgr\u00f6\u00dfe:<\/strong> 16,1 Zoll<\/li>\n<li><strong>Aufl\u00f6sung:<\/strong> Full HD 1920 x 1080<\/li>\n<li><strong>Bildwiederholfrequenz:<\/strong> 144 Hz<\/li>\n<li><strong>Helligkeit:<\/strong> 250 Nits<\/li>\n<li><strong>Oberfl\u00e4che:<\/strong> Matt, entspiegelt<\/li>\n<li><strong>Anschlusstyp:<\/strong> 40-polig<\/li>\n<li><strong>Zustand:<\/strong> Neu<\/li>\n<li><strong>Extras:<\/strong> Doppelseitiges Klebeband im Lieferumfang enthalten<\/li>\n<\/ul>\n<p>Kompatibel mit verschiedenen HP OMEN Modelle der 16-C0-Serie, z. B.: 16-C0000NB, 16-C0000NC, 16-C0001DX, 16-C0002CA und viele mehr. Vollst\u00e4ndige Kompatibilit\u00e4tsinformationen finden Sie in den Produktspezifikationen oder kontaktieren Sie uns f\u00fcr Unterst\u00fctzung.<\/p>\n<p>\u00a0<\/p>\n<p><strong>Liste einiger kompatibler Laptops:\u00a0\u00a0<\/strong><\/p>\n<p>16-S1000CI, 16-S1000NA, 16-S1000NT, 16-S1000NX, 16-S1000NY, 16-S1000SL, 16-S1001CI, 16-S1001NA, 16-S1001NC, 16-S1001NO, 16-S1001NS, 16-S1001NT, 16-S1001NX, 16-S1002NA, 16-S1002NC, 16-S1002NL, 16-S1002NS, 16-S1002NT, 16-S1002NX, 16-S1002NY, 16-S1003NL, 16-S1003NM, 16-S1003NO, 16-S1003NT, 16-S1003NV, 16-S1003NY, 16-S1004NL, 16-S1004NO, 16-S1004NT, \u200b\u200b16-S1004NY, 16-S1005CI, 16-S1005NL, 16-S1005NM, 16-S1005NT, 16-S1006NL, 16-S1006NP, 16-S1007CI, 16-S1007NT, 16-S1007UA, 16-S1009NM, 16-S1009NT, 16-S1010NT, 16-S1011NM, 16-S1011NO, 16-S1011NT, 16-S1012CI, 16-S1012NM, 16-S1012NP, 16-S1013NM, 16-S1013NO, 16-S1013NT, 16-S1014NB, 16-S1014NM, 16-S1014NO, 16-S1014NT, 16-S1015NB, 16-S1015NO, 16-S1015NT, 16-S1016NM, 16-S1016NT, 16-S1017NB, 16-S1017NT, 16-S1018NB, 16-S1018NT, 16-S1019NB, 16-S1019NM, 16-S1019NT, 16-S1020NB, 16-S1021NB, 16-S1021NT, 16-S1022NB, 16-S1022NM, 16-S1022NT, 16-S1023CI, 16-S1023DX, 16-S1023NB, 16-S1023NT, 16-S1024CI, 16-S1024NB, 16-S1024NT, 16-S1025NB, 16-S1025NM, 16-S1025NT, 16-S1026NB, 16-S1026NT, 16-S1027NB, 16-S1027NT, 16-S1028NB, 16-S1028NT, 16-S1029NB, 16-S1029NT, 16-S1030NB, 16-S1030NT, 16-S1031NB, 16-S1031NT, 16-S1032NB, 16-S1033NB, 16-S1033NT, 16-S1034NF, 16-S1777NG, 16-S1778NG, 16-S1084AX, 16-S1118AX, 16-S1085AX, 16-S1035AX, 16-S1557AX, 16-S1034AX,<\/p>\n","protected":false},"excerpt":{"rendered":"<p>Werten Sie Ihren HP OMEN 16-C0 Laptop mit diesem matten 16,1-Zoll-FHD-LCD-Bildschirm mit 144 Hz auf. Mit lebendiger Grafik, reibungsloser Leistung und Kompatibilit\u00e4t mit zahlreichen Modellen ist er der perfekte Ersatz f\u00fcr Ihr Ger\u00e4t. Doppelseitiges Klebeband f\u00fcr eine einfache Installation im Lieferumfang enthalten.<\/p>\n","protected":false},"featured_media":15670,"template":"","meta":[],"product_brand":[],"product_cat":[107,95],"product_tag":[61],"class_list":{"0":"post-16460","1":"product","2":"type-product","3":"status-publish","4":"has-post-thumbnail","6":"product_cat-16-1","7":"product_cat-new-laptop-screens-lcd-panels","8":"product_tag-hp","10":"first","11":"instock","12":"taxable","13":"shipping-taxable","14":"purchasable","15":"product-type-simple"},"_links":{"self":[{"href":"https:\/\/boreait.com\/de\/wp-json\/wp\/v2\/product\/16460","targetHints":{"allow":["GET"]}}],"collection":[{"href":"https:\/\/boreait.com\/de\/wp-json\/wp\/v2\/product"}],"about":[{"href":"https:\/\/boreait.com\/de\/wp-json\/wp\/v2\/types\/product"}],"wp:featuredmedia":[{"embeddable":true,"href":"https:\/\/boreait.com\/de\/wp-json\/wp\/v2\/media\/15670"}],"wp:attachment":[{"href":"https:\/\/boreait.com\/de\/wp-json\/wp\/v2\/media?parent=16460"}],"wp:term":[{"taxonomy":"product_brand","embeddable":true,"href":"https:\/\/boreait.com\/de\/wp-json\/wp\/v2\/product_brand?post=16460"},{"taxonomy":"product_cat","embeddable":true,"href":"https:\/\/boreait.com\/de\/wp-json\/wp\/v2\/product_cat?post=16460"},{"taxonomy":"product_tag","embeddable":true,"href":"https:\/\/boreait.com\/de\/wp-json\/wp\/v2\/product_tag?post=16460"}],"curies":[{"name":"wp","href":"https:\/\/api.w.org\/{rel}","templated":true}]}}