{"id":16455,"date":"2025-09-16T13:53:08","date_gmt":"2025-09-16T11:53:08","guid":{"rendered":"https:\/\/boreait.com\/de\/?post_type=product&#038;p=16455"},"modified":"2025-10-15T14:13:24","modified_gmt":"2025-10-15T12:13:24","slug":"lenovo-thinkpad-p15s-p15v-t15p-gen-1-lcd-bildschirm-156-zoll-fhd-matt-ips-neu","status":"publish","type":"product","link":"https:\/\/boreait.com\/de\/produkt\/lenovo-thinkpad-p15s-p15v-t15p-gen-1-lcd-bildschirm-156-zoll-fhd-matt-ips-neu\/","title":{"rendered":"Lenovo ThinkPad P15s P15v T15p Gen 1 LCD-Bildschirm 15,6 Zoll FHD Matt IPS Neu"},"content":{"rendered":"<p><strong>Aktuelles LCD-Bildschirmmodell: B156ZAN03.6 oder N156HCA-EAB Rev C.4 \u2013 voll kompatibel mit dem Lenovo ThinkBook 15-IIL.<\/p>\n<p><\/strong><\/p>\n<p>Ersetzen oder r\u00fcsten Sie Ihren Lenovo ThinkPad P15s, P15v oder T15p Gen 1 (ohne Touch) Laptop-Bildschirm mit diesem hochwertigen <strong>15,6\u2033 matten LCD-Bildschirm<\/strong> auf. Dieser Bildschirm bietet herausragende Leistung und Kompatibilit\u00e4t und verf\u00fcgt \u00fcber eine <strong>FHD-Aufl\u00f6sung (1920 x 1080)<\/strong>, <strong>IPS-Technologie<\/strong> f\u00fcr lebendige Farben und gro\u00dfe Betrachtungswinkel sowie einen <strong>eDP 30-Pin-Anschluss<\/strong> f\u00fcr eine nahtlose Integration.<\/p>\n<p>Dieser Bildschirm ist ideal f\u00fcr Berufst\u00e4tige und Studenten. Seine entspiegelte, matte Oberfl\u00e4che reduziert Reflexionen und verbessert die Sichtbarkeit in hellen Umgebungen. Bitte beachten Sie, dass dieses Produkt <strong>ohne obere und untere Halterungen<\/strong> geliefert wird und sich daher zum Kleben eignet. <strong>Doppelseitige Klebestreifen sind im Lieferumfang enthalten<\/strong> f\u00fcr eine problemlose Installation.<\/p>\n<p>Dieser Ersatzbildschirm ist brandneu und garantiert optimale Anzeigequalit\u00e4t und Langlebigkeit. Stellen Sie die visuelle Klarheit Ihres Laptops wieder her und genie\u00dfen Sie atemberaubende Grafiken mit diesem zuverl\u00e4ssigen Ersatzbildschirm.<\/p>\n<p>\u00a0<\/p>\n","protected":false},"excerpt":{"rendered":"<p>Ersetzen Sie den Bildschirm Ihres Lenovo ThinkPad P15s, P15v oder T15p Gen 1 (ohne Touchscreen) Laptops durch diesen brandneuen <strong>15,6&#8243; matten LCD-Bildschirm<\/strong> mit FHD-Aufl\u00f6sung, IPS-Technologie und einem eDP-30-Pin-Anschluss. Inklusive Klebestreifen f\u00fcr eine einfache Installation.<\/p>\n","protected":false},"featured_media":15243,"template":"","meta":[],"product_brand":[],"product_cat":[105,95],"product_tag":[62],"class_list":{"0":"post-16455","1":"product","2":"type-product","3":"status-publish","4":"has-post-thumbnail","6":"product_cat-15-6-new-laptop-screens-lcd-panels","7":"product_cat-new-laptop-screens-lcd-panels","8":"product_tag-lenovo","10":"first","11":"instock","12":"taxable","13":"shipping-taxable","14":"purchasable","15":"product-type-simple"},"_links":{"self":[{"href":"https:\/\/boreait.com\/de\/wp-json\/wp\/v2\/product\/16455","targetHints":{"allow":["GET"]}}],"collection":[{"href":"https:\/\/boreait.com\/de\/wp-json\/wp\/v2\/product"}],"about":[{"href":"https:\/\/boreait.com\/de\/wp-json\/wp\/v2\/types\/product"}],"wp:featuredmedia":[{"embeddable":true,"href":"https:\/\/boreait.com\/de\/wp-json\/wp\/v2\/media\/15243"}],"wp:attachment":[{"href":"https:\/\/boreait.com\/de\/wp-json\/wp\/v2\/media?parent=16455"}],"wp:term":[{"taxonomy":"product_brand","embeddable":true,"href":"https:\/\/boreait.com\/de\/wp-json\/wp\/v2\/product_brand?post=16455"},{"taxonomy":"product_cat","embeddable":true,"href":"https:\/\/boreait.com\/de\/wp-json\/wp\/v2\/product_cat?post=16455"},{"taxonomy":"product_tag","embeddable":true,"href":"https:\/\/boreait.com\/de\/wp-json\/wp\/v2\/product_tag?post=16455"}],"curies":[{"name":"wp","href":"https:\/\/api.w.org\/{rel}","templated":true}]}}