{"id":16449,"date":"2025-09-16T13:53:07","date_gmt":"2025-09-16T11:53:07","guid":{"rendered":"https:\/\/boreait.com\/de\/?post_type=product&#038;p=16449"},"modified":"2025-10-15T14:13:24","modified_gmt":"2025-10-15T12:13:24","slug":"hp-zbook-15-g5-g6-lcd-bildschirm-156-zoll-fhd-ips-matt-30-polig-neu-mit-klebstoff","status":"publish","type":"product","link":"https:\/\/boreait.com\/de\/produkt\/hp-zbook-15-g5-g6-lcd-bildschirm-156-zoll-fhd-ips-matt-30-polig-neu-mit-klebstoff\/","title":{"rendered":"HP ZBook 15 G5 G6 LCD-Bildschirm 15,6 Zoll FHD IPS matt, 30-polig, neu mit Klebstoff"},"content":{"rendered":"<p><strong>Aktuelles LCD-Bildschirmmodell: B156ZAN03.6 oder N156HCA-EAB Rev C.4 \u2013 voll kompatibel mit dem HP ZBook 15 G5\/G6 (ohne Touch!)<\/p>\n<p><\/strong><\/p>\n<p>Optimieren Sie die Displayleistung Ihres HP ZBook 15 G5 und G6 mit diesem hochwertigen, matten 15,6-Zoll-LCD-Bildschirm (ohne Touch). Dieses IPS-Panel bietet au\u00dfergew\u00f6hnliche Klarheit und lebendige Farben und sorgt mit Full-HD-Aufl\u00f6sung (1920 x 1080) f\u00fcr ein optimales Seherlebnis. Der eDP-30-Pin-Anschluss gew\u00e4hrleistet reibungslose Kompatibilit\u00e4t, und die matte Oberfl\u00e4che reduziert Blendeffekte f\u00fcr bessere Sichtbarkeit bei unterschiedlichen Lichtverh\u00e4ltnissen.<\/p>\n<p>Dieser Bildschirm ist speziell f\u00fcr Modelle ohne obere und untere Halterungen konzipiert und wird mit doppelseitigen Klebestreifen f\u00fcr eine einfache und sichere Montage geliefert. Dieses neue LCD ist ideal f\u00fcr den Austausch besch\u00e4digter oder defekter Bildschirme und eine zuverl\u00e4ssige L\u00f6sung, um Ihrem Laptop neues Leben einzuhauchen.<\/p>\n<p><strong>Schl\u00fcssel Funktionen:<\/strong><\/p>\n<ul>\n<li>Kompatible Modelle: HP ZBook 15 G5 und ZBook G6 (ohne Touch)<\/li>\n<li>Bildschirmgr\u00f6\u00dfe: 15,6 Zoll<\/li>\n<li>Aufl\u00f6sung: Full HD (1920 x 1080)<\/li>\n<li>Paneltyp: IPS<\/li>\n<li>Oberfl\u00e4che: Matt (entspiegelt)<\/li>\n<li>Anschluss: eDP, 30-polig<\/li>\n<li>Zustand: Neu<\/li>\n<li>Montage: Doppelseitige Klebestreifen im Lieferumfang enthalten<\/li>\n<\/ul>\n<p>Stellen Sie die Displayqualit\u00e4t Ihres Laptops mit diesem langlebigen und leistungsstarken Ersatzbildschirm wieder her. Perfekt f\u00fcr Profis und Technikbegeisterte!<\/p>\n<p>\u00a0<\/p>\n","protected":false},"excerpt":{"rendered":"<div class=\"flex max-w-full flex-col flex-grow\">\n<div class=\"min-h-8 Textnachricht flex w-full flex-col Elemente-Ende L\u00fccke-2 Leerzeichen-normale Wortumbr\u00fcche [.text-message+&#038;]:mt-5\" dir=\"auto\" data-message-author-role=\"assistant\" data-message-id=\"643e7024-2c48-4fd0-8ce1-7db539127bf6\" data-client-thread-id=\"WEB:0938c45f-8fb2-4fcd-987c-cdd10acde468\" data-message-model-slug=\"gpt-4o\">\n<div class=\"flex w-full flex-col L\u00fccke-1 leer:versteckt zuerst:pt-[3px]\">\n<div class=\"markdown prose w-full break-words dark:prose-invert light\">\n<p>R\u00fcsten Sie Ihr HP ZBook 15 G5 oder G6 mit diesem hochwertigen, matten 15,6-Zoll-IPS-LCD-Display (ohne Touch-Funktion) auf. Dank FHD-Aufl\u00f6sung, eDP-30-Pin-Anschluss und doppelseitigen Klebestreifen ist es perfekt f\u00fcr eine nahtlose Installation. Zustand: Neuware.<\/p>\n<\/div>\n<\/div>\n<\/div>\n<\/div>\n","protected":false},"featured_media":15243,"template":"","meta":[],"product_brand":[],"product_cat":[105,95],"product_tag":[61],"class_list":{"0":"post-16449","1":"product","2":"type-product","3":"status-publish","4":"has-post-thumbnail","6":"product_cat-15-6-new-laptop-screens-lcd-panels","7":"product_cat-new-laptop-screens-lcd-panels","8":"product_tag-hp","10":"first","11":"instock","12":"taxable","13":"shipping-taxable","14":"purchasable","15":"product-type-simple"},"_links":{"self":[{"href":"https:\/\/boreait.com\/de\/wp-json\/wp\/v2\/product\/16449","targetHints":{"allow":["GET"]}}],"collection":[{"href":"https:\/\/boreait.com\/de\/wp-json\/wp\/v2\/product"}],"about":[{"href":"https:\/\/boreait.com\/de\/wp-json\/wp\/v2\/types\/product"}],"wp:featuredmedia":[{"embeddable":true,"href":"https:\/\/boreait.com\/de\/wp-json\/wp\/v2\/media\/15243"}],"wp:attachment":[{"href":"https:\/\/boreait.com\/de\/wp-json\/wp\/v2\/media?parent=16449"}],"wp:term":[{"taxonomy":"product_brand","embeddable":true,"href":"https:\/\/boreait.com\/de\/wp-json\/wp\/v2\/product_brand?post=16449"},{"taxonomy":"product_cat","embeddable":true,"href":"https:\/\/boreait.com\/de\/wp-json\/wp\/v2\/product_cat?post=16449"},{"taxonomy":"product_tag","embeddable":true,"href":"https:\/\/boreait.com\/de\/wp-json\/wp\/v2\/product_tag?post=16449"}],"curies":[{"name":"wp","href":"https:\/\/api.w.org\/{rel}","templated":true}]}}