{"id":16447,"date":"2025-09-16T13:53:06","date_gmt":"2025-09-16T11:53:06","guid":{"rendered":"https:\/\/boreait.com\/de\/?post_type=product&#038;p=16447"},"modified":"2025-09-16T13:53:15","modified_gmt":"2025-09-16T11:53:15","slug":"dell-precision-m6600-m6700-173-lcd-bildschirm-p97dw-fhd-1920x1080-neu","status":"publish","type":"product","link":"https:\/\/boreait.com\/de\/produkt\/dell-precision-m6600-m6700-173-lcd-bildschirm-p97dw-fhd-1920x1080-neu\/","title":{"rendered":"Dell Precision M6600 M6700 17,3&#8243; LCD-Bildschirm P97DW, FHD 1920&#215;1080, Neu"},"content":{"rendered":"<p><strong>Aktuelles LCD-Bildschirmmodell: LP173WF1 TLB3 \u2013 VOLLST\u00c4NDIG KOMPATIBEL MIT DEM LAPTOP-BILDSCHIRM Dell Precision M6600 M6700 LCD-Bildschirm P97DW<\/strong><\/p>\n<p>R\u00fcsten Sie Ihren Dell Precision M6600 oder M6700 Laptop mit diesem hochwertigen 17,3-Zoll-LCD-Bildschirm (P97DW-Serie) auf. Mit Full-HD-Aufl\u00f6sung (1920 x 1080) bietet dieser Bildschirm ein gestochen scharfes und lebendiges Bilderlebnis mit gl\u00e4nzender Oberfl\u00e4che. Er wurde speziell f\u00fcr die Modelle Precision M6600 und M6700 entwickelt und verf\u00fcgt \u00fcber einen 40-poligen Anschluss unten links f\u00fcr eine einfache Installation. Egal, ob Sie einen defekten Bildschirm ersetzen oder auf ein besseres Display umsteigen, dieser brandneue LCD-Bildschirm garantiert Zuverl\u00e4ssigkeit und erstklassige Leistung.<\/p>\n<p><strong>Produktdetails:<\/strong><\/p>\n<ul>\n<li><strong>Kompatible Modelle:<\/strong> Dell Precision M6600, M6700<\/li>\n<li><strong>Gr\u00f6\u00dfe:<\/strong> 17,3\u2033<\/li>\n<li><strong>Aufl\u00f6sung:<\/strong> Full HD (1920 x 1080)<\/li>\n<li><strong>Oberfl\u00e4che:<\/strong> Hochglanz<\/li>\n<li><strong>Anschlusstyp:<\/strong> 40-polig (unten links)<\/li>\n<li><strong>Zustand:<\/strong> Neu<\/li>\n<li><strong>Serie:<\/strong> P97DW<\/li>\n<li><strong>Perfektes Ersatzteil f\u00fcr defekte oder besch\u00e4digte Bildschirme<\/strong><\/li>\n<\/ul>\n<p>Mit diesem hochwertigen Bildschirm bringen Sie die optimale Leistung Ihres Laptops zur\u00fcck und genie\u00dfen scharfe Bilder, satte Farben und ein insgesamt verbessertes Seherlebnis.<\/p>\n","protected":false},"excerpt":{"rendered":"<p>Dieser brandneue LCD-Bildschirm f\u00fcr das Dell Precision M6600\/M6700 (P97DW-Serie) bietet ein beeindruckendes 17,3-Zoll-Full-HD-Display (1920 x 1080) mit gl\u00e4nzender Oberfl\u00e4che. Mit einem 40-poligen Anschluss unten links ist er der ideale Ersatz oder das ideale Upgrade f\u00fcr Ihren Laptop. Sorgen Sie mit diesem neuen Bildschirm f\u00fcr hervorragende Bildqualit\u00e4t und zuverl\u00e4ssige Leistung, der Ihr Seherlebnis verbessert. Perfekt f\u00fcr jedes Laptop-Reparatur- oder Upgrade-Projekt!<\/p>\n","protected":false},"featured_media":16436,"template":"","meta":[],"product_brand":[],"product_cat":[96,95],"product_tag":[],"class_list":{"0":"post-16447","1":"product","2":"type-product","3":"status-publish","4":"has-post-thumbnail","6":"product_cat-17-3","7":"product_cat-new-laptop-screens-lcd-panels","9":"first","10":"instock","11":"taxable","12":"shipping-taxable","13":"purchasable","14":"product-type-simple"},"_links":{"self":[{"href":"https:\/\/boreait.com\/de\/wp-json\/wp\/v2\/product\/16447","targetHints":{"allow":["GET"]}}],"collection":[{"href":"https:\/\/boreait.com\/de\/wp-json\/wp\/v2\/product"}],"about":[{"href":"https:\/\/boreait.com\/de\/wp-json\/wp\/v2\/types\/product"}],"wp:featuredmedia":[{"embeddable":true,"href":"https:\/\/boreait.com\/de\/wp-json\/wp\/v2\/media\/16436"}],"wp:attachment":[{"href":"https:\/\/boreait.com\/de\/wp-json\/wp\/v2\/media?parent=16447"}],"wp:term":[{"taxonomy":"product_brand","embeddable":true,"href":"https:\/\/boreait.com\/de\/wp-json\/wp\/v2\/product_brand?post=16447"},{"taxonomy":"product_cat","embeddable":true,"href":"https:\/\/boreait.com\/de\/wp-json\/wp\/v2\/product_cat?post=16447"},{"taxonomy":"product_tag","embeddable":true,"href":"https:\/\/boreait.com\/de\/wp-json\/wp\/v2\/product_tag?post=16447"}],"curies":[{"name":"wp","href":"https:\/\/api.w.org\/{rel}","templated":true}]}}