{"id":16445,"date":"2025-09-16T13:53:06","date_gmt":"2025-09-16T11:53:06","guid":{"rendered":"https:\/\/boreait.com\/de\/?post_type=product&#038;p=16445"},"modified":"2025-09-16T13:53:15","modified_gmt":"2025-09-16T11:53:15","slug":"asus-rog-g750jx-173-lcd-bildschirm-fhd-1920x1080-glaenzend-40-pin-neu","status":"publish","type":"product","link":"https:\/\/boreait.com\/de\/produkt\/asus-rog-g750jx-173-lcd-bildschirm-fhd-1920x1080-glaenzend-40-pin-neu\/","title":{"rendered":"ASUS ROG G750JX 17,3&#8243; LCD-Bildschirm FHD 1920&#215;1080 gl\u00e4nzend 40 Pin Neu"},"content":{"rendered":"<p><strong>Aktuelles LCD-Bildschirmmodell: LP173WF1 TLB3 \u2013 VOLLKOMPATIBEL MIT LAPTOP-BILDSCHIRMEN DER ASUS ROG G750JX-Serie (T4075H, TB71, T4180H, DB71, DH71, DS77, QS71, RB71, TB71)<\/strong><\/p>\n<p>Upgraden Sie Ihren ASUS ROG G750JX Gaming-Laptop mit diesem hochwertigen 17,3-Zoll-LCD-Bildschirm. Mit einer Full-HD-Aufl\u00f6sung (1920 x 1080) liefert dieser gl\u00e4nzende Bildschirm gestochen scharfe, lebendige Bilder und eine hervorragende Farbwiedergabe. Er ist ideal f\u00fcr Gamer und Profis und verf\u00fcgt \u00fcber einen 40-poligen Anschluss unten links, der eine pr\u00e4zise Passform und eine einfache Installation gew\u00e4hrleistet. Egal, ob Sie einen besch\u00e4digten Bildschirm ersetzen oder Ihr System aufr\u00fcsten, dieser brandneue Bildschirm bietet die Zuverl\u00e4ssigkeit und Leistung, die Sie f\u00fcr ein erstklassiges Seherlebnis ben\u00f6tigen. Er ist mit mehreren Modellen der ASUS ROG G750JX-Serie kompatibel und der perfekte Ersatz f\u00fcr Stellen Sie die volle Leistungsf\u00e4higkeit des Laptop-Displays wieder her.<\/p>\n","protected":false},"excerpt":{"rendered":"<p>Dieser brandneue 17,3-Zoll-LCD-Bildschirm ist mit der ASUS ROG G750JX-Serie kompatibel und verf\u00fcgt \u00fcber ein gl\u00e4nzendes Full-HD-Display (1920 x 1080). Er verf\u00fcgt unten links \u00fcber einen 40-Pin-Anschluss, der klare und scharfe Bilder f\u00fcr Spiele und den professionellen Einsatz gew\u00e4hrleistet.<\/p>\n","protected":false},"featured_media":16436,"template":"","meta":[],"product_brand":[],"product_cat":[96,95],"product_tag":[],"class_list":{"0":"post-16445","1":"product","2":"type-product","3":"status-publish","4":"has-post-thumbnail","6":"product_cat-17-3","7":"product_cat-new-laptop-screens-lcd-panels","9":"first","10":"instock","11":"taxable","12":"shipping-taxable","13":"purchasable","14":"product-type-simple"},"_links":{"self":[{"href":"https:\/\/boreait.com\/de\/wp-json\/wp\/v2\/product\/16445","targetHints":{"allow":["GET"]}}],"collection":[{"href":"https:\/\/boreait.com\/de\/wp-json\/wp\/v2\/product"}],"about":[{"href":"https:\/\/boreait.com\/de\/wp-json\/wp\/v2\/types\/product"}],"wp:featuredmedia":[{"embeddable":true,"href":"https:\/\/boreait.com\/de\/wp-json\/wp\/v2\/media\/16436"}],"wp:attachment":[{"href":"https:\/\/boreait.com\/de\/wp-json\/wp\/v2\/media?parent=16445"}],"wp:term":[{"taxonomy":"product_brand","embeddable":true,"href":"https:\/\/boreait.com\/de\/wp-json\/wp\/v2\/product_brand?post=16445"},{"taxonomy":"product_cat","embeddable":true,"href":"https:\/\/boreait.com\/de\/wp-json\/wp\/v2\/product_cat?post=16445"},{"taxonomy":"product_tag","embeddable":true,"href":"https:\/\/boreait.com\/de\/wp-json\/wp\/v2\/product_tag?post=16445"}],"curies":[{"name":"wp","href":"https:\/\/api.w.org\/{rel}","templated":true}]}}