{"id":16444,"date":"2025-09-16T13:53:06","date_gmt":"2025-09-16T11:53:06","guid":{"rendered":"https:\/\/boreait.com\/de\/?post_type=product&#038;p=16444"},"modified":"2025-09-16T13:53:14","modified_gmt":"2025-09-16T11:53:14","slug":"dell-vostro-3700-173-zoll-fhd-lcd-bildschirm-40-poliger-anschluss-unten-links-neu","status":"publish","type":"product","link":"https:\/\/boreait.com\/de\/produkt\/dell-vostro-3700-173-zoll-fhd-lcd-bildschirm-40-poliger-anschluss-unten-links-neu\/","title":{"rendered":"DELL VOSTRO 3700 17,3 Zoll FHD LCD-Bildschirm 40-poliger Anschluss unten links Neu"},"content":{"rendered":"<p><strong>Aktuelles LCD-Bildschirmmodell: LP173WF1 TLB3 \u2013 VOLLKOMPATIBEL MIT DEM LAPTOP-BILDSCHIRM DELL VOSTRO 3700<\/strong><\/p>\n<p>R\u00fcsten Sie Ihr Dell Vostro 3700-Notebook mit diesem hochwertigen, brandneuen 17,3-Zoll-LCD-Bildschirm auf. Mit einem 40-poligen Anschluss unten links bietet dieser Bildschirm eine Full-HD-Aufl\u00f6sung von 1920 x 1080 Pixeln und sorgt so f\u00fcr gestochen scharfe Bilder bei der Arbeit und beim Spielen. Die gl\u00e4nzende Oberfl\u00e4che verst\u00e4rkt die Farbbrillanz und sorgt f\u00fcr ein intensiveres Seherlebnis. Dieser Ersatzbildschirm ist perfekt auf das Dell Vostro 3700 zugeschnitten und sorgt daf\u00fcr, dass Ihr Laptop wie neu aussieht und funktioniert. Ideal f\u00fcr alle, die ein besch\u00e4digtes oder defektes Display ersetzen m\u00fcssen. Dieser LCD-Bildschirm l\u00e4sst sich schnell installieren und stellt garantiert die Leistung Ihres Ger\u00e4ts wieder her.<\/p>\n","protected":false},"excerpt":{"rendered":"<p>Dieser brandneue 17,3-Zoll-LCD-Bildschirm ist mit Dell Vostro 3700-Laptops kompatibel. Er verf\u00fcgt \u00fcber einen 40-poligen Anschluss unten links und bietet Full-HD-Aufl\u00f6sung (1920 x 1080) mit gl\u00e4nzender Oberfl\u00e4che f\u00fcr lebendige Anzeigequalit\u00e4t. Perfekter Ersatz f\u00fcr besch\u00e4digte Bildschirme.<\/p>\n","protected":false},"featured_media":16436,"template":"","meta":[],"product_brand":[],"product_cat":[96,95],"product_tag":[],"class_list":{"0":"post-16444","1":"product","2":"type-product","3":"status-publish","4":"has-post-thumbnail","6":"product_cat-17-3","7":"product_cat-new-laptop-screens-lcd-panels","9":"first","10":"instock","11":"taxable","12":"shipping-taxable","13":"purchasable","14":"product-type-simple"},"_links":{"self":[{"href":"https:\/\/boreait.com\/de\/wp-json\/wp\/v2\/product\/16444","targetHints":{"allow":["GET"]}}],"collection":[{"href":"https:\/\/boreait.com\/de\/wp-json\/wp\/v2\/product"}],"about":[{"href":"https:\/\/boreait.com\/de\/wp-json\/wp\/v2\/types\/product"}],"wp:featuredmedia":[{"embeddable":true,"href":"https:\/\/boreait.com\/de\/wp-json\/wp\/v2\/media\/16436"}],"wp:attachment":[{"href":"https:\/\/boreait.com\/de\/wp-json\/wp\/v2\/media?parent=16444"}],"wp:term":[{"taxonomy":"product_brand","embeddable":true,"href":"https:\/\/boreait.com\/de\/wp-json\/wp\/v2\/product_brand?post=16444"},{"taxonomy":"product_cat","embeddable":true,"href":"https:\/\/boreait.com\/de\/wp-json\/wp\/v2\/product_cat?post=16444"},{"taxonomy":"product_tag","embeddable":true,"href":"https:\/\/boreait.com\/de\/wp-json\/wp\/v2\/product_tag?post=16444"}],"curies":[{"name":"wp","href":"https:\/\/api.w.org\/{rel}","templated":true}]}}