{"id":16443,"date":"2025-09-16T13:53:06","date_gmt":"2025-09-16T11:53:06","guid":{"rendered":"https:\/\/boreait.com\/de\/?post_type=product&#038;p=16443"},"modified":"2025-09-16T13:53:14","modified_gmt":"2025-09-16T11:53:14","slug":"neuer-173-zoll-fhd-lcd-bildschirm-hp-pavilion-dv7t-6000-40-pin-glaenzend-1920-x-1080","status":"publish","type":"product","link":"https:\/\/boreait.com\/de\/produkt\/neuer-173-zoll-fhd-lcd-bildschirm-hp-pavilion-dv7t-6000-40-pin-glaenzend-1920-x-1080\/","title":{"rendered":"Neuer 17,3-Zoll-FHD-LCD-Bildschirm HP Pavilion DV7T-6000 40 Pin gl\u00e4nzend 1920 x 1080"},"content":{"rendered":"<p><strong>Aktuelles LCD-Bildschirmmodell: LP173WF1 TLB3 \u2013 VOLLST\u00c4NDIG KOMPATIBEL MIT DEM HP PAVILION DV7T-6000 LAPTOP-BILDSCHIRM<\/strong><\/p>\n<p>R\u00fcsten Sie Ihren HP Pavilion DV7T-6000 mit diesem brandneuen 17,3-Zoll-FHD-LCD-Bildschirm auf. Mit einer beeindruckenden Aufl\u00f6sung von 1920 x 1080 Pixeln bietet dieser Bildschirm scharfe, lebendige Bilder f\u00fcr ein au\u00dfergew\u00f6hnliches Seherlebnis. Die gl\u00e4nzende Oberfl\u00e4che verbessert die Farbbrillanz und den Kontrast und eignet sich somit perfekt f\u00fcr Medien und Spiele. Dank des 40-poligen Anschlusses unten links ist er einfach zu installieren und mit Ihrem vorhandenen Laptop kompatibel. Egal, ob Sie einen besch\u00e4digten Bildschirm ersetzen oder f\u00fcr eine bessere Leistung aufr\u00fcsten m\u00f6chten \u2013 dieser hochwertige LCD-Bildschirm ist die perfekte L\u00f6sung. Zustand: Neu.<\/p>\n","protected":false},"excerpt":{"rendered":"<p>Brandneuer 17,3-Zoll-FHD-LCD-Bildschirm f\u00fcr HP Pavilion DV7T-6000. Aufl\u00f6sung 1920 x 1080, gl\u00e4nzende Oberfl\u00e4che, 40-poliger Anschluss unten links. Ideal f\u00fcr Upgrades und Ersatzteile.<\/p>\n","protected":false},"featured_media":16436,"template":"","meta":[],"product_brand":[],"product_cat":[96,95],"product_tag":[],"class_list":{"0":"post-16443","1":"product","2":"type-product","3":"status-publish","4":"has-post-thumbnail","6":"product_cat-17-3","7":"product_cat-new-laptop-screens-lcd-panels","9":"first","10":"instock","11":"taxable","12":"shipping-taxable","13":"purchasable","14":"product-type-simple"},"_links":{"self":[{"href":"https:\/\/boreait.com\/de\/wp-json\/wp\/v2\/product\/16443","targetHints":{"allow":["GET"]}}],"collection":[{"href":"https:\/\/boreait.com\/de\/wp-json\/wp\/v2\/product"}],"about":[{"href":"https:\/\/boreait.com\/de\/wp-json\/wp\/v2\/types\/product"}],"wp:featuredmedia":[{"embeddable":true,"href":"https:\/\/boreait.com\/de\/wp-json\/wp\/v2\/media\/16436"}],"wp:attachment":[{"href":"https:\/\/boreait.com\/de\/wp-json\/wp\/v2\/media?parent=16443"}],"wp:term":[{"taxonomy":"product_brand","embeddable":true,"href":"https:\/\/boreait.com\/de\/wp-json\/wp\/v2\/product_brand?post=16443"},{"taxonomy":"product_cat","embeddable":true,"href":"https:\/\/boreait.com\/de\/wp-json\/wp\/v2\/product_cat?post=16443"},{"taxonomy":"product_tag","embeddable":true,"href":"https:\/\/boreait.com\/de\/wp-json\/wp\/v2\/product_tag?post=16443"}],"curies":[{"name":"wp","href":"https:\/\/api.w.org\/{rel}","templated":true}]}}