{"id":16439,"date":"2025-09-16T13:53:05","date_gmt":"2025-09-16T11:53:05","guid":{"rendered":"https:\/\/boreait.com\/de\/?post_type=product&#038;p=16439"},"modified":"2025-09-16T13:53:12","modified_gmt":"2025-09-16T11:53:12","slug":"n173hge-e11-173-fhd-lcd-bildschirm-40-pin-glaenzend-anschluss-unten-links-neu","status":"publish","type":"product","link":"https:\/\/boreait.com\/de\/produkt\/n173hge-e11-173-fhd-lcd-bildschirm-40-pin-glaenzend-anschluss-unten-links-neu\/","title":{"rendered":"N173HGE-E11 17,3&#8243; FHD LCD-Bildschirm, 40 Pin, gl\u00e4nzend, Anschluss unten links, neu"},"content":{"rendered":"<p><strong>Aktuelles LCD-Bildschirmmodell: LP173WF1 TLB3 \u2013 VOLLKOMPATIBEL MIT LAPTOP-BILDSCHIRMEN N173HGE-E11 \/ L11 \/ L21 \/ E23<\/strong><\/p>\n<p>Verbessern Sie Ihr Bildschirmerlebnis mit dem LCD-Bildschirm N173HGE-E11 \/ L11 \/ L21 \/ E23, der f\u00fcr erstklassige Leistung und lebendige Bilder entwickelt wurde. Dieser 17,3-Zoll-Full-HD-Bildschirm (1920 x 1080) verf\u00fcgt \u00fcber eine gl\u00e4nzende Oberfl\u00e4che und bietet scharfe, klare Bilder und eine satte Farbwiedergabe. Der 40-Pin-Anschluss und die Platzierung des Anschlusses unten links gew\u00e4hrleisten die Kompatibilit\u00e4t mit verschiedenen Ger\u00e4ten und machen ihn ideal f\u00fcr Austausch- oder Reparaturprojekte. Egal, ob Sie Profi oder Heimwerker sind, dieser hochwertige LCD-Bildschirm ist in neuwertigem Zustand und garantiert lange Haltbarkeit und Leistung.<\/p>\n","protected":false},"excerpt":{"rendered":"<p>#VALUE!<\/p>\n","protected":false},"featured_media":16436,"template":"","meta":[],"product_brand":[],"product_cat":[96,95],"product_tag":[],"class_list":{"0":"post-16439","1":"product","2":"type-product","3":"status-publish","4":"has-post-thumbnail","6":"product_cat-17-3","7":"product_cat-new-laptop-screens-lcd-panels","9":"first","10":"instock","11":"taxable","12":"shipping-taxable","13":"purchasable","14":"product-type-simple"},"_links":{"self":[{"href":"https:\/\/boreait.com\/de\/wp-json\/wp\/v2\/product\/16439","targetHints":{"allow":["GET"]}}],"collection":[{"href":"https:\/\/boreait.com\/de\/wp-json\/wp\/v2\/product"}],"about":[{"href":"https:\/\/boreait.com\/de\/wp-json\/wp\/v2\/types\/product"}],"wp:featuredmedia":[{"embeddable":true,"href":"https:\/\/boreait.com\/de\/wp-json\/wp\/v2\/media\/16436"}],"wp:attachment":[{"href":"https:\/\/boreait.com\/de\/wp-json\/wp\/v2\/media?parent=16439"}],"wp:term":[{"taxonomy":"product_brand","embeddable":true,"href":"https:\/\/boreait.com\/de\/wp-json\/wp\/v2\/product_brand?post=16439"},{"taxonomy":"product_cat","embeddable":true,"href":"https:\/\/boreait.com\/de\/wp-json\/wp\/v2\/product_cat?post=16439"},{"taxonomy":"product_tag","embeddable":true,"href":"https:\/\/boreait.com\/de\/wp-json\/wp\/v2\/product_tag?post=16439"}],"curies":[{"name":"wp","href":"https:\/\/api.w.org\/{rel}","templated":true}]}}