{"id":16438,"date":"2025-09-16T13:53:04","date_gmt":"2025-09-16T11:53:04","guid":{"rendered":"https:\/\/boreait.com\/de\/?post_type=product&#038;p=16438"},"modified":"2025-09-16T13:53:11","modified_gmt":"2025-09-16T11:53:11","slug":"n173h6-l02-173-fhd-lcd-bildschirm-1920x1080-glaenzend-40-pin-unten-links-anschluss","status":"publish","type":"product","link":"https:\/\/boreait.com\/de\/produkt\/n173h6-l02-173-fhd-lcd-bildschirm-1920x1080-glaenzend-40-pin-unten-links-anschluss\/","title":{"rendered":"N173H6-L02 17,3&#8243; FHD LCD-Bildschirm 1920&#215;1080 Gl\u00e4nzend 40 Pin Unten Links Anschluss"},"content":{"rendered":"<p><strong>Aktuelles LCD-Bildschirmmodell: LP173WF1 TLB3 \u2013 VOLLKOMPATIBEL MIT LAPTOP-BILDSCHIRM N173H6-L02 \/ L04<\/strong><\/p>\n<p>Upgraden Sie Ihr Laptop-Display mit dem hochwertigen LCD-Bildschirm N173H6-L02 \/ L04. Dieser 17,3-Zoll-Full-HD-Bildschirm bietet eine gestochen scharfe Aufl\u00f6sung von 1920 x 1080 Pixeln und eine gl\u00e4nzende Oberfl\u00e4che f\u00fcr lebendige Farben und klare Bilder. Dank 40-Pin-Anschluss und Anschluss unten links ist er mit einer Vielzahl von Laptops kompatibel. Egal, ob Sie einen besch\u00e4digten Bildschirm ersetzen oder Ihren aktuellen Bildschirm aufr\u00fcsten m\u00f6chten, dieser neue, hochwertige Bildschirm bietet au\u00dfergew\u00f6hnliche Leistung und Langlebigkeit. Perfekt f\u00fcr alle, die den Bildschirm ihres Laptops f\u00fcr den Alltag, die Unterhaltung oder die Arbeit restaurieren oder verbessern m\u00f6chten.<\/p>\n","protected":false},"excerpt":{"rendered":"<p>Brandneuer 17,3-Zoll-LCD-Bildschirm N173H6-L02 mit Full HD-Aufl\u00f6sung (1920 x 1080) und gl\u00e4nzender Oberfl\u00e4che. Mit 40-poligem Anschluss unten links ist er der perfekte Ersatz f\u00fcr besch\u00e4digte Displays und sorgt f\u00fcr klare und lebendige Bilder.<\/p>\n","protected":false},"featured_media":16436,"template":"","meta":[],"product_brand":[],"product_cat":[96,95],"product_tag":[],"class_list":{"0":"post-16438","1":"product","2":"type-product","3":"status-publish","4":"has-post-thumbnail","6":"product_cat-17-3","7":"product_cat-new-laptop-screens-lcd-panels","9":"first","10":"instock","11":"taxable","12":"shipping-taxable","13":"purchasable","14":"product-type-simple"},"_links":{"self":[{"href":"https:\/\/boreait.com\/de\/wp-json\/wp\/v2\/product\/16438","targetHints":{"allow":["GET"]}}],"collection":[{"href":"https:\/\/boreait.com\/de\/wp-json\/wp\/v2\/product"}],"about":[{"href":"https:\/\/boreait.com\/de\/wp-json\/wp\/v2\/types\/product"}],"wp:featuredmedia":[{"embeddable":true,"href":"https:\/\/boreait.com\/de\/wp-json\/wp\/v2\/media\/16436"}],"wp:attachment":[{"href":"https:\/\/boreait.com\/de\/wp-json\/wp\/v2\/media?parent=16438"}],"wp:term":[{"taxonomy":"product_brand","embeddable":true,"href":"https:\/\/boreait.com\/de\/wp-json\/wp\/v2\/product_brand?post=16438"},{"taxonomy":"product_cat","embeddable":true,"href":"https:\/\/boreait.com\/de\/wp-json\/wp\/v2\/product_cat?post=16438"},{"taxonomy":"product_tag","embeddable":true,"href":"https:\/\/boreait.com\/de\/wp-json\/wp\/v2\/product_tag?post=16438"}],"curies":[{"name":"wp","href":"https:\/\/api.w.org\/{rel}","templated":true}]}}