{"id":16437,"date":"2025-09-16T13:53:03","date_gmt":"2025-09-16T11:53:03","guid":{"rendered":"https:\/\/boreait.com\/de\/?post_type=product&#038;p=16437"},"modified":"2025-09-16T13:53:10","modified_gmt":"2025-09-16T11:53:10","slug":"lp173wf1-173-lcd-bildschirm-fhd-1920x1080-glaenzend-40-poliger-anschluss-unten-links-neu","status":"publish","type":"product","link":"https:\/\/boreait.com\/de\/produkt\/lp173wf1-173-lcd-bildschirm-fhd-1920x1080-glaenzend-40-poliger-anschluss-unten-links-neu\/","title":{"rendered":"LP173WF1 17,3&#8243; LCD-Bildschirm FHD 1920&#215;1080 Gl\u00e4nzend 40-poliger Anschluss unten links Neu"},"content":{"rendered":"<p><strong>Aktuelles LCD-Bildschirmmodell: LP173WF1 TLB3 \u2013 VOLLKOMPATIBEL MIT DEN LAPTOP-BILDSCHIRMEN LP173WF1 TLA2 \/ TLB2 \/ TLB4 \/ TLB6 \/ TLD1<\/strong><\/p>\n<p>R\u00fcsten Sie Ihr Laptop-Display mit dem LP173WF1 TLA2\/TLB2\/TLB4\/TLB6\/TLD1 LCD-Bildschirm auf. Dieser hochwertige 17,3-Zoll-Bildschirm bietet eine Full-HD-Aufl\u00f6sung von 1920 x 1080 f\u00fcr gestochen scharfe Bilder und ein verbessertes Seherlebnis. Dank des 40-Pin-Anschlusses unten links liefert dieser gl\u00e4nzende Bildschirm lebendige, scharfe Bilder \u2013 perfekt f\u00fcr jede Anwendung, von der Arbeit bis zur Unterhaltung. Egal, ob Sie einen besch\u00e4digten Bildschirm ersetzen oder Ihr Laptop-Display aufr\u00fcsten m\u00f6chten, dieser brandneue LP173WF1 LCD-Bildschirm ist eine zuverl\u00e4ssige Wahl. Er ist mit verschiedenen Laptop-Modellen kompatibel und sorgt f\u00fcr reibungslose Leistung mit satten Farben und einer Hochglanzoberfl\u00e4che.<\/p>\n","protected":false},"excerpt":{"rendered":"<p>Werten Sie Ihren Laptop mit dem 17,3-Zoll-LCD-Bildschirm LP173WF1 auf. Full HD (1920 x 1080), gl\u00e4nzend, 40-poliger Anschluss (unten links). Brandneue, gestochen scharfe Bilder!<\/p>\n","protected":false},"featured_media":16436,"template":"","meta":[],"product_brand":[],"product_cat":[96,95],"product_tag":[],"class_list":{"0":"post-16437","1":"product","2":"type-product","3":"status-publish","4":"has-post-thumbnail","6":"product_cat-17-3","7":"product_cat-new-laptop-screens-lcd-panels","9":"first","10":"instock","11":"taxable","12":"shipping-taxable","13":"purchasable","14":"product-type-simple"},"_links":{"self":[{"href":"https:\/\/boreait.com\/de\/wp-json\/wp\/v2\/product\/16437","targetHints":{"allow":["GET"]}}],"collection":[{"href":"https:\/\/boreait.com\/de\/wp-json\/wp\/v2\/product"}],"about":[{"href":"https:\/\/boreait.com\/de\/wp-json\/wp\/v2\/types\/product"}],"wp:featuredmedia":[{"embeddable":true,"href":"https:\/\/boreait.com\/de\/wp-json\/wp\/v2\/media\/16436"}],"wp:attachment":[{"href":"https:\/\/boreait.com\/de\/wp-json\/wp\/v2\/media?parent=16437"}],"wp:term":[{"taxonomy":"product_brand","embeddable":true,"href":"https:\/\/boreait.com\/de\/wp-json\/wp\/v2\/product_brand?post=16437"},{"taxonomy":"product_cat","embeddable":true,"href":"https:\/\/boreait.com\/de\/wp-json\/wp\/v2\/product_cat?post=16437"},{"taxonomy":"product_tag","embeddable":true,"href":"https:\/\/boreait.com\/de\/wp-json\/wp\/v2\/product_tag?post=16437"}],"curies":[{"name":"wp","href":"https:\/\/api.w.org\/{rel}","templated":true}]}}