{"id":16429,"date":"2025-09-16T13:52:47","date_gmt":"2025-09-16T11:52:47","guid":{"rendered":"https:\/\/boreait.com\/de\/?post_type=product&#038;p=16429"},"modified":"2025-09-16T13:52:58","modified_gmt":"2025-09-16T11:52:58","slug":"lcd-bildschirm-fuer-hp-victus-16-s-serie-161-fhd-144-hz-matt-neu","status":"publish","type":"product","link":"https:\/\/boreait.com\/de\/produkt\/lcd-bildschirm-fuer-hp-victus-16-s-serie-161-fhd-144-hz-matt-neu\/","title":{"rendered":"LCD-Bildschirm f\u00fcr HP Victus 16-S-Serie, 16,1&#8243; FHD, 144 Hz, matt, neu"},"content":{"rendered":"<p><strong>Aktuelles LCD-Bildschirmmodell: N161hma-gak REV. C3 oder n161hca-ga1 REV C.1 \u2013 VOLLST\u00c4NDIG KOMPATIBEL MIT LAPTOP-BILDSCHIRMEN DER HP Victus 16 S0 \/ S00000 \/ S0xxxx-Serie<\/strong><\/p>\n<p>R\u00fcsten Sie Ihren Laptop der HP Victus 16-S-Serie mit diesem hochwertigen Ersatz-LCD-Bildschirm auf. Dieses 16,1-Zoll-Full-HD-Display (1920 x 1080) wurde f\u00fcr optimale Leistung entwickelt und liefert gestochen scharfe Bilder mit einer Bildwiederholfrequenz von 144 Hz f\u00fcr ein \u00fcberragendes Seherlebnis bei Spielen, Multimedia und allt\u00e4glichen Aufgaben. Die matte Oberfl\u00e4che reduziert Blendeffekte und eignet sich daher ideal f\u00fcr den Einsatz bei unterschiedlichen Lichtverh\u00e4ltnissen.<\/p>\n<p>Zu den wichtigsten Merkmalen geh\u00f6ren die Kompatibilit\u00e4t mit einer Vielzahl von HP Victus 16-S-Modellen, eine Helligkeit von 250 Nits f\u00fcr lebendige Farben und ein 40-poliger Anschluss f\u00fcr eine nahtlose Installation. Dieser Bildschirm wird ohne obere und untere Halterungen geliefert, verf\u00fcgt aber \u00fcber doppelseitiges Klebeband f\u00fcr eine problemlose Montage. Dank seiner robusten Bauweise und Energieeffizienz ist dieser brandneue Bildschirm der perfekte Ersatz f\u00fcr Ihren Laptop und stellt dessen urspr\u00fcngliche Funktionalit\u00e4t und Bildqualit\u00e4t wieder her.<\/p>\n<p>\u00a0<\/p>\n<p><strong>Liste einiger kompatibler Laptops:\u00a0\u00a0<\/strong><\/p>\n<p>16-R1000CI, 16-R1000NA, 16-R1000NB, 16-R1000NJ, 16-R1000NL, 16-R1000NS, 16-R1000NT, 16-R1000NX, 16-R1000SF, 16-R1000SL, 16-R1001NB, 16-R1001NC, 16-R1001NI, 16-R1001NS, 16-R1001NT, 16-R1001NX, 16-R1001SF, 16-R1001SL, 16-R1002NB, 16-R1002NC, 16-R1002NF, 16-R1002NI, 16-R1002NJ, 16-R1002NK, 16-R1002NL, 16-R1002NM, 16-R1002NS, 16-R1002NT, 16-R1002NX, 16-R1002SA, 16-R1002SF, 16-R1002SL, 16-R1003CI, 16-R1003NI, 16-R1003NK, 16-R1003NS, 16-R1003NT, 16-R1003NX, 16-R1003SA, 16-R1003SL, 16-R1004LA, 16-R1004NA, 16-R1004NI, 16-R1004NK, 16-R1004NS, 16-R1004NT, \u200b\u200b16-R1004NX, 16-R1005NA, 16-R1005NB, 16-R1005NI, 16-R1005NK, 16-R1005NS, 16-R1005NT, 16-R1005NV, 16-R1005NX, 16-R1005SL, 16-R1006LA, 16-R1006NK, 16-R1006NP, 16-R1006NS, 16-R1006NT, 16-R1006NX, 16-R1006SL, 16-R1007NE, 16-R1007NS, 16-R1007NT, 16-R1007NV, 16-R1007NX, 16-R1007SL, 16-R1008NIA, 16-R1008NS, 16-R1008NT, 16-R1008NX, 16-R1009NE, 16-R1009NIA, 16-R1009NL, 16-R1009NS, 16-R1009NT, 16-R1009NX, 16-R1010CI, 16-R1010NE, 16-R1010NF, 16-R1010NM, 16-R1010NS, 16-R1010NT, 16-R1010NX, 16-R1011CI, 16-R1011NB, 16-R1011NE, 16-R1011NIA, 16-R1011NJ, 16-R1011NS, 16-R1011NT, 16-R1011NX, 16-R1011TX, 16-R1012NE, 16-R1012NIA, 16-R1012NL, 16-R1012NS, 16-R1001NT, 16-R1013NE, 16-R1013NX, 16-R1015NT, 16-R1020NT, 16-R1022NT, 16-R1034NT, 16-R1038NT, 16-R1041NT, 16-1042NT, 16-R1044NT, 16-R1046NT, 16-R1052NT, 16-R1058NT, 16-R1064NT, 16-R1067NT, 16-R1076NT, 16-R1775NG, 16-R1776NG, 16-R1077NG, 16-R1174NG, 16 R1006NS, 16 R1020NT, 16 R1049NT, 16 R1076NT, 16 R1042NT<\/p>\n","protected":false},"excerpt":{"rendered":"<p>Ersatz-LCD-Bildschirm f\u00fcr Laptops der HP Victus 16-S-Serie. Mit 16,1 Zoll Full HD (144 Hz), mattem Display, 40-Pin-Anschluss, 250 Nits Helligkeit und doppelseitigem Klebeband f\u00fcr eine einfache Installation. Neuwertig, perfekt zur Wiederherstellung der Leistung Ihres Laptops.<\/p>\n","protected":false},"featured_media":15670,"template":"","meta":[],"product_brand":[],"product_cat":[107,95],"product_tag":[61],"class_list":{"0":"post-16429","1":"product","2":"type-product","3":"status-publish","4":"has-post-thumbnail","6":"product_cat-16-1","7":"product_cat-new-laptop-screens-lcd-panels","8":"product_tag-hp","10":"first","11":"instock","12":"taxable","13":"shipping-taxable","14":"purchasable","15":"product-type-simple"},"_links":{"self":[{"href":"https:\/\/boreait.com\/de\/wp-json\/wp\/v2\/product\/16429","targetHints":{"allow":["GET"]}}],"collection":[{"href":"https:\/\/boreait.com\/de\/wp-json\/wp\/v2\/product"}],"about":[{"href":"https:\/\/boreait.com\/de\/wp-json\/wp\/v2\/types\/product"}],"wp:featuredmedia":[{"embeddable":true,"href":"https:\/\/boreait.com\/de\/wp-json\/wp\/v2\/media\/15670"}],"wp:attachment":[{"href":"https:\/\/boreait.com\/de\/wp-json\/wp\/v2\/media?parent=16429"}],"wp:term":[{"taxonomy":"product_brand","embeddable":true,"href":"https:\/\/boreait.com\/de\/wp-json\/wp\/v2\/product_brand?post=16429"},{"taxonomy":"product_cat","embeddable":true,"href":"https:\/\/boreait.com\/de\/wp-json\/wp\/v2\/product_cat?post=16429"},{"taxonomy":"product_tag","embeddable":true,"href":"https:\/\/boreait.com\/de\/wp-json\/wp\/v2\/product_tag?post=16429"}],"curies":[{"name":"wp","href":"https:\/\/api.w.org\/{rel}","templated":true}]}}