{"id":16428,"date":"2025-09-16T13:52:47","date_gmt":"2025-09-16T11:52:47","guid":{"rendered":"https:\/\/boreait.com\/de\/?post_type=product&#038;p=16428"},"modified":"2025-09-16T13:52:58","modified_gmt":"2025-09-16T11:52:58","slug":"lcd-bildschirm-fuer-hp-victus-16-r1-serie-161-zoll-fhd-matt-144-hz-neu","status":"publish","type":"product","link":"https:\/\/boreait.com\/de\/produkt\/lcd-bildschirm-fuer-hp-victus-16-r1-serie-161-zoll-fhd-matt-144-hz-neu\/","title":{"rendered":"LCD-Bildschirm f\u00fcr HP Victus 16 R1 Serie \u2013 16,1 Zoll, FHD, matt, 144 Hz, neu"},"content":{"rendered":"<p><strong>Aktuelles LCD-Bildschirmmodell: N161hma-gak REV. C3 oder n161hca-ga1 REV C.1 \u2013 VOLLST\u00c4NDIG KOMPATIBEL MIT LAPTOP-BILDSCHIRMEN DER HP Victus 16 R1 \/ R10000 \/ R1xxxx-Serie<\/strong><\/p>\n<p>Optimieren Sie Ihr Laptop der HP Victus 16 R1-Serie mit diesem hochwertigen Ersatz-LCD-Bildschirm, der speziell f\u00fcr Modelle ohne Touchscreen entwickelt wurde. Egal, ob Ihr aktueller Bildschirm besch\u00e4digt oder defekt ist \u2013 dieses matte 16,1-Zoll-Full-HD-Display (1920 x 1080) ist die ideale L\u00f6sung.<\/p>\n<p>Zu den wichtigsten Funktionen geh\u00f6ren:<\/p>\n<ul>\n<li><strong>144 Hz Bildwiederholfrequenz<\/strong>: Genie\u00dfen Sie ultrafl\u00fcssige Bilder, perfekt f\u00fcr Spiele und Medien.<\/li>\n<li><strong>250 Nits Helligkeit<\/strong>: Klare und lebendige Bilder selbst in hellen Umgebungen.<\/li>\n<li><strong>Matte Oberfl\u00e4che<\/strong>: Reduziert Blendeffekte f\u00fcr ein angenehmes Seherlebnis.<\/li>\n<li><strong>40-Pin-Anschluss<\/strong>: Kompatibel mit einer Vielzahl von HP Victus 16 R1-Modellen.<\/li>\n<li><strong>Doppelseitiges Klebeband<\/strong>: Im Lieferumfang enthalten f\u00fcr eine problemlose Installation.<\/li>\n<\/ul>\n<p>Dieser Bildschirm ist mit zahlreichen Modellen der HP Victus-Reihe kompatibel. 16 R1-Serie \u2013 f\u00fcr perfekte Passform. Dieses brandneue Panel wurde nach hohen Standards gefertigt und bietet zuverl\u00e4ssige Leistung und ein langlebiges Upgrade f\u00fcr Ihren Laptop.<\/p>\n<p><strong>Zustand<\/strong>: Neu<\/p>\n<p><strong>Bildschirmgr\u00f6\u00dfe<\/strong>: 16,1 Zoll<\/p>\n<p><strong>Aufl\u00f6sung<\/strong>: Full HD (1920 x 1080)<\/p>\n<p><strong>Bildwiederholfrequenz<\/strong>: 144 Hz<\/p>\n<p><strong>Helligkeit<\/strong>: 250 Nits<\/p>\n<p><strong>Oberfl\u00e4che<\/strong>: Matt<\/p>\n<p><strong>Anschluss<\/strong>: 40-polig<\/p>\n<p>Verleihen Sie Ihrem Laptop mit diesem robusten und leistungsstarken LCD-Bildschirm wieder ein neues Aussehen. Kompatibel mit Modellen wie 16-R1000CI, 16-R1000NA, 16-R1000NB und vielen mehr.<\/p>\n<p><strong>Hinweis<\/strong>: Bitte pr\u00fcfen Sie vor dem Kauf die Kompatibilit\u00e4t mit Ihrem Modell. Bei Fragen kontaktieren Sie uns gerne.<\/p>\n<p><strong>Liste einiger kompatibler Laptops:\u00a0\u00a0<\/strong><\/p>\n<p>16-R1000CI, 16-R1000NA, 16-R1000NB, 16-R1000NJ, 16-R1000NL, 16-R1000NS, 16-R1000NT, 16-R1000NX, 16-R1000SF, 16-R1000SL, 16-R1001NB, 16-R1001NC, 16-R1001NI, 16-R1001NS, 16-R1001NT, 16-R1001NX, 16-R1001SF, 16-R1001SL, 16-R1002NB, 16-R1002NC, 16-R1002NF, 16-R1002NI, 16-R1002NJ, 16-R1002NK, 16-R1002NL, 16-R1002NM, 16-R1002NS, 16-R1002NT, 16-R1002NX, 16-R1002SA, 16-R1002SF, 16-R1002SL, 16-R1003CI, 16-R1003NI, 16-R1003NK, 16-R1003NS, 16-R1003NT, 16-R1003NX, 16-R1003SA, 16-R1003SL, 16-R1004LA, 16-R1004NA, 16-R1004NI, 16-R1004NK, 16-R1004NS, 16-R1004NT, \u200b\u200b16-R1004NX, 16-R1005NA, 16-R1005NB, 16-R1005NI, 16-R1005NK, 16-R1005NS, 16-R1005NT, 16-R1005NV, 16-R1005NX, 16-R1005SL, 16-R1006LA, 16-R1006NK, 16-R1006NP, 16-R1006NS, 16-R1006NT, 16-R1006NX, 16-R1006SL, 16-R1007NE, 16-R1007NS, 16-R1007NT, 16-R1007NV, 16-R1007NX, 16-R1007SL, 16-R1008NIA, 16-R1008NS, 16-R1008NT, 16-R1008NX, 16-R1009NE, 16-R1009NIA, 16-R1009NL, 16-R1009NS, 16-R1009NT, 16-R1009NX, 16-R1010CI, 16-R1010NE, 16-R1010NF, 16-R1010NM, 16-R1010NS, 16-R1010NT, 16-R1010NX, 16-R1011CI, 16-R1011NB, 16-R1011NE, 16-R1011NIA, 16-R1011NJ, 16-R1011NS, 16-R1011NT, 16-R1011NX, 16-R1011TX, 16-R1012NE, 16-R1012NIA, 16-R1012NL, 16-R1012NS, 16-R1001NT, 16-R1013NE, 16-R1013NX, 16-R1015NT, 16-R1020NT, 16-R1022NT, 16-R1034NT, 16-R1038NT, 16-R1041NT, 16-1042NT, 16-R1044NT, 16-R1046NT, 16-R1052NT, 16-R1058NT, 16-R1064NT, 16-R1067NT, 16-R1076NT, 16-R1775NG, 16-R1776NG, 16-R1077NG, 16-R1174NG, 16 R1006NS, 16 R1020NT, 16 R1049NT, 16 R1076NT, 16 R1042NT<\/p>\n","protected":false},"excerpt":{"rendered":"<p>R\u00fcsten Sie Ihren Laptop der HP Victus 16 R1-Serie mit einem hochwertigen 16,1-Zoll-Full-HD-LCD-Bildschirm auf. Dieses matte Display bietet eine Bildwiederholfrequenz von 144 Hz, eine Helligkeit von 250 Nits und ist 40-Pin-kompatibel. Dieses neue Panel eignet sich perfekt f\u00fcr den Austausch Ihres besch\u00e4digten oder defekten Bildschirms und sorgt f\u00fcr scharfe Bilder und eine reibungslose Leistung. Doppelseitiges Klebeband f\u00fcr eine einfache Installation ist im Lieferumfang enthalten.<\/p>\n","protected":false},"featured_media":15670,"template":"","meta":[],"product_brand":[],"product_cat":[107,95],"product_tag":[61],"class_list":{"0":"post-16428","1":"product","2":"type-product","3":"status-publish","4":"has-post-thumbnail","6":"product_cat-16-1","7":"product_cat-new-laptop-screens-lcd-panels","8":"product_tag-hp","10":"first","11":"instock","12":"taxable","13":"shipping-taxable","14":"purchasable","15":"product-type-simple"},"_links":{"self":[{"href":"https:\/\/boreait.com\/de\/wp-json\/wp\/v2\/product\/16428","targetHints":{"allow":["GET"]}}],"collection":[{"href":"https:\/\/boreait.com\/de\/wp-json\/wp\/v2\/product"}],"about":[{"href":"https:\/\/boreait.com\/de\/wp-json\/wp\/v2\/types\/product"}],"wp:featuredmedia":[{"embeddable":true,"href":"https:\/\/boreait.com\/de\/wp-json\/wp\/v2\/media\/15670"}],"wp:attachment":[{"href":"https:\/\/boreait.com\/de\/wp-json\/wp\/v2\/media?parent=16428"}],"wp:term":[{"taxonomy":"product_brand","embeddable":true,"href":"https:\/\/boreait.com\/de\/wp-json\/wp\/v2\/product_brand?post=16428"},{"taxonomy":"product_cat","embeddable":true,"href":"https:\/\/boreait.com\/de\/wp-json\/wp\/v2\/product_cat?post=16428"},{"taxonomy":"product_tag","embeddable":true,"href":"https:\/\/boreait.com\/de\/wp-json\/wp\/v2\/product_tag?post=16428"}],"curies":[{"name":"wp","href":"https:\/\/api.w.org\/{rel}","templated":true}]}}