{"id":16426,"date":"2025-09-16T13:52:46","date_gmt":"2025-09-16T11:52:46","guid":{"rendered":"https:\/\/boreait.com\/de\/?post_type=product&#038;p=16426"},"modified":"2025-09-16T13:52:57","modified_gmt":"2025-09-16T11:52:57","slug":"hp-victus-16-d1-series-lcd-bildschirm-161-fhd-144hz-matt-non-touch-neu","status":"publish","type":"product","link":"https:\/\/boreait.com\/de\/produkt\/hp-victus-16-d1-series-lcd-bildschirm-161-fhd-144hz-matt-non-touch-neu\/","title":{"rendered":"HP Victus 16 D1 Series LCD-Bildschirm 16,1&#8243; FHD 144Hz Matt Non-Touch Neu"},"content":{"rendered":"<p><strong>Aktuelles LCD-Bildschirmmodell: N161hma-gak REV. C3 oder n161hca-ga1 REV. C.1 \u2013 VOLLST\u00c4NDIG KOMPATIBEL MIT LAPTOP-BILDSCHIRMEN DER HP Victus 16 D1 \/ D10000 \/ D1xxxx-Serie<\/strong><\/p>\n<p>Erwecken Sie Ihr HP Victus 16 D1-Laptop mit diesem hochwertigen Ersatz-LCD-Bildschirm wieder zum Leben. Er wurde f\u00fcr 16,1-Zoll-Modelle ohne Touch-Funktion entwickelt und bietet eine Full-HD-Aufl\u00f6sung (1920 x 1080) mit einer Bildwiederholfrequenz von 144 Hz. Das sorgt f\u00fcr au\u00dfergew\u00f6hnliche Klarheit und Reaktionsschnelligkeit bei Spielen, Arbeiten oder Unterhaltung. Die matte Oberfl\u00e4che reduziert Blendeffekte, w\u00e4hrend die Helligkeit von 250 Nits selbst in hellen Umgebungen f\u00fcr lebendige Bilder sorgt.<\/p>\n<p>Dieser LCD-Bildschirm ist mit einer Vielzahl von Modellen der HP Victus 16 D1-Serie kompatibel, darunter:<\/p>\n<p>16-D1000CA, 16-D1000NM, 16-D1001SL, 16-D1002NS, 16-D1004TX, 16-D1011UA und viele mehr.<\/p>\n<p><strong>Funktionen:<\/strong><\/p>\n<ul>\n<li><strong>Gr\u00f6\u00dfe:<\/strong> 16,1 Zoll<\/li>\n<li><strong>Aufl\u00f6sung:<\/strong> Full HD (1920 x 1080)<\/li>\n<li><strong>Bildwiederholfrequenz:<\/strong> 144 Hz<\/li>\n<li><strong>Helligkeit:<\/strong> 250 cd\/m\u00b2<\/li>\n<li><strong>Oberfl\u00e4che:<\/strong> Matt (entspiegelt)<\/li>\n<li><strong>Anschluss:<\/strong> 40-polig<\/li>\n<\/ul>\n<p>Im Lieferumfang ist doppelseitiges Klebeband f\u00fcr eine einfache Installation enthalten. Damit ist das Ger\u00e4t sowohl f\u00fcr Profis als auch f\u00fcr Heimwerker eine ausgezeichnete Wahl.<\/p>\n<p><strong>Zustand:<\/strong> Brandneu \u2013 garantiert h\u00f6chste Leistung und Langlebigkeit.<\/p>\n<p><strong>Kompatibilit\u00e4t:<\/strong> Geeignet f\u00fcr Laptops der HP Victus 16 D1-Serie.<\/p>\n<p>Restaurieren Sie das Display Ihres Laptops ganz einfach und genie\u00dfen Sie wieder scharfe, lebendige Bilder.<\/p>\n<p><strong>Liste einiger kompatibler Laptops:\u00a0\u00a0<\/strong><\/p>\n<p>16-D1000CA, 16-D1000CI, 16-D1000LA, 16-D1000NM, 16-D1000NP, 16-D1000NS, 16-D1000SL, 16-D1000TX, 16-D1000UA, 16-D1000UR, 16-D1001CI, 16-D1001NM, 16-D1001NP, 16-D1001NS, 16-D1001SL, 16-D1001TX, 16-D1001UA, 16-D1001UR, 16-D1002CI, 16-D1002NM, 6-D1002NS, 16-D1002SL, 16-D1002TX, 16-D1002UA, 16-D1002UR, 16-D1003CI, 16-D1003LA, 16-D1003NB, 16-D1003NM, 16-D1003NS, 6-D1003SL, 16-D1003TX, 16-D1003UA, 16-D1003UR, 16-D1004CI, 16-D1004NB, 16-D1004NP, 16-D1004NS, 16-D1004SL, 16-D1004TX, 6-D1004UA, 16-D1004UR, 16-D1005CI, 16-D1005LA, 16-D1005NB, 16-D1005NP, 16-D1005NS, 16-D1005TX, 16-D1005UA, 16-D1005UR, 6-D1006CI, 16-D1006LA, 16-D1006NB, 16-D1006NL, 16-D1006NP, 16-D1006NS, 16-D1006TX, 16-D1006UA, 16-D1006UR, 16-D1007CI, 6-D1007LA, 16-D1007NB, 16-D1007NL, 16-D1007NS, 16-D1007TX, 16-D1007UA, 16-D1007UR, 16-D1008CA, 16-D1008CI, 16-D1008NL, 6-D1008NP, 16-D1008NS, 16-D1008TX, 16-D1008UA, 16-D1008UR, 16-D1009CI, 16-D1009LA, 16-D1009NB, 16-D1009NL, 16-D1009NS, 6-D1009TX, 16-D1009UA, 16-D1009UR, 16-D1010CA, 16-D1010CI, 16-D1010NL, 16-D1010NP, 16-D1010NS, 16-D1010TX, 16-D1010UA, 6-D1010UR, 16-D1011CI, 16-D1011NL, 16-D1011NS, 16-D1011TX, 16-D1011UA, 16-D1011UR, 16-D1012CI, 16-D1012NL, 16-d1035nt, 16-d1176tx, 16-d1213tx, 16-d1002ne, 16-d1095tx, 16-d1042nt<\/p>\n","protected":false},"excerpt":{"rendered":"<p>R\u00fcsten Sie Ihren Laptop der HP Victus 16 D1-Serie mit einem neuen 16,1-Zoll-LCD-Bildschirm auf. Mit FHD-Aufl\u00f6sung, 144 Hz Bildwiederholfrequenz, matter Oberfl\u00e4che und 250 Nits Helligkeit bietet dieser Bildschirm ein atemberaubendes visuelles Erlebnis. Er ist mit verschiedenen Modellen kompatibel und wird mit selbstklebendem Klebeband f\u00fcr eine einfache Installation geliefert. Perfekt, um die Anzeigequalit\u00e4t Ihres Laptops wiederherzustellen.<\/p>\n","protected":false},"featured_media":15670,"template":"","meta":[],"product_brand":[],"product_cat":[107,95],"product_tag":[61],"class_list":{"0":"post-16426","1":"product","2":"type-product","3":"status-publish","4":"has-post-thumbnail","6":"product_cat-16-1","7":"product_cat-new-laptop-screens-lcd-panels","8":"product_tag-hp","10":"first","11":"instock","12":"taxable","13":"shipping-taxable","14":"purchasable","15":"product-type-simple"},"_links":{"self":[{"href":"https:\/\/boreait.com\/de\/wp-json\/wp\/v2\/product\/16426","targetHints":{"allow":["GET"]}}],"collection":[{"href":"https:\/\/boreait.com\/de\/wp-json\/wp\/v2\/product"}],"about":[{"href":"https:\/\/boreait.com\/de\/wp-json\/wp\/v2\/types\/product"}],"wp:featuredmedia":[{"embeddable":true,"href":"https:\/\/boreait.com\/de\/wp-json\/wp\/v2\/media\/15670"}],"wp:attachment":[{"href":"https:\/\/boreait.com\/de\/wp-json\/wp\/v2\/media?parent=16426"}],"wp:term":[{"taxonomy":"product_brand","embeddable":true,"href":"https:\/\/boreait.com\/de\/wp-json\/wp\/v2\/product_brand?post=16426"},{"taxonomy":"product_cat","embeddable":true,"href":"https:\/\/boreait.com\/de\/wp-json\/wp\/v2\/product_cat?post=16426"},{"taxonomy":"product_tag","embeddable":true,"href":"https:\/\/boreait.com\/de\/wp-json\/wp\/v2\/product_tag?post=16426"}],"curies":[{"name":"wp","href":"https:\/\/api.w.org\/{rel}","templated":true}]}}