{"id":16423,"date":"2025-09-16T13:52:46","date_gmt":"2025-09-16T11:52:46","guid":{"rendered":"https:\/\/boreait.com\/de\/?post_type=product&#038;p=16423"},"modified":"2025-10-15T14:13:24","modified_gmt":"2025-10-15T12:13:24","slug":"156-zoll-lcd-bildschirm-fuer-hp-probook-450-g6-g7-matt-ips-fhd-30-pin-neu","status":"publish","type":"product","link":"https:\/\/boreait.com\/de\/produkt\/156-zoll-lcd-bildschirm-fuer-hp-probook-450-g6-g7-matt-ips-fhd-30-pin-neu\/","title":{"rendered":"15,6-Zoll-LCD-Bildschirm f\u00fcr HP ProBook 450 G6\/G7, matt, IPS, FHD, 30-Pin (neu)"},"content":{"rendered":"<p><strong>Aktuelles LCD-Bildschirmmodell: B156ZAN03.6 oder N156HCA-EAB Rev C.4 \u2013 voll kompatibel mit den Laptops HP ProBook 450 G6 und 450 G7<\/strong><\/p>\n<p>Dieser brandneue LCD-Bildschirm ist der perfekte Ersatz f\u00fcr Ihr HP ProBook 450 G6 oder 450 G7. Dank der eleganten, matten Oberfl\u00e4che minimiert dieses 15,6-Zoll-Display Blendeffekte und bietet klare und komfortable Anzeige bei allen Lichtverh\u00e4ltnissen. Die Full-HD-Aufl\u00f6sung (1920 x 1080) in Kombination mit der IPS-Technologie sorgt f\u00fcr lebendige Farben und gro\u00dfe Betrachtungswinkel und eignet sich somit ideal f\u00fcr den professionellen und privaten Einsatz.<\/p>\n<p><strong>Hauptmerkmale:<\/strong><\/p>\n<ul>\n<li><strong>Kompatibilit\u00e4t:<\/strong> Entwickelt f\u00fcr HP ProBook 450 G6 und 450 G7 (Modelle ohne Touch-Funktion).<\/li>\n<li><strong>Displaytyp:<\/strong> Mattes Full-HD-IPS-Panel (1920 x 1080).<\/li>\n<li><strong>Anschluss:<\/strong> eDP 30-Pin f\u00fcr nahtlose Konnektivit\u00e4t.<\/li>\n<li><strong>Klebestreifen im Lieferumfang enthalten:<\/strong> Doppelseitige Klebestreifen sorgen f\u00fcr eine sichere und einfache Installation.<\/li>\n<li><strong>Zustand:<\/strong> 100 % neuwertig, bereit zum Austausch Ihres vorhandenen Bildschirms.<\/li>\n<\/ul>\n<p>Ob Sie einen besch\u00e4digten Bildschirm austauschen oder Ihren Laptop aufr\u00fcsten m\u00f6chten \u2013 dieses Produkt bietet hochwertige Leistung und einfache Installation. Erwecken Sie Ihren Laptop mit dieser zuverl\u00e4ssigen und langlebigen Displayl\u00f6sung zu neuem Leben.<\/p>\n","protected":false},"excerpt":{"rendered":"<div class=\"flex max-w-full flex-col flex-grow\">\n<div class=\"min-h-8 Textnachricht flex w-full flex-col Elemente-Ende L\u00fccke-2 Leerzeichen-normale Wortumbr\u00fcche [.text-message+&#038;]:mt-5\" dir=\"auto\" data-message-author-role=\"assistant\" data-message-id=\"643e7024-2c48-4fd0-8ce1-7db539127bf6\" data-client-thread-id=\"WEB:0938c45f-8fb2-4fcd-987c-cdd10acde468\" data-message-model-slug=\"gpt-4o\">\n<div class=\"flex w-full flex-col L\u00fccke-1 leer:versteckt zuerst:pt-[3px]\">\n<div class=\"markdown prose w-full break-words dark:prose-invert light\">\n<p>R\u00fcsten Sie Ihr HP ProBook 450 G6 oder 450 G7 mit diesem matten 15,6-Zoll-LCD-Bildschirm auf. Dank IPS-Technologie, Full-HD-Aufl\u00f6sung und einem 30-poligen eDP-Anschluss liefert dieses Display ohne Touchscreen brillante Bilder. Doppelseitige Klebestreifen f\u00fcr eine einfache Montage inklusive. Zustand: Neuware.<\/p>\n<\/div>\n<\/div>\n<\/div>\n<\/div>\n","protected":false},"featured_media":15243,"template":"","meta":[],"product_brand":[],"product_cat":[105,95],"product_tag":[61],"class_list":{"0":"post-16423","1":"product","2":"type-product","3":"status-publish","4":"has-post-thumbnail","6":"product_cat-15-6-new-laptop-screens-lcd-panels","7":"product_cat-new-laptop-screens-lcd-panels","8":"product_tag-hp","10":"first","11":"instock","12":"taxable","13":"shipping-taxable","14":"purchasable","15":"product-type-simple"},"_links":{"self":[{"href":"https:\/\/boreait.com\/de\/wp-json\/wp\/v2\/product\/16423","targetHints":{"allow":["GET"]}}],"collection":[{"href":"https:\/\/boreait.com\/de\/wp-json\/wp\/v2\/product"}],"about":[{"href":"https:\/\/boreait.com\/de\/wp-json\/wp\/v2\/types\/product"}],"wp:featuredmedia":[{"embeddable":true,"href":"https:\/\/boreait.com\/de\/wp-json\/wp\/v2\/media\/15243"}],"wp:attachment":[{"href":"https:\/\/boreait.com\/de\/wp-json\/wp\/v2\/media?parent=16423"}],"wp:term":[{"taxonomy":"product_brand","embeddable":true,"href":"https:\/\/boreait.com\/de\/wp-json\/wp\/v2\/product_brand?post=16423"},{"taxonomy":"product_cat","embeddable":true,"href":"https:\/\/boreait.com\/de\/wp-json\/wp\/v2\/product_cat?post=16423"},{"taxonomy":"product_tag","embeddable":true,"href":"https:\/\/boreait.com\/de\/wp-json\/wp\/v2\/product_tag?post=16423"}],"curies":[{"name":"wp","href":"https:\/\/api.w.org\/{rel}","templated":true}]}}