{"id":16420,"date":"2025-09-16T13:52:45","date_gmt":"2025-09-16T11:52:45","guid":{"rendered":"https:\/\/boreait.com\/de\/?post_type=product&#038;p=16420"},"modified":"2025-09-16T13:52:56","modified_gmt":"2025-09-16T11:52:56","slug":"lcd-bildschirm-fuer-hp-omen-16-wd-serie-161-zoll-fhd-144-hz-matt-40-polig-neu","status":"publish","type":"product","link":"https:\/\/boreait.com\/de\/produkt\/lcd-bildschirm-fuer-hp-omen-16-wd-serie-161-zoll-fhd-144-hz-matt-40-polig-neu\/","title":{"rendered":"LCD-Bildschirm f\u00fcr HP OMEN 16-WD-Serie, 16,1 Zoll, FHD 144 Hz, matt, 40-polig, neu"},"content":{"rendered":"<p><strong>Aktuelles LCD-Bildschirmmodell: N161hma-gak REV. C3 oder n161hca-ga1 REV C.1 \u2013 VOLLST\u00c4NDIG KOMPATIBEL MIT LAPTOP-BILDSCHIRMEN DER HP OMEN 16 WD \/ WD00000 \/ WDxxxx-Serie<\/strong><\/p>\n<p>Optimieren Sie Ihren Laptop der HP OMEN 16-WD-Serie mit diesem hochwertigen Ersatz-LCD-Bildschirm. Dieser 16,1-Zoll-Bildschirm wurde f\u00fcr Modelle wie 16-WD0000CA, 16-WD0000NA und andere Modelle der Serie entwickelt und bietet Full-HD-Aufl\u00f6sung, eine Bildwiederholfrequenz von 144 Hz und eine Helligkeit von 250 Nits f\u00fcr scharfe, lebendige Bilder.<\/p>\n<p>Die matte Oberfl\u00e4che minimiert Blendeffekte und sorgt f\u00fcr ein optimales Seherlebnis beim Spielen, Arbeiten oder Streamen. Der Bildschirm verf\u00fcgt \u00fcber einen 40-poligen Anschluss und wird mit doppelseitigem Klebeband f\u00fcr eine schnelle und problemlose Installation geliefert.<\/p>\n<p>Hauptmerkmale:<\/p>\n<ul>\n<li><strong>Kompatibilit\u00e4t:<\/strong> HP OMEN 16-WD-Serie (16-WD0000, 16-WD0001, 16-WD0003 usw.)<\/li>\n<li><strong>Bildschirmgr\u00f6\u00dfe:<\/strong> 16,1 Zoll<\/li>\n<li><strong>Aufl\u00f6sung:<\/strong> Full HD (1920 x 1080)<\/li>\n<li><strong>Bildwiederholfrequenz:<\/strong> 144 Hz<\/li>\n<li><strong>Helligkeit:<\/strong> 250 cd\/m\u00b2<\/li>\n<li><strong>Oberfl\u00e4che:<\/strong> Matt (entspiegelt)<\/li>\n<li><strong>Anschluss:<\/strong> 40-polig<\/li>\n<li><strong>Zustand:<\/strong> Marke neu<\/li>\n<\/ul>\n<p>Bitte beachten: Dies ist ein Ersatzbildschirm ohne Touchscreen. Die oberen und unteren Halterungen sind nicht im Lieferumfang enthalten. Dieser Bildschirm wurde f\u00fcr alle entwickelt, die Wert auf au\u00dfergew\u00f6hnliche Qualit\u00e4t und Leistung legen. Er ist ideal, um Ihren Laptop wieder in Topform zu bringen.<\/p>\n<p>Ob Gamer, Student oder Berufst\u00e4tiger \u2013 dieser Ersatzbildschirm sorgt f\u00fcr reibungslose Leistung und au\u00dfergew\u00f6hnliche Anzeigequalit\u00e4t.<\/p>\n<p><strong>Liste einiger kompatibler Laptops:\u00a0\u00a0<\/strong><\/p>\n<p>16-WD0000CA, 16-WD0000NA, 16-WD0000NE, 16-WD0000NIA, 16-WD0000NJ, 16-WD0000NK, 16-WD0000NM, 16-WD0000NQ, 16-WD0000NS, 16-WD0000NT, 16-WD0000NU, 16-WD0000NV, 16-WD0000NX, 16-WD0000SA, 16-WD0000SL, 16-WD0000TX, 16-WD0000UA, 16-WD0001CI, 16-WD0001NB, 16-WD0001NI, 16-WD0001NK, 16-WD0001NL, 16-WD0001NN, 16-WD0001NS, 16-WD0001NT, 16-WD0001NV, 16-WD0001NX, 16-WD0001SL, 16-WD0001TX, 16-WD0001UA, 16-WD0002CI, 16-WD0002LA, 16-WD0002NIA, 16-WD0002NK, 16-WD0002NN, 16-WD0002NP, 16-WD0002NS, 16-WD0002NT, 16-WD0002SL, 16-WD0002TX, 16-WD0002UA, 16-WD0003CI, 16-WD0003LA, 16-WD0003NIA, 16-WD0003NK, 16-WD0003NS, 16-WD0003NT, 16-WD0003NV, 16-WD0003SL, 16-WD0003TX, 16-WD0004CI, 16-WD0004NB, 16-WD0004NIA, 16-WD0004NJ, 16-WD0004NL, 16-WD0004NS, 16-WD0004NT, \u200b\u200b16-WD0004TX, 16-WD0004UA, 16-WD0005CI, 16-WD0005NE, 16-WD0005NIA, 16-WD0005NJ, 16-WD0005NL, 16-WD0005NN, 16-WD0005NO, 16-WD0005NS, 16-WD0005NT, 16-WD0005NV, 16-WD0005UA, 16-WD0006CI, 16-WD0006NE, 16-WD0006NL, 16-WD0006NS, 16-WD0006NT, 16-WD0007CI, 16-WD0007NE, 16-WD0007NIA, 16-WD0007NL, 16-WD0007NS, 16-WD0007NT, 16-WD0008CA, 16-WD0008CI, 16-WD0008NB, 16-WD0008NP, 16-WD0008NS, 16-WD0008NT, 16-WD0009CI, 16-WD0009NB, 16-WD0009NIA, 16-WD0009NS, 16-WD0009NT, 16-WD0010CA, 16-WD0010CI, 16-WD0010NB, 16-WD0010NIA, 16-WD0010NS, 16-WD0011CI, 16-WD0011NO, 16-wd0063dx, 16-wd0770tx, 16-wd0990tx, 16-wd0012tx, 16-wd0880tx<\/p>\n","protected":false},"excerpt":{"rendered":"<p>R\u00fcsten Sie Ihren Laptop der HP OMEN 16-WD-Serie mit diesem 16,1-Zoll-FHD-LCD-Bildschirm auf. Mit einer Bildwiederholfrequenz von 144 Hz, einer matten Oberfl\u00e4che und einer Helligkeit von 250 Nits liefert er atemberaubende Bilder f\u00fcr Spiele oder den professionellen Einsatz. Doppelseitiges Klebeband f\u00fcr eine einfache Installation ist im Lieferumfang enthalten.<\/p>\n","protected":false},"featured_media":15670,"template":"","meta":[],"product_brand":[],"product_cat":[107,95],"product_tag":[61],"class_list":{"0":"post-16420","1":"product","2":"type-product","3":"status-publish","4":"has-post-thumbnail","6":"product_cat-16-1","7":"product_cat-new-laptop-screens-lcd-panels","8":"product_tag-hp","10":"first","11":"instock","12":"taxable","13":"shipping-taxable","14":"purchasable","15":"product-type-simple"},"_links":{"self":[{"href":"https:\/\/boreait.com\/de\/wp-json\/wp\/v2\/product\/16420","targetHints":{"allow":["GET"]}}],"collection":[{"href":"https:\/\/boreait.com\/de\/wp-json\/wp\/v2\/product"}],"about":[{"href":"https:\/\/boreait.com\/de\/wp-json\/wp\/v2\/types\/product"}],"wp:featuredmedia":[{"embeddable":true,"href":"https:\/\/boreait.com\/de\/wp-json\/wp\/v2\/media\/15670"}],"wp:attachment":[{"href":"https:\/\/boreait.com\/de\/wp-json\/wp\/v2\/media?parent=16420"}],"wp:term":[{"taxonomy":"product_brand","embeddable":true,"href":"https:\/\/boreait.com\/de\/wp-json\/wp\/v2\/product_brand?post=16420"},{"taxonomy":"product_cat","embeddable":true,"href":"https:\/\/boreait.com\/de\/wp-json\/wp\/v2\/product_cat?post=16420"},{"taxonomy":"product_tag","embeddable":true,"href":"https:\/\/boreait.com\/de\/wp-json\/wp\/v2\/product_tag?post=16420"}],"curies":[{"name":"wp","href":"https:\/\/api.w.org\/{rel}","templated":true}]}}