{"id":16419,"date":"2025-09-16T13:52:45","date_gmt":"2025-09-16T11:52:45","guid":{"rendered":"https:\/\/boreait.com\/de\/?post_type=product&#038;p=16419"},"modified":"2025-09-16T13:52:55","modified_gmt":"2025-09-16T11:52:55","slug":"14-lcd-bildschirm-hp-14-ca-serie-fhd-1920x1080-ips-matt-non-touch-30-pin","status":"publish","type":"product","link":"https:\/\/boreait.com\/de\/produkt\/14-lcd-bildschirm-hp-14-ca-serie-fhd-1920x1080-ips-matt-non-touch-30-pin\/","title":{"rendered":"14&#8243; LCD-Bildschirm HP 14-ca Serie FHD 1920&#215;1080 IPS Matt Non-Touch 30 Pin"},"content":{"rendered":"<p><strong>Aktuelles LCD-Bildschirmmodell: N140HCA-ELK REV C.2 \u2013 VOLLST\u00c4NDIG KOMPATIBEL MIT LAPTOP-BILDSCHIRMEN DER HP 14-ca-Serie<\/strong><\/p>\n<p>R\u00fcsten Sie Ihren HP 14-ca-Laptop mit diesem hochwertigen, brandneuen 14-Zoll-LCD-Bildschirm auf. Diese Version ohne Touchscreen bietet eine Full-HD-Aufl\u00f6sung von 1920 x 1080 Pixeln und sorgt mit einem IPS-Panel f\u00fcr \u00fcberragende Farbgenauigkeit und gro\u00dfe Betrachtungswinkel f\u00fcr scharfe, lebendige Bilder. Der Bildschirm wird ohne obere und untere Halterung geliefert und ist somit ideal f\u00fcr alle, die einen direkten Austausch oder eine Reparatur ben\u00f6tigen. Die matte Oberfl\u00e4che reduziert Blendeffekte und sorgt f\u00fcr klare Sicht auch bei hellem Licht. Ein 30-poliger Anschluss gew\u00e4hrleistet die Kompatibilit\u00e4t mit Ihrem Laptop. Doppelseitiges Klebeband ist f\u00fcr eine einfache Installation im Lieferumfang enthalten. Dieser Bildschirm ist ideal, um den Originalzustand Ihres Laptop-Displays wiederherzustellen und sorgt f\u00fcr ein nahtloses, professionelles Erscheinungsbild.<\/p>\n","protected":false},"excerpt":{"rendered":"<p>Brandneuer 14-Zoll-LCD-Bildschirm f\u00fcr die HP 14-ca-Serie. 1920 x 1080, IPS, mattes Finish. Inklusive 30-poligem Stecker und selbstklebendem Band. Version ohne Touchscreen.<\/p>\n","protected":false},"featured_media":15607,"template":"","meta":[],"product_brand":[],"product_cat":[98,95],"product_tag":[],"class_list":{"0":"post-16419","1":"product","2":"type-product","3":"status-publish","4":"has-post-thumbnail","6":"product_cat-14-new-laptop-screens-lcd-panels","7":"product_cat-new-laptop-screens-lcd-panels","9":"first","10":"instock","11":"taxable","12":"shipping-taxable","13":"purchasable","14":"product-type-simple"},"_links":{"self":[{"href":"https:\/\/boreait.com\/de\/wp-json\/wp\/v2\/product\/16419","targetHints":{"allow":["GET"]}}],"collection":[{"href":"https:\/\/boreait.com\/de\/wp-json\/wp\/v2\/product"}],"about":[{"href":"https:\/\/boreait.com\/de\/wp-json\/wp\/v2\/types\/product"}],"wp:featuredmedia":[{"embeddable":true,"href":"https:\/\/boreait.com\/de\/wp-json\/wp\/v2\/media\/15607"}],"wp:attachment":[{"href":"https:\/\/boreait.com\/de\/wp-json\/wp\/v2\/media?parent=16419"}],"wp:term":[{"taxonomy":"product_brand","embeddable":true,"href":"https:\/\/boreait.com\/de\/wp-json\/wp\/v2\/product_brand?post=16419"},{"taxonomy":"product_cat","embeddable":true,"href":"https:\/\/boreait.com\/de\/wp-json\/wp\/v2\/product_cat?post=16419"},{"taxonomy":"product_tag","embeddable":true,"href":"https:\/\/boreait.com\/de\/wp-json\/wp\/v2\/product_tag?post=16419"}],"curies":[{"name":"wp","href":"https:\/\/api.w.org\/{rel}","templated":true}]}}