{"id":16417,"date":"2025-09-16T13:52:45","date_gmt":"2025-09-16T11:52:45","guid":{"rendered":"https:\/\/boreait.com\/de\/?post_type=product&#038;p=16417"},"modified":"2025-09-16T13:52:55","modified_gmt":"2025-09-16T11:52:55","slug":"14-lcd-bildschirm-fuer-hp-14-fc-serie-fhd-ips-non-touch-30-polig-matt-neu","status":"publish","type":"product","link":"https:\/\/boreait.com\/de\/produkt\/14-lcd-bildschirm-fuer-hp-14-fc-serie-fhd-ips-non-touch-30-polig-matt-neu\/","title":{"rendered":"14&#8243; LCD-Bildschirm f\u00fcr HP 14-fc-Serie FHD IPS Non-Touch, 30-polig, matt, neu"},"content":{"rendered":"<p><strong>Aktuelles LCD-Bildschirmmodell: N140HCA-ELK REV C.2 \u2013 VOLLST\u00c4NDIG KOMPATIBEL MIT LAPTOP-BILDSCHIRMEN DER HP 14-fc-Serie<\/strong><\/p>\n<p>R\u00fcsten Sie Ihren Laptop der HP 14-fc-Serie mit diesem hochwertigen 14-Zoll-LCD-Bildschirm auf. Dieser Bildschirm ohne Touchscreen bietet eine Full-HD-Aufl\u00f6sung (1920 x 1080) und sorgt f\u00fcr scharfe und klare Bilder bei Ihren t\u00e4glichen Aufgaben. Das IPS-Panel sorgt f\u00fcr lebendige Farben und weite Betrachtungswinkel. Die matte Oberfl\u00e4che reduziert Blendeffekte und eignet sich daher perfekt f\u00fcr die Arbeit bei unterschiedlichen Lichtverh\u00e4ltnissen. Der Bildschirm wird ohne obere und untere Halterungen geliefert, verf\u00fcgt aber \u00fcber doppelseitiges Klebeband f\u00fcr eine einfache Montage. Dieses brandneue LCD-Display ist ideal, um Ihren besch\u00e4digten Bildschirm zu ersetzen und die Leistung Ihres Ger\u00e4ts wiederherzustellen.<\/p>\n","protected":false},"excerpt":{"rendered":"<p>14&#8243; LCD-Bildschirmersatz f\u00fcr HP 14-fc-Serie, Full HD, IPS, matt, 30-polig, ohne Touch, neu mit doppelseitigem Klebeband.<\/p>\n","protected":false},"featured_media":15607,"template":"","meta":[],"product_brand":[],"product_cat":[98,95],"product_tag":[],"class_list":{"0":"post-16417","1":"product","2":"type-product","3":"status-publish","4":"has-post-thumbnail","6":"product_cat-14-new-laptop-screens-lcd-panels","7":"product_cat-new-laptop-screens-lcd-panels","9":"first","10":"instock","11":"taxable","12":"shipping-taxable","13":"purchasable","14":"product-type-simple"},"_links":{"self":[{"href":"https:\/\/boreait.com\/de\/wp-json\/wp\/v2\/product\/16417","targetHints":{"allow":["GET"]}}],"collection":[{"href":"https:\/\/boreait.com\/de\/wp-json\/wp\/v2\/product"}],"about":[{"href":"https:\/\/boreait.com\/de\/wp-json\/wp\/v2\/types\/product"}],"wp:featuredmedia":[{"embeddable":true,"href":"https:\/\/boreait.com\/de\/wp-json\/wp\/v2\/media\/15607"}],"wp:attachment":[{"href":"https:\/\/boreait.com\/de\/wp-json\/wp\/v2\/media?parent=16417"}],"wp:term":[{"taxonomy":"product_brand","embeddable":true,"href":"https:\/\/boreait.com\/de\/wp-json\/wp\/v2\/product_brand?post=16417"},{"taxonomy":"product_cat","embeddable":true,"href":"https:\/\/boreait.com\/de\/wp-json\/wp\/v2\/product_cat?post=16417"},{"taxonomy":"product_tag","embeddable":true,"href":"https:\/\/boreait.com\/de\/wp-json\/wp\/v2\/product_tag?post=16417"}],"curies":[{"name":"wp","href":"https:\/\/api.w.org\/{rel}","templated":true}]}}