{"id":16415,"date":"2025-09-16T13:52:44","date_gmt":"2025-09-16T11:52:44","guid":{"rendered":"https:\/\/boreait.com\/de\/?post_type=product&#038;p=16415"},"modified":"2025-09-16T13:52:54","modified_gmt":"2025-09-16T11:52:54","slug":"14-fhd-lcd-bildschirm-fuer-hp-14-em-serie-30-pin-ips-matt-ohne-halterungen-neu","status":"publish","type":"product","link":"https:\/\/boreait.com\/de\/produkt\/14-fhd-lcd-bildschirm-fuer-hp-14-em-serie-30-pin-ips-matt-ohne-halterungen-neu\/","title":{"rendered":"14&#8243; FHD LCD-Bildschirm f\u00fcr HP 14-em-Serie, 30 Pin, IPS, matt, ohne Halterungen, neu"},"content":{"rendered":"<p><strong>Aktuelles LCD-Bildschirmmodell: N140HCA-ELK REV C.2 \u2013 VOLLST\u00c4NDIG KOMPATIBEL MIT LAPTOP-BILDSCHIRMEN DER HP 14-em-Serie<\/strong><\/p>\n<p>R\u00fcsten Sie Ihr Laptop-Display mit diesem hochwertigen, brandneuen 14-Zoll-LCD-Bildschirm f\u00fcr die HP 14-em-Serie (ohne Touch-Funktion). Mit einer Aufl\u00f6sung von 1920 x 1080 (FHD) und brillanter IPS-Technologie sorgt dieser matte Bildschirm f\u00fcr kristallklare Bilder und weite Betrachtungswinkel \u2013 perfekt f\u00fcr Arbeit und Unterhaltung. Der 30-Pin-Anschluss garantiert Kompatibilit\u00e4t, und das mitgelieferte doppelseitige Klebeband erm\u00f6glicht eine einfache und sichere Montage. Der Bildschirm wird ohne obere und untere Halterungen geliefert und bietet Ihnen so Flexibilit\u00e4t bei Reparatur oder Austausch. Dieses neue LCD-Panel ist ideal f\u00fcr alle, die die urspr\u00fcngliche Funktionalit\u00e4t ihres HP Laptops wiederherstellen m\u00f6chten. Es bietet hervorragende Leistung zu einem erschwinglichen Preis.<\/p>\n","protected":false},"excerpt":{"rendered":"<p>Brandneuer 14&#8243; LCD-Bildschirm f\u00fcr HP 14-em-Serie (Non-Touch), FHD 1920&#215;1080, IPS, matt, mit 30-Pin-Anschluss und doppelseitigem Klebeband im Lieferumfang enthalten. Keine oberen\/unteren Halterungen.<\/p>\n","protected":false},"featured_media":15607,"template":"","meta":[],"product_brand":[],"product_cat":[98,95],"product_tag":[],"class_list":{"0":"post-16415","1":"product","2":"type-product","3":"status-publish","4":"has-post-thumbnail","6":"product_cat-14-new-laptop-screens-lcd-panels","7":"product_cat-new-laptop-screens-lcd-panels","9":"first","10":"instock","11":"taxable","12":"shipping-taxable","13":"purchasable","14":"product-type-simple"},"_links":{"self":[{"href":"https:\/\/boreait.com\/de\/wp-json\/wp\/v2\/product\/16415","targetHints":{"allow":["GET"]}}],"collection":[{"href":"https:\/\/boreait.com\/de\/wp-json\/wp\/v2\/product"}],"about":[{"href":"https:\/\/boreait.com\/de\/wp-json\/wp\/v2\/types\/product"}],"wp:featuredmedia":[{"embeddable":true,"href":"https:\/\/boreait.com\/de\/wp-json\/wp\/v2\/media\/15607"}],"wp:attachment":[{"href":"https:\/\/boreait.com\/de\/wp-json\/wp\/v2\/media?parent=16415"}],"wp:term":[{"taxonomy":"product_brand","embeddable":true,"href":"https:\/\/boreait.com\/de\/wp-json\/wp\/v2\/product_brand?post=16415"},{"taxonomy":"product_cat","embeddable":true,"href":"https:\/\/boreait.com\/de\/wp-json\/wp\/v2\/product_cat?post=16415"},{"taxonomy":"product_tag","embeddable":true,"href":"https:\/\/boreait.com\/de\/wp-json\/wp\/v2\/product_tag?post=16415"}],"curies":[{"name":"wp","href":"https:\/\/api.w.org\/{rel}","templated":true}]}}