{"id":16409,"date":"2025-09-16T13:52:44","date_gmt":"2025-09-16T11:52:44","guid":{"rendered":"https:\/\/boreait.com\/de\/?post_type=product&#038;p=16409"},"modified":"2025-09-16T13:52:52","modified_gmt":"2025-09-16T11:52:52","slug":"14-nv140fhm-n4k-lcd-bildschirm-fhd-1920x1080-ips-matt-ohne-touch-30-pin-neu","status":"publish","type":"product","link":"https:\/\/boreait.com\/de\/produkt\/14-nv140fhm-n4k-lcd-bildschirm-fhd-1920x1080-ips-matt-ohne-touch-30-pin-neu\/","title":{"rendered":"14&#8243; NV140FHM-N4K LCD-Bildschirm FHD 1920&#215;1080 IPS matt ohne Touch 30 Pin Neu"},"content":{"rendered":"<p><strong>Aktuelles LCD-Bildschirmmodell: N140HCA-ELK REV C.2 \u2013 VOLLST\u00c4NDIG KOMPATIBEL MIT LAPTOP-BILDSCHIRM NV140FHM-N4K<\/strong><\/p>\n<p>Upgraden Sie Ihr Display mit dem NV140FHM-N4K LCD-Bildschirm. Dieser 14 Zoll gro\u00dfe Full-HD-Bildschirm (1920 x 1080) ohne Touch-Funktion ist ideal f\u00fcr alle, die Wert auf hochwertige Bildqualit\u00e4t legen. Dank IPS-Technologie erwarten Sie lebendige Farben und gro\u00dfe Betrachtungswinkel f\u00fcr ein herausragendes Seherlebnis. Die matte Oberfl\u00e4che reduziert Blendeffekte und Reflexionen und eignet sich daher ideal f\u00fcr den Einsatz in gut beleuchteten Umgebungen. Er verf\u00fcgt \u00fcber einen 30-poligen Anschluss und doppelseitiges Klebeband f\u00fcr eine einfache Montage. Bitte beachten Sie, dass dieser Bildschirm ohne obere und untere Halterungen geliefert wird, sodass Sie ihn flexibel in Ihr Ger\u00e4t integrieren k\u00f6nnen. Zustand: Neuware.<\/p>\n","protected":false},"excerpt":{"rendered":"<p>14&#8243; NV140FHM-N4K LCD-Bildschirm, 1920 x 1080, IPS, matt, ohne Touchscreen, 30-polig, neuwertig. Doppelseitiges Klebeband im Lieferumfang enthalten.<\/p>\n","protected":false},"featured_media":15607,"template":"","meta":[],"product_brand":[],"product_cat":[98,95],"product_tag":[],"class_list":{"0":"post-16409","1":"product","2":"type-product","3":"status-publish","4":"has-post-thumbnail","6":"product_cat-14-new-laptop-screens-lcd-panels","7":"product_cat-new-laptop-screens-lcd-panels","9":"first","10":"instock","11":"taxable","12":"shipping-taxable","13":"purchasable","14":"product-type-simple"},"_links":{"self":[{"href":"https:\/\/boreait.com\/de\/wp-json\/wp\/v2\/product\/16409","targetHints":{"allow":["GET"]}}],"collection":[{"href":"https:\/\/boreait.com\/de\/wp-json\/wp\/v2\/product"}],"about":[{"href":"https:\/\/boreait.com\/de\/wp-json\/wp\/v2\/types\/product"}],"wp:featuredmedia":[{"embeddable":true,"href":"https:\/\/boreait.com\/de\/wp-json\/wp\/v2\/media\/15607"}],"wp:attachment":[{"href":"https:\/\/boreait.com\/de\/wp-json\/wp\/v2\/media?parent=16409"}],"wp:term":[{"taxonomy":"product_brand","embeddable":true,"href":"https:\/\/boreait.com\/de\/wp-json\/wp\/v2\/product_brand?post=16409"},{"taxonomy":"product_cat","embeddable":true,"href":"https:\/\/boreait.com\/de\/wp-json\/wp\/v2\/product_cat?post=16409"},{"taxonomy":"product_tag","embeddable":true,"href":"https:\/\/boreait.com\/de\/wp-json\/wp\/v2\/product_tag?post=16409"}],"curies":[{"name":"wp","href":"https:\/\/api.w.org\/{rel}","templated":true}]}}