{"id":16407,"date":"2025-09-16T13:52:43","date_gmt":"2025-09-16T11:52:43","guid":{"rendered":"https:\/\/boreait.com\/de\/?post_type=product&#038;p=16407"},"modified":"2025-09-16T13:52:50","modified_gmt":"2025-09-16T11:52:50","slug":"14-fhd-lcd-bildschirm-02dc315-02dc314-ips-matt-nicht-touch-30-pin-neu","status":"publish","type":"product","link":"https:\/\/boreait.com\/de\/produkt\/14-fhd-lcd-bildschirm-02dc315-02dc314-ips-matt-nicht-touch-30-pin-neu\/","title":{"rendered":"14&#8243; FHD LCD-Bildschirm 02DC315 02DC314 IPS Matt Nicht-Touch 30-Pin Neu"},"content":{"rendered":"<p><strong>Aktuelles LCD-Bildschirmmodell: N140HCA-ELK REV C.2 \u2013 VOLLST\u00c4NDIG KOMPATIBEL MIT LAPTOP-BILDSCHIRM 02DC315 02DC314<\/strong><\/p>\n<p>R\u00fcsten Sie Ihr Ger\u00e4t mit diesem hochwertigen <strong>14\u2033-LCD-Bildschirm<\/strong> (Modell <strong>02DC315 \/ 02DC314<\/strong>) auf, der f\u00fcr \u00fcberragende Leistung und Klarheit entwickelt wurde. Mit einer <strong>Full-HD-Aufl\u00f6sung (1920 x 1080)<\/strong> bietet dieser ber\u00fchrungslose Bildschirm dank seines <strong>IPS-Panels<\/strong> und der <strong>matten Oberfl\u00e4che<\/strong> zur Reduzierung von Blendungen und Reflexionen lebendige, scharfe Bilder. Dieser Bildschirm eignet sich perfekt f\u00fcr Laptop-Reparaturen oder -Austausch. Er verf\u00fcgt \u00fcber einen <strong>30-Pin-Anschluss<\/strong> f\u00fcr eine einfache Installation und <strong>doppelseitiges Klebeband<\/strong> f\u00fcr einen sicheren Sitz ohne zus\u00e4tzliche Halterungen. Er ist die ideale Wahl f\u00fcr alle, die einen neuen Bildschirm f\u00fcr ihr Laptop, der sich in einem brandneuen Zustand ohne M\u00e4ngel befindet.<\/p>\n","protected":false},"excerpt":{"rendered":"<p>Ein <strong>14&#8243; FHD LCD-Bildschirm<\/strong> (02DC315 \/ 02DC314) mit <strong>IPS<\/strong>, matter Oberfl\u00e4che und <strong>30-Pin<\/strong> f\u00fcr eine klare, blendfreie Anzeige. Inklusive selbstklebendem Klebeband. Neuzustand.<\/p>\n","protected":false},"featured_media":15607,"template":"","meta":[],"product_brand":[],"product_cat":[98,95],"product_tag":[],"class_list":{"0":"post-16407","1":"product","2":"type-product","3":"status-publish","4":"has-post-thumbnail","6":"product_cat-14-new-laptop-screens-lcd-panels","7":"product_cat-new-laptop-screens-lcd-panels","9":"first","10":"instock","11":"taxable","12":"shipping-taxable","13":"purchasable","14":"product-type-simple"},"_links":{"self":[{"href":"https:\/\/boreait.com\/de\/wp-json\/wp\/v2\/product\/16407","targetHints":{"allow":["GET"]}}],"collection":[{"href":"https:\/\/boreait.com\/de\/wp-json\/wp\/v2\/product"}],"about":[{"href":"https:\/\/boreait.com\/de\/wp-json\/wp\/v2\/types\/product"}],"wp:featuredmedia":[{"embeddable":true,"href":"https:\/\/boreait.com\/de\/wp-json\/wp\/v2\/media\/15607"}],"wp:attachment":[{"href":"https:\/\/boreait.com\/de\/wp-json\/wp\/v2\/media?parent=16407"}],"wp:term":[{"taxonomy":"product_brand","embeddable":true,"href":"https:\/\/boreait.com\/de\/wp-json\/wp\/v2\/product_brand?post=16407"},{"taxonomy":"product_cat","embeddable":true,"href":"https:\/\/boreait.com\/de\/wp-json\/wp\/v2\/product_cat?post=16407"},{"taxonomy":"product_tag","embeddable":true,"href":"https:\/\/boreait.com\/de\/wp-json\/wp\/v2\/product_tag?post=16407"}],"curies":[{"name":"wp","href":"https:\/\/api.w.org\/{rel}","templated":true}]}}