{"id":16404,"date":"2025-09-16T13:52:31","date_gmt":"2025-09-16T11:52:31","guid":{"rendered":"https:\/\/boreait.com\/de\/?post_type=product&#038;p=16404"},"modified":"2025-09-16T13:52:41","modified_gmt":"2025-09-16T11:52:41","slug":"lenovo-ideapad-3-14ada05-14-fhd-ips-matte-lcd-bildschirm-non-touch-neu","status":"publish","type":"product","link":"https:\/\/boreait.com\/de\/produkt\/lenovo-ideapad-3-14ada05-14-fhd-ips-matte-lcd-bildschirm-non-touch-neu\/","title":{"rendered":"Lenovo IdeaPad 3-14ADA05 14&#8243; FHD IPS Matte LCD-Bildschirm (Non-Touch) Neu"},"content":{"rendered":"<p><strong>Aktuelles LCD-Bildschirmmodell: N140HCA-ELK REV C.2 \u2013 VOLLST\u00c4NDIG KOMPATIBEL MIT DEM LAPTOP-BILDSCHIRM Lenovo IdeaPad 3-14ADA05 81W0 81W0003QUS<\/strong><\/p>\n<p>Aktualisieren oder ersetzen Sie Ihren Lenovo IdeaPad 3-14ADA05-Bildschirm mit diesem Premium-LCD-Display. Diese speziell f\u00fcr die Modelle 81W0 und 81W0003QUS entwickelte Version ohne Touch-Funktion bietet dank Full-HD-Aufl\u00f6sung (1920 x 1080) und IPS-Technologie au\u00dfergew\u00f6hnliche Klarheit und sorgt f\u00fcr lebendige Farben und gro\u00dfe Betrachtungswinkel.<\/p>\n<p>Die matte Oberfl\u00e4che reduziert Blendeffekte und sorgt so f\u00fcr ein angenehmes Seherlebnis \u2013 perfekt f\u00fcr Arbeit und Unterhaltung. Dieser Bildschirm wird ohne obere und untere Halterungen geliefert und verf\u00fcgt \u00fcber doppelseitiges Klebeband f\u00fcr eine einfache Montage. Dank des 30-poligen Anschlusses ist er mit verschiedenen Konfigurationen kompatibel.<\/p>\n<p>Hauptmerkmale:<\/p>\n<ul>\n<li><strong>Bildschirmgr\u00f6\u00dfe:<\/strong> 14 Zoll<\/li>\n<li><strong>Aufl\u00f6sung:<\/strong> Full HD (1920 x 1080)<\/li>\n<li><strong>Paneltyp:<\/strong> IPS (In-Plane Switching)<\/li>\n<li><strong>Oberfl\u00e4che:<\/strong> Matt, entspiegelt<\/li>\n<li><strong>Anschluss:<\/strong> 30-polig<\/li>\n<li><strong>Zustand:<\/strong> Neu<\/li>\n<\/ul>\n<p>Verleihen Sie Ihrem Laptop-Display neuen Glanz mit diesem hochwertigen Ersatzbildschirm, der f\u00fcr herausragende Leistung und Zuverl\u00e4ssigkeit sorgt.<\/p>\n","protected":false},"excerpt":{"rendered":"<p>Ersatz-LCD-Display f\u00fcr Lenovo IdeaPad 3-14ADA05 (ohne Touch). 14 Zoll Full HD (1920 x 1080) mattes IPS-Display mit 30-Pin-Anschluss. Doppelseitiges Klebeband im Lieferumfang enthalten. Neuwertig, einbaufertig.<\/p>\n<p>&nbsp;<\/p>\n","protected":false},"featured_media":15607,"template":"","meta":[],"product_brand":[],"product_cat":[98,95],"product_tag":[],"class_list":{"0":"post-16404","1":"product","2":"type-product","3":"status-publish","4":"has-post-thumbnail","6":"product_cat-14-new-laptop-screens-lcd-panels","7":"product_cat-new-laptop-screens-lcd-panels","9":"first","10":"instock","11":"taxable","12":"shipping-taxable","13":"purchasable","14":"product-type-simple"},"_links":{"self":[{"href":"https:\/\/boreait.com\/de\/wp-json\/wp\/v2\/product\/16404","targetHints":{"allow":["GET"]}}],"collection":[{"href":"https:\/\/boreait.com\/de\/wp-json\/wp\/v2\/product"}],"about":[{"href":"https:\/\/boreait.com\/de\/wp-json\/wp\/v2\/types\/product"}],"wp:featuredmedia":[{"embeddable":true,"href":"https:\/\/boreait.com\/de\/wp-json\/wp\/v2\/media\/15607"}],"wp:attachment":[{"href":"https:\/\/boreait.com\/de\/wp-json\/wp\/v2\/media?parent=16404"}],"wp:term":[{"taxonomy":"product_brand","embeddable":true,"href":"https:\/\/boreait.com\/de\/wp-json\/wp\/v2\/product_brand?post=16404"},{"taxonomy":"product_cat","embeddable":true,"href":"https:\/\/boreait.com\/de\/wp-json\/wp\/v2\/product_cat?post=16404"},{"taxonomy":"product_tag","embeddable":true,"href":"https:\/\/boreait.com\/de\/wp-json\/wp\/v2\/product_tag?post=16404"}],"curies":[{"name":"wp","href":"https:\/\/api.w.org\/{rel}","templated":true}]}}