{"id":16402,"date":"2025-09-16T13:52:31","date_gmt":"2025-09-16T11:52:31","guid":{"rendered":"https:\/\/boreait.com\/de\/?post_type=product&#038;p=16402"},"modified":"2025-09-16T13:52:41","modified_gmt":"2025-09-16T11:52:41","slug":"acer-swift-1-sf114-34-c1px-14-fhd-ips-lcd-bildschirm-matt-ohne-halterungen-neu","status":"publish","type":"product","link":"https:\/\/boreait.com\/de\/produkt\/acer-swift-1-sf114-34-c1px-14-fhd-ips-lcd-bildschirm-matt-ohne-halterungen-neu\/","title":{"rendered":"ACER Swift 1 SF114-34-C1PX 14&#8243; FHD IPS LCD-Bildschirm, matt, ohne Halterungen, neu"},"content":{"rendered":"<p><strong>Aktuelles LCD-Bildschirmmodell: N140HCA-ELK REV C.2 \u2013 VOLLST\u00c4NDIG KOMPATIBEL MIT DEM LAPTOP-BILDSCHIRM ACER SWIFT 1 SF114-34-C1PX<\/strong><\/p>\n<p>Ersetzen Sie den Bildschirm Ihres Acer Swift 1 SF114-34-C1PX durch dieses hochwertige 14-Zoll-FHD-LCD-Display. Die Version ohne Touch-Funktion besticht durch eine elegante, matte Oberfl\u00e4che und bietet mit einer Aufl\u00f6sung von 1920 x 1080 Pixeln hervorragende Klarheit und ein komfortables Seherlebnis. Dank fortschrittlicher IPS-Technologie bietet es lebendige Farben und weite Betrachtungswinkel. Dank 30-poligem Anschluss und ohne Halterungen l\u00e4sst es sich einfach in Ihr Ger\u00e4t integrieren. Doppelseitiges Klebeband sorgt f\u00fcr eine problemlose Installation. Perfekt f\u00fcr alle, die ein brandneues, zuverl\u00e4ssiges Display f\u00fcr ihr Acer Swift 1 Notebook suchen. Zustand: Neu.<\/p>\n","protected":false},"excerpt":{"rendered":"<p>Ersatz-LCD-Bildschirm f\u00fcr Acer Swift 1 SF114-34-C1PX, 14&#8243; FHD, IPS, matt. 30-polig, ohne Halterungen, doppelseitiges Klebeband im Lieferumfang enthalten. Neuzustand.<\/p>\n","protected":false},"featured_media":15607,"template":"","meta":[],"product_brand":[],"product_cat":[98,95],"product_tag":[],"class_list":{"0":"post-16402","1":"product","2":"type-product","3":"status-publish","4":"has-post-thumbnail","6":"product_cat-14-new-laptop-screens-lcd-panels","7":"product_cat-new-laptop-screens-lcd-panels","9":"first","10":"instock","11":"taxable","12":"shipping-taxable","13":"purchasable","14":"product-type-simple"},"_links":{"self":[{"href":"https:\/\/boreait.com\/de\/wp-json\/wp\/v2\/product\/16402","targetHints":{"allow":["GET"]}}],"collection":[{"href":"https:\/\/boreait.com\/de\/wp-json\/wp\/v2\/product"}],"about":[{"href":"https:\/\/boreait.com\/de\/wp-json\/wp\/v2\/types\/product"}],"wp:featuredmedia":[{"embeddable":true,"href":"https:\/\/boreait.com\/de\/wp-json\/wp\/v2\/media\/15607"}],"wp:attachment":[{"href":"https:\/\/boreait.com\/de\/wp-json\/wp\/v2\/media?parent=16402"}],"wp:term":[{"taxonomy":"product_brand","embeddable":true,"href":"https:\/\/boreait.com\/de\/wp-json\/wp\/v2\/product_brand?post=16402"},{"taxonomy":"product_cat","embeddable":true,"href":"https:\/\/boreait.com\/de\/wp-json\/wp\/v2\/product_cat?post=16402"},{"taxonomy":"product_tag","embeddable":true,"href":"https:\/\/boreait.com\/de\/wp-json\/wp\/v2\/product_tag?post=16402"}],"curies":[{"name":"wp","href":"https:\/\/api.w.org\/{rel}","templated":true}]}}