{"id":16398,"date":"2025-09-16T13:52:30","date_gmt":"2025-09-16T11:52:30","guid":{"rendered":"https:\/\/boreait.com\/de\/?post_type=product&#038;p=16398"},"modified":"2025-09-16T13:52:40","modified_gmt":"2025-09-16T11:52:40","slug":"hp-omen-16-k0-serie-lcd-bildschirm-fhd-144hz-161-matt-40-pin-neu","status":"publish","type":"product","link":"https:\/\/boreait.com\/de\/produkt\/hp-omen-16-k0-serie-lcd-bildschirm-fhd-144hz-161-matt-40-pin-neu\/","title":{"rendered":"HP OMEN 16 K0 Serie LCD Bildschirm FHD 144Hz 16,1&#8243; Matt 40 Pin Neu"},"content":{"rendered":"<p><strong>Aktuelles LCD-Bildschirmmodell: N161hma-gak REV. C3 oder n161hca-ga1 REV C.1 \u2013 VOLLST\u00c4NDIG KOMPATIBEL MIT LAPTOP-BILDSCHIRMEN DER HP OMEN 16 K0 \/ K00000 \/ K0xxxx-Serie<\/strong><\/p>\n<p>R\u00fcsten Sie Ihren Laptop der HP OMEN 16 K0-Serie mit diesem hochwertigen Ersatz-LCD-Bildschirm auf. Dieser Bildschirm wurde speziell f\u00fcr Modelle der 16-K0xxx-Reihe (ohne Touch-Funktion) entwickelt und bietet eine beeindruckende Full-HD-Aufl\u00f6sung mit 144 Hz f\u00fcr ein gestochen scharfes, fl\u00fcssiges Bilderlebnis \u2013 perfekt f\u00fcr Gaming, Arbeit oder Unterhaltung.<\/p>\n<p>Die matte Oberfl\u00e4che reduziert Blendeffekte und Reflexionen und sorgt so f\u00fcr optimalen Sehkomfort bei unterschiedlichen Lichtverh\u00e4ltnissen. Das 16,1-Zoll-Display bietet eine Helligkeit von 250 Nits und liefert lebendige Farben und gestochen scharfe Details. Dieser Bildschirm ist mit einem 40-poligen Anschluss kompatibel, l\u00e4sst sich einfach installieren und wird mit doppelseitigem Klebeband f\u00fcr eine sichere Befestigung geliefert.<\/p>\n<p>Hauptmerkmale:<\/p>\n<ul>\n<li><strong>Kompatibilit\u00e4t:<\/strong> HP OMEN 16 K0 Serie (ohne Touch) Modelle wie 16-K0000CA, 16-K0000CI, 16-K0000NA und andere.<\/li>\n<li><strong>Bildschirmgr\u00f6\u00dfe:<\/strong> 16,1 Zoll<\/li>\n<li><strong>Aufl\u00f6sung:<\/strong> Full HD (1920 x 1080)<\/li>\n<li><strong>Bildwiederholfrequenz:<\/strong> 144 Hz<\/li>\n<li><strong>Helligkeit:<\/strong> 250 Nits<\/li>\n<li><strong>Oberfl\u00e4che:<\/strong> Matt (entspiegelt)<\/li>\n<li><strong>Anschluss:<\/strong> 40-polig<\/li>\n<li><strong>Zustand:<\/strong> Neuware<\/li>\n<li><strong>Zus\u00e4tzliches Zubeh\u00f6r:<\/strong> Inklusive doppelseitigem Klebeband f\u00fcr eine einfache Montage.<\/li>\n<\/ul>\n<p>Bitte beachten: Dieser LCD-Bildschirm wird ohne obere und untere Halterung geliefert.<\/p>\n<p>Stellen Sie die urspr\u00fcngliche Leistung Ihres Laptops wieder her und genie\u00dfen Sie ein hochwertiges Display mit diesem Ersatzbildschirm, der h\u00f6chsten Standards entspricht.<\/p>\n<p><strong>Liste einiger kompatibler Laptops:\u00a0\u00a0<\/strong><\/p>\n<p>16-K0000CA, 16-K0000CI, 16-K0000NA, 16-K0000NB, 16-K0000NE, 16-K0000NF, 16-K0000NH, 16-K0000NI, 16-K0000NIA, 16-K0000NK, 16-K0000NM, 16-K0000NN, 16-K0000NQ, 16-K0000NX, 16-K0000NY, 16-K0000SA, 16-K0000SF, 16-K0000UA, 16-K0000UR, 16-K0001CI, 16-K0001NA, 16-K0001NC, 16-K0001NE, 16-K0001NF, 16-K0001NI, 16-K0001NIA, 16-K0001NK, 16-K0001NM, 16-K0001NQ, 16-K0001NS, 16-K0001NT, 16-K0001NX, 16-K0001SA, 16-K0001UA, 16-K0001UR, 16-K0002CI, 16-K0002NA, 16-K0002NE, 16-K0002NI, 16-K0002NK, 16-K0002NL, 16-K0002NM, 16-K0002NQ, 16-K0002NS, 16-K0002NT, 16-K0002NV, 16-K0002NX, 16-K0002NY, 16-K0002UA, 16-K0003CI, 16-K0003NA, 16-K0003NE, 16-K0003NI, 16-K0003NK, 16-K0003NL, 16-K0003NM, 16-K0003NN, 16-K0003NQ, 16-K0003NS, 16-K0003NT, 16-K0003NX, 16-K0003NY, 16-K0004CI, 16-K0004NA, 16-K0004NE, 16-K0004NM, 16-K0004NP, 16-K0004NQ, 16-K0004NT, \u200b\u200b16-K0004NV, 16-K0004NW, 16-K0004NX, 16-K0004UA, 16-K0005NA, 16-K0005NE, 16-K0005NF, 16-K0005NK, 16-K0005NL, 16-K0005NM, 16-K0005NQ, 16-K0005NT, 16-K0005NX, 16-K0006NB, 16-K0006NE, 16-K0006NIA, 16-K0006NK, 16-K0006NL, 16-K0006NM, 16-K0006NN, 16-K0006NQ, 16-K0006NT, 16-K0006NY, 16-K0007NA, 16-K0007NE, 16-K0007NK, 16-K0007NL, 16-K0007NM, 16-K0007NQ, 16-K0007NS, 16-k0033dx, 16-k0750nw, 16-k0013dx, 16-k0010nt<\/p>\n","protected":false},"excerpt":{"rendered":"<p>Ersatz-LCD-Bildschirm f\u00fcr Laptops der HP OMEN 16 K0-Serie. Mit 16,1-Zoll-FHD-Display, 144 Hz Bildwiederholfrequenz, matter Oberfl\u00e4che, 250 Nits Helligkeit, 40-Pin-Anschluss und Klebeband. Kompatibel mit verschiedenen 16-K0xxx-Modellen. Zustand: Neu.<\/p>\n","protected":false},"featured_media":15670,"template":"","meta":[],"product_brand":[],"product_cat":[107,95],"product_tag":[61],"class_list":{"0":"post-16398","1":"product","2":"type-product","3":"status-publish","4":"has-post-thumbnail","6":"product_cat-16-1","7":"product_cat-new-laptop-screens-lcd-panels","8":"product_tag-hp","10":"first","11":"instock","12":"taxable","13":"shipping-taxable","14":"purchasable","15":"product-type-simple"},"_links":{"self":[{"href":"https:\/\/boreait.com\/de\/wp-json\/wp\/v2\/product\/16398","targetHints":{"allow":["GET"]}}],"collection":[{"href":"https:\/\/boreait.com\/de\/wp-json\/wp\/v2\/product"}],"about":[{"href":"https:\/\/boreait.com\/de\/wp-json\/wp\/v2\/types\/product"}],"wp:featuredmedia":[{"embeddable":true,"href":"https:\/\/boreait.com\/de\/wp-json\/wp\/v2\/media\/15670"}],"wp:attachment":[{"href":"https:\/\/boreait.com\/de\/wp-json\/wp\/v2\/media?parent=16398"}],"wp:term":[{"taxonomy":"product_brand","embeddable":true,"href":"https:\/\/boreait.com\/de\/wp-json\/wp\/v2\/product_brand?post=16398"},{"taxonomy":"product_cat","embeddable":true,"href":"https:\/\/boreait.com\/de\/wp-json\/wp\/v2\/product_cat?post=16398"},{"taxonomy":"product_tag","embeddable":true,"href":"https:\/\/boreait.com\/de\/wp-json\/wp\/v2\/product_tag?post=16398"}],"curies":[{"name":"wp","href":"https:\/\/api.w.org\/{rel}","templated":true}]}}