{"id":16397,"date":"2025-09-16T13:52:30","date_gmt":"2025-09-16T11:52:30","guid":{"rendered":"https:\/\/boreait.com\/de\/?post_type=product&#038;p=16397"},"modified":"2025-09-16T13:52:40","modified_gmt":"2025-09-16T11:52:40","slug":"161-zoll-lcd-bildschirm-fuer-hp-omen-16-xd-serie-fhd-144-hz-matt-40-polig-ohne-touch","status":"publish","type":"product","link":"https:\/\/boreait.com\/de\/produkt\/161-zoll-lcd-bildschirm-fuer-hp-omen-16-xd-serie-fhd-144-hz-matt-40-polig-ohne-touch\/","title":{"rendered":"16,1-Zoll-LCD-Bildschirm f\u00fcr HP OMEN 16 xd-Serie \u2013 FHD 144 Hz, matt, 40-polig, ohne Touch"},"content":{"rendered":"<p><strong>Aktuelles LCD-Bildschirmmodell: N161hma-gak REV. C3 oder n161hca-ga1 REV C.1 \u2013 VOLLST\u00c4NDIG KOMPATIBEL MIT LAPTOP-BILDSCHIRMEN DER HP OMEN 16 B0 \/ b00000 \/ b0xxxx-Serie<\/strong><\/p>\n<p>R\u00fcsten Sie Ihren Laptop der HP OMEN 16-Serie mit unserem hochwertigen LCD-Ersatzbildschirm auf. Dieses 16,1-Zoll-Display ohne Touch-Funktion wurde f\u00fcr die <strong>HP OMEN 16 xd \/ xd0000 \/ xdxxxx-Serie<\/strong> entwickelt und bietet hervorragende Leistung und Kompatibilit\u00e4t mit Modellen wie <strong>16-B0000NC, 16-B0000NE, 16-B0000NH, 16-B0000NI<\/strong> und vielen weiteren Modellen dieser Serie.<\/p>\n<p>Mit einer <strong>Full-HD-Aufl\u00f6sung (1920 x 1080)<\/strong> bietet dieser matte Bildschirm dank seiner <strong>144-Hz-F\u00e4higkeit<\/strong> ein atemberaubendes visuelles Erlebnis mit lebendigen Farben und fl\u00fcssigen Bildwiederholraten. Ob beim Spielen, Streamen oder Arbeiten \u2013 genie\u00dfen Sie nahtlose Bilder ohne Blendeffekte. Mit einer Helligkeit von <strong>250 Nits<\/strong> liefert er klare Bilder bei unterschiedlichen Lichtverh\u00e4ltnissen.<\/p>\n<p>Wichtige Details:<\/p>\n<ul>\n<li><strong>Gr\u00f6\u00dfe<\/strong>: 16,1 Zoll<\/li>\n<li><strong>Aufl\u00f6sung<\/strong>: FHD (1920 x 1080)<\/li>\n<li><strong>Bildwiederholfrequenz<\/strong>: 144 Hz<\/li>\n<li><strong>Helligkeit<\/strong>: 250 Nits<\/li>\n<li><strong>Oberfl\u00e4che<\/strong>: Matt<\/li>\n<li><strong>Anschluss<\/strong>: 40-polig<\/li>\n<li><strong>Zustand<\/strong>: Neu<\/li>\n<\/ul>\n<p>Dieser Ersatzbildschirm wird ohne obere und untere Halterungen geliefert und ist daher leicht und einfach zu installieren. <strong>Doppelseitiges Klebeband<\/strong> sorgt f\u00fcr sicheren Halt und eine professionelle und langlebige Montage. Dieser Bildschirm ist auf Leistung und Zuverl\u00e4ssigkeit ausgelegt und eignet sich perfekt f\u00fcr Gamer, Kreative und Profis.<\/p>\n<p>Kompatibel mit einer Vielzahl von HP OMEN 16-Modellen der Serie (ohne Touch-Funktion). \u00dcberpr\u00fcfen Sie vor dem Kauf die Spezifikationen Ihres Laptops, um die Kompatibilit\u00e4t zu best\u00e4tigen.<\/p>\n<p><strong>Liste einiger kompatibler Laptops:\u00a0\u00a0<\/strong><\/p>\n<p>16-B0000NC, 16-B0000NE, 16-B0000NH, 16-B0000NI, 16-B0000NJ, 16-B0000NK, 16-B0000NL, 16-B0000NS, 16-B0000NV, 16-B0000NX, 16-B0000NY, 16-B0000TX, 16-B0000UR, 16-B0001NB, 16-B0001NC, 16-B0001NE, 16-B0001NH, 16-B0001NI, 16-B0001NIA, 16-B0001NJ, 16-B0001NK, 16-B0001NT, 16-B0001NV, 16-B0001NX, 16-B0001TX, 16-B0001UR, 16-B0002NB, 16-B0002NC, 16-B0002NE, 16-B0002NH, 16-B0002NI, 16-B0002NJ, 16-B0002NK, 16-B0002NL, 16-B0002NM, 16-B0002NS, 16-B0002NT, 16-B0002NV, 16-B0002NX<\/p>\n<p>, 16-B0002NY, 16-B0002TX, 16-B0003NE, 16-B0003NH, 16-B0003NI, 16-B0003NIA, 16-B0003NJ, 16-B0003NM, 16-B0003NT, 16-B0003NX, 16-B0003TX, 16-B0003UR, 16-B0004NA, 16-B0004NH, 16-B0004NI, 16-B0004NJ, 16-B0004NL, 16-B0004NQ, 16-B0004NV, 16-B0004NX, 16-B0004NY, 16-B0004TX, 16-B0005DX, 16-B0005NE, 16-B0005NH, 16-B0005NJ, 16-B0005NK, 16-B0005NL, 16-B0005NO, 16-B0005NP, 16-B0005NQ, 16-B0005NU, 16-B0005NV, 16-B0005NX, 16-B0005TX, 16-B0006NB, 16-B0006NH, 16-B0006NS, 16-B0006NT, 16-B0006NV, 16-B0006NX, 16-B0006TX, 16-B0007NE, 16-B0007NIA, 16-B0007NJ, 16-B0007NL, 16-B0007NM, 16-B0007NP, 16-B0007NQ, 16-B0007NV, 16-B0007NX, 16-B0007TX, 16-B0007UR, 16-B0008CA, 16-B0008NA, 16-B0008NK, 16-B0008NO, 16-B0008NQ, 16-B0008NX, 16-B0008TX, 16-b0012nl, 16-b0013nl, 16-b0013dx, 16-b0351tx, 16-b0509la, 16-b0009na,<\/p>\n","protected":false},"excerpt":{"rendered":"<p>Hochwertiger 16,1-Zoll-FHD-LCD-Bildschirm mit matter Bildschirmdiagonale f\u00fcr Laptops der HP OMEN 16 xd-Serie. Mit <strong>144 Hz Bildwiederholfrequenz<\/strong>, <strong>250 Nits Helligkeit<\/strong> und <strong>40-poligem Anschluss<\/strong>. Wird mit doppelseitigem Klebeband f\u00fcr eine einfache Installation geliefert. Kompatibel mit Modellen ohne Touch-Funktion wie 16-B0000NC, 16-B0000NE und anderen.<\/p>\n","protected":false},"featured_media":15670,"template":"","meta":[],"product_brand":[],"product_cat":[107,95],"product_tag":[61],"class_list":{"0":"post-16397","1":"product","2":"type-product","3":"status-publish","4":"has-post-thumbnail","6":"product_cat-16-1","7":"product_cat-new-laptop-screens-lcd-panels","8":"product_tag-hp","10":"first","11":"instock","12":"taxable","13":"shipping-taxable","14":"purchasable","15":"product-type-simple"},"_links":{"self":[{"href":"https:\/\/boreait.com\/de\/wp-json\/wp\/v2\/product\/16397","targetHints":{"allow":["GET"]}}],"collection":[{"href":"https:\/\/boreait.com\/de\/wp-json\/wp\/v2\/product"}],"about":[{"href":"https:\/\/boreait.com\/de\/wp-json\/wp\/v2\/types\/product"}],"wp:featuredmedia":[{"embeddable":true,"href":"https:\/\/boreait.com\/de\/wp-json\/wp\/v2\/media\/15670"}],"wp:attachment":[{"href":"https:\/\/boreait.com\/de\/wp-json\/wp\/v2\/media?parent=16397"}],"wp:term":[{"taxonomy":"product_brand","embeddable":true,"href":"https:\/\/boreait.com\/de\/wp-json\/wp\/v2\/product_brand?post=16397"},{"taxonomy":"product_cat","embeddable":true,"href":"https:\/\/boreait.com\/de\/wp-json\/wp\/v2\/product_cat?post=16397"},{"taxonomy":"product_tag","embeddable":true,"href":"https:\/\/boreait.com\/de\/wp-json\/wp\/v2\/product_tag?post=16397"}],"curies":[{"name":"wp","href":"https:\/\/api.w.org\/{rel}","templated":true}]}}