{"id":16396,"date":"2025-09-16T13:52:29","date_gmt":"2025-09-16T11:52:29","guid":{"rendered":"https:\/\/boreait.com\/de\/?post_type=product&#038;p=16396"},"modified":"2025-09-16T13:52:40","modified_gmt":"2025-09-16T11:52:40","slug":"14-lenovo-lcd-bildschirm-5d10w73203-5d10r41286-fhd-ips-matt-30-pin-neu","status":"publish","type":"product","link":"https:\/\/boreait.com\/de\/produkt\/14-lenovo-lcd-bildschirm-5d10w73203-5d10r41286-fhd-ips-matt-30-pin-neu\/","title":{"rendered":"14&#8243; Lenovo LCD Bildschirm 5D10W73203, 5D10R41286 FHD IPS Matt, 30-Pin, Neu"},"content":{"rendered":"<p><strong>Aktuelles LCD-Bildschirmmodell: N140HCA-ELK REV C.2 \u2013 VOLLST\u00c4NDIG KOMPATIBEL MIT LAPTOP-BILDSCHIRMEN Lenovo PN 5D10W73203, 5D10R41286<\/strong><\/p>\n<p>Dieser brandneue 14-Zoll-LCD-Bildschirm von Lenovo (Teilenummer 5D10W73203 und 5D10R41286) ist auf Pr\u00e4zision und Zuverl\u00e4ssigkeit ausgelegt und bietet Full-HD-Aufl\u00f6sung (1920 x 1080) mit einem hochwertigen, matten IPS-Display. Er eignet sich ideal als Ersatz oder Upgrade. Er ist in einer Version ohne Touch-Funktion erh\u00e4ltlich und verf\u00fcgt \u00fcber einen 30-Pin-Anschluss. Der Bildschirm ist frei von oberen und unteren Halterungen und gew\u00e4hrleistet so eine nahtlose und schlanke Passform. Im Lieferumfang ist au\u00dferdem doppelseitiges Klebeband enthalten, das die Installation vereinfacht. Dieser Bildschirm ist ein Original-Ersatzteil, neu und unbenutzt und entspricht den hohen Lenovo-Standards.<\/p>\n","protected":false},"excerpt":{"rendered":"<p>Brandneuer 14-Zoll-LCD-Bildschirm von Lenovo (PN: 5D10W73203, 5D10R41286) mit mattem FHD-IPS-Display. 30-polige, nicht ber\u00fchrungsempfindliche Version mit doppelseitigem Klebeband. Perfekter Ersatz f\u00fcr Ihren Laptop.<\/p>\n","protected":false},"featured_media":15607,"template":"","meta":[],"product_brand":[],"product_cat":[98,95],"product_tag":[],"class_list":{"0":"post-16396","1":"product","2":"type-product","3":"status-publish","4":"has-post-thumbnail","6":"product_cat-14-new-laptop-screens-lcd-panels","7":"product_cat-new-laptop-screens-lcd-panels","9":"first","10":"instock","11":"taxable","12":"shipping-taxable","13":"purchasable","14":"product-type-simple"},"_links":{"self":[{"href":"https:\/\/boreait.com\/de\/wp-json\/wp\/v2\/product\/16396","targetHints":{"allow":["GET"]}}],"collection":[{"href":"https:\/\/boreait.com\/de\/wp-json\/wp\/v2\/product"}],"about":[{"href":"https:\/\/boreait.com\/de\/wp-json\/wp\/v2\/types\/product"}],"wp:featuredmedia":[{"embeddable":true,"href":"https:\/\/boreait.com\/de\/wp-json\/wp\/v2\/media\/15607"}],"wp:attachment":[{"href":"https:\/\/boreait.com\/de\/wp-json\/wp\/v2\/media?parent=16396"}],"wp:term":[{"taxonomy":"product_brand","embeddable":true,"href":"https:\/\/boreait.com\/de\/wp-json\/wp\/v2\/product_brand?post=16396"},{"taxonomy":"product_cat","embeddable":true,"href":"https:\/\/boreait.com\/de\/wp-json\/wp\/v2\/product_cat?post=16396"},{"taxonomy":"product_tag","embeddable":true,"href":"https:\/\/boreait.com\/de\/wp-json\/wp\/v2\/product_tag?post=16396"}],"curies":[{"name":"wp","href":"https:\/\/api.w.org\/{rel}","templated":true}]}}